{"id":1870,"date":"2020-05-01T17:09:30","date_gmt":"2020-05-01T15:09:30","guid":{"rendered":"https:\/\/lebrascommunication.fr\/ventes\/produit\/micro-deporte-6\/"},"modified":"2025-12-24T11:42:32","modified_gmt":"2025-12-24T10:42:32","slug":"micro-deporte-6","status":"publish","type":"product","link":"https:\/\/lebrascommunication.fr\/ventes\/produit\/micro-deporte-6\/","title":{"rendered":"Micro d\u00e9port\u00e9"},"content":{"rendered":"<p>Micro-Haut parleur d\u00e9port\u00e9 petit mod\u00e8le pour les gammes de talkies DP2000, DP3441, DP3661 ainsi que les versions \u00ab\u00a0e\u00a0\u00bb.<\/p>\n<p><strong>Caract\u00e9ristiques :<\/strong><\/p>\n<ul>\n<li>Connecteur pour oreillette :\u00a0non<\/li>\n<li>Bouton programmable : non<\/li>\n<li>Bouton de volume : non<\/li>\n<li>Technologie de r\u00e9duction du bruit de fond : oui (notamment en cas de vent)<\/li>\n<li>Indice de protection : IP54<\/li>\n<li>Standard de s\u00e9curit\u00e9 intrins\u00e8que : UL-TIA4950 avec les s\u00e9ries DP2000e<\/li>\n<\/ul>\n","protected":false},"excerpt":{"rendered":"<p>Micro-Haut parleur d\u00e9port\u00e9 petit mod\u00e8le, pour les gammes de talkies DP2000, DP3441, DP3661 ainsi que les versions \u00ab\u00a0e\u00a0\u00bb.<\/p>\n","protected":false},"featured_media":705,"template":"","meta":[],"product_brand":[3074],"product_cat":[3177,3179,3163],"product_tag":[3203,3174,3193,3241],"class_list":{"0":"post-1870","1":"product","2":"type-product","3":"status-publish","4":"has-post-thumbnail","6":"product_brand-motorola","7":"product_cat-r5-dp2000e","8":"product_cat-dp3000e","9":"product_cat-accessoires-talkies-motorola","10":"product_tag-dp2000","11":"product_tag-dp3441","12":"product_tag-dp3661","13":"product_tag-micro-deporte","15":"first","16":"instock","17":"shipping-taxable","18":"purchasable","19":"product-type-simple"},"_links":{"self":[{"href":"https:\/\/lebrascommunication.fr\/ventes\/wp-json\/wp\/v2\/product\/1870","targetHints":{"allow":["GET"]}}],"collection":[{"href":"https:\/\/lebrascommunication.fr\/ventes\/wp-json\/wp\/v2\/product"}],"about":[{"href":"https:\/\/lebrascommunication.fr\/ventes\/wp-json\/wp\/v2\/types\/product"}],"wp:featuredmedia":[{"embeddable":true,"href":"https:\/\/lebrascommunication.fr\/ventes\/wp-json\/wp\/v2\/media\/705"}],"wp:attachment":[{"href":"https:\/\/lebrascommunication.fr\/ventes\/wp-json\/wp\/v2\/media?parent=1870"}],"wp:term":[{"taxonomy":"product_brand","embeddable":true,"href":"https:\/\/lebrascommunication.fr\/ventes\/wp-json\/wp\/v2\/product_brand?post=1870"},{"taxonomy":"product_cat","embeddable":true,"href":"https:\/\/lebrascommunication.fr\/ventes\/wp-json\/wp\/v2\/product_cat?post=1870"},{"taxonomy":"product_tag","embeddable":true,"href":"https:\/\/lebrascommunication.fr\/ventes\/wp-json\/wp\/v2\/product_tag?post=1870"}],"curies":[{"name":"wp","href":"https:\/\/api.w.org\/{rel}","templated":true}]}}