{"id":1869,"date":"2020-05-01T16:14:18","date_gmt":"2020-05-01T14:14:18","guid":{"rendered":"https:\/\/lebrascommunication.fr\/ventes\/produit\/casque-robuste-3\/"},"modified":"2025-12-24T12:05:52","modified_gmt":"2025-12-24T11:05:52","slug":"casque-robuste-3","status":"publish","type":"product","link":"https:\/\/lebrascommunication.fr\/ventes\/produit\/casque-robuste-3\/","title":{"rendered":"Casque robuste r\u00e9ducteur de bruits UL-TIA"},"content":{"rendered":"<p>Casque robuste avec\u00a0r\u00e9ducteur de bruit pour s\u00e9ries DP2000, DP3441, DP3441e et DP3661e\u00a0avec norme UL-TIA4950 (pour les s\u00e9ries DP2000 uniquement)<\/p>\n<p><strong>Caract\u00e9ristiques :<\/strong><\/p>\n<ul>\n<li>Reception des deux oreilles<\/li>\n<li>Transmission :\u00a0microphone<\/li>\n<li>Alternat (Push To Talk) :\u00a0oui en ligne<\/li>\n<li>D\u00e9clenchement par la voix (VOX) : oui\u00a0\u00a0(pas de commutateur VOX mais capable de prendre en charge la fonction VOX lorsqu&rsquo;elle est activ\u00e9e dans la radio)<\/li>\n<li>R\u00e9ducteur de bruit : 24dB<\/li>\n<li>Nombre de fils : 1<\/li>\n<li>Couleur : Noir<\/li>\n<li>IP54<\/li>\n<li>Standard de s\u00e9curit\u00e9 intrins\u00e8que :\u00a0\u00a0UL-TIA4950 pour la s\u00e9rie DP2000 uniquement<\/li>\n<\/ul>\n","protected":false},"excerpt":{"rendered":"<p>Casque robuste avec\u00a0r\u00e9ducteur de bruit pour s\u00e9ries DP2000, DP3441, DP3441e et DP3661e avec norme UL-TIA4950 (pour les s\u00e9ries DP2000 uniquement)<\/p>\n","protected":false},"featured_media":3607,"template":"","meta":[],"product_brand":[3074],"product_cat":[3179,3163],"product_tag":[3226,3174,3249,3193,3250],"class_list":{"0":"post-1869","1":"product","2":"type-product","3":"status-publish","4":"has-post-thumbnail","6":"product_brand-motorola","7":"product_cat-dp3000e","8":"product_cat-accessoires-talkies-motorola","9":"product_tag-casque","10":"product_tag-dp3441","11":"product_tag-dp3441e","12":"product_tag-dp3661","13":"product_tag-dp3661e","15":"first","16":"instock","17":"shipping-taxable","18":"purchasable","19":"product-type-simple"},"_links":{"self":[{"href":"https:\/\/lebrascommunication.fr\/ventes\/wp-json\/wp\/v2\/product\/1869","targetHints":{"allow":["GET"]}}],"collection":[{"href":"https:\/\/lebrascommunication.fr\/ventes\/wp-json\/wp\/v2\/product"}],"about":[{"href":"https:\/\/lebrascommunication.fr\/ventes\/wp-json\/wp\/v2\/types\/product"}],"wp:featuredmedia":[{"embeddable":true,"href":"https:\/\/lebrascommunication.fr\/ventes\/wp-json\/wp\/v2\/media\/3607"}],"wp:attachment":[{"href":"https:\/\/lebrascommunication.fr\/ventes\/wp-json\/wp\/v2\/media?parent=1869"}],"wp:term":[{"taxonomy":"product_brand","embeddable":true,"href":"https:\/\/lebrascommunication.fr\/ventes\/wp-json\/wp\/v2\/product_brand?post=1869"},{"taxonomy":"product_cat","embeddable":true,"href":"https:\/\/lebrascommunication.fr\/ventes\/wp-json\/wp\/v2\/product_cat?post=1869"},{"taxonomy":"product_tag","embeddable":true,"href":"https:\/\/lebrascommunication.fr\/ventes\/wp-json\/wp\/v2\/product_tag?post=1869"}],"curies":[{"name":"wp","href":"https:\/\/api.w.org\/{rel}","templated":true}]}}