{"id":1862,"date":"2020-05-01T15:22:52","date_gmt":"2020-05-01T13:22:52","guid":{"rendered":"https:\/\/lebrascommunication.fr\/ventes\/produit\/micro-casque-leger-6\/"},"modified":"2025-12-24T12:03:04","modified_gmt":"2025-12-24T11:03:04","slug":"micro-casque-leger-6","status":"publish","type":"product","link":"https:\/\/lebrascommunication.fr\/ventes\/produit\/micro-casque-leger-6\/","title":{"rendered":"Micro casque Mag One UL-TIA"},"content":{"rendered":"<p>Micro casque Mag One l\u00e9ger pour s\u00e9ries DP2000, DP3441, DP3441e et DP3661e<\/p>\n<p><strong>Caract\u00e9ristiques :<\/strong><\/p>\n<ul>\n<li>Utilisation : Re\u00e7oit et transmet<\/li>\n<li>R\u00e9ception: sur une oreille<\/li>\n<li>Alternat (Push To Talk) :\u00a0oui en ligne<\/li>\n<li>D\u00e9clenchement par la voix (VOX) : oui<\/li>\n<li>Micro : oui<\/li>\n<li>Nombre de fils : 1<\/li>\n<li>Couleur : Noir<\/li>\n<li>Standard de s\u00e9curit\u00e9 intrins\u00e8que : UL-TIA4950 pour la s\u00e9rie DP2000 uniquement<\/li>\n<\/ul>\n<p>Remarque : La garantie Mag One n&rsquo;est valable que 6 mois<\/p>\n","protected":false},"excerpt":{"rendered":"<p>Micro casque Mag One l\u00e9ger pour s\u00e9ries DP2000, DP3441, DP3441e et DP3661e<\/p>\n<p>Norme UL-TIA4950 (pour la s\u00e9rie DP2000 uniquement)<\/p>\n","protected":false},"featured_media":3570,"template":"","meta":[],"product_brand":[3074],"product_cat":[3177,3179,3163],"product_tag":[3203,3174,3249,3250,3255,3254],"class_list":{"0":"post-1862","1":"product","2":"type-product","3":"status-publish","4":"has-post-thumbnail","6":"product_brand-motorola","7":"product_cat-r5-dp2000e","8":"product_cat-dp3000e","9":"product_cat-accessoires-talkies-motorola","10":"product_tag-dp2000","11":"product_tag-dp3441","12":"product_tag-dp3441e","13":"product_tag-dp3661e","14":"product_tag-magone","15":"product_tag-micro-casque","17":"first","18":"instock","19":"shipping-taxable","20":"purchasable","21":"product-type-simple"},"_links":{"self":[{"href":"https:\/\/lebrascommunication.fr\/ventes\/wp-json\/wp\/v2\/product\/1862","targetHints":{"allow":["GET"]}}],"collection":[{"href":"https:\/\/lebrascommunication.fr\/ventes\/wp-json\/wp\/v2\/product"}],"about":[{"href":"https:\/\/lebrascommunication.fr\/ventes\/wp-json\/wp\/v2\/types\/product"}],"wp:featuredmedia":[{"embeddable":true,"href":"https:\/\/lebrascommunication.fr\/ventes\/wp-json\/wp\/v2\/media\/3570"}],"wp:attachment":[{"href":"https:\/\/lebrascommunication.fr\/ventes\/wp-json\/wp\/v2\/media?parent=1862"}],"wp:term":[{"taxonomy":"product_brand","embeddable":true,"href":"https:\/\/lebrascommunication.fr\/ventes\/wp-json\/wp\/v2\/product_brand?post=1862"},{"taxonomy":"product_cat","embeddable":true,"href":"https:\/\/lebrascommunication.fr\/ventes\/wp-json\/wp\/v2\/product_cat?post=1862"},{"taxonomy":"product_tag","embeddable":true,"href":"https:\/\/lebrascommunication.fr\/ventes\/wp-json\/wp\/v2\/product_tag?post=1862"}],"curies":[{"name":"wp","href":"https:\/\/api.w.org\/{rel}","templated":true}]}}