{"id":1855,"date":"2020-05-01T14:41:48","date_gmt":"2020-05-01T12:41:48","guid":{"rendered":"https:\/\/lebrascommunication.fr\/ventes\/produit\/micro-casque-leger-5\/"},"modified":"2025-12-24T12:00:08","modified_gmt":"2025-12-24T11:00:08","slug":"micro-casque-leger-5","status":"publish","type":"product","link":"https:\/\/lebrascommunication.fr\/ventes\/produit\/micro-casque-leger-5\/","title":{"rendered":"Micro casque \u00e0 conduction osseuse"},"content":{"rendered":"<p>Micro casque \u00e0 conduction osseuse et r\u00e9ducteur de bruit pour s\u00e9ries DP2000, DP3441, DP3441e et DP3661e<\/p>\n<p><strong>Caract\u00e9ristiques :<\/strong><\/p>\n<ul>\n<li>Reception\u00a0:\u00a0osseuse<\/li>\n<li>Transmission :\u00a0microphone<\/li>\n<li>Alternat (Push To Talk) :\u00a0oui en ligne<\/li>\n<li>D\u00e9clenchement par la voix (VOX) : oui<\/li>\n<li>Micro : oui<\/li>\n<li>Nombre de fils : 1<\/li>\n<li>Couleur : Noir<\/li>\n<li>Standard de s\u00e9curit\u00e9 intrins\u00e8que :\u00a0non<\/li>\n<\/ul>\n","protected":false},"excerpt":{"rendered":"<p>Micro casque \u00e0 conduction osseuse et r\u00e9ducteur de bruit pour s\u00e9ries DP2000, DP3441, DP3441e et DP3661e<\/p>\n","protected":false},"featured_media":3565,"template":"","meta":[],"product_brand":[3074],"product_cat":[3177,3179,3163],"product_tag":[3203,3174,3249,3250,3254],"class_list":{"0":"post-1855","1":"product","2":"type-product","3":"status-publish","4":"has-post-thumbnail","6":"product_brand-motorola","7":"product_cat-r5-dp2000e","8":"product_cat-dp3000e","9":"product_cat-accessoires-talkies-motorola","10":"product_tag-dp2000","11":"product_tag-dp3441","12":"product_tag-dp3441e","13":"product_tag-dp3661e","14":"product_tag-micro-casque","16":"first","17":"instock","18":"shipping-taxable","19":"purchasable","20":"product-type-simple"},"_links":{"self":[{"href":"https:\/\/lebrascommunication.fr\/ventes\/wp-json\/wp\/v2\/product\/1855","targetHints":{"allow":["GET"]}}],"collection":[{"href":"https:\/\/lebrascommunication.fr\/ventes\/wp-json\/wp\/v2\/product"}],"about":[{"href":"https:\/\/lebrascommunication.fr\/ventes\/wp-json\/wp\/v2\/types\/product"}],"wp:featuredmedia":[{"embeddable":true,"href":"https:\/\/lebrascommunication.fr\/ventes\/wp-json\/wp\/v2\/media\/3565"}],"wp:attachment":[{"href":"https:\/\/lebrascommunication.fr\/ventes\/wp-json\/wp\/v2\/media?parent=1855"}],"wp:term":[{"taxonomy":"product_brand","embeddable":true,"href":"https:\/\/lebrascommunication.fr\/ventes\/wp-json\/wp\/v2\/product_brand?post=1855"},{"taxonomy":"product_cat","embeddable":true,"href":"https:\/\/lebrascommunication.fr\/ventes\/wp-json\/wp\/v2\/product_cat?post=1855"},{"taxonomy":"product_tag","embeddable":true,"href":"https:\/\/lebrascommunication.fr\/ventes\/wp-json\/wp\/v2\/product_tag?post=1855"}],"curies":[{"name":"wp","href":"https:\/\/api.w.org\/{rel}","templated":true}]}}