{"id":1851,"date":"2017-10-30T16:38:27","date_gmt":"2017-10-30T15:38:27","guid":{"rendered":"https:\/\/lebrascommunication.fr\/ventes\/produit\/ic-m605euro\/"},"modified":"2026-02-19T16:09:47","modified_gmt":"2026-02-19T15:09:47","slug":"ic-m605euro","status":"publish","type":"product","link":"https:\/\/lebrascommunication.fr\/ventes\/produit\/ic-m605euro\/","title":{"rendered":"IC-M605EURO"},"content":{"rendered":"<p><strong>VHF fixe \u00e9tanche avec GPS, r\u00e9cepteur AIS et connectivit\u00e9 NMEA2000, ASN classe D, 25W, fonction \u00ab\u00a0aquaQuake\u00a0\u00bb<br \/>\n<\/strong><\/p>\n<p><strong>Caract\u00e9ristiques:<\/strong><\/p>\n<ul>\n<li>R\u00e9cepteur GPSN (GPS, GLONASS, SBAS)<\/li>\n<\/ul>\n<ul>\n<li>R\u00e9cepteur AIS int\u00e9gr\u00e9 : Le r\u00e9cepteur AIS int\u00e9gr\u00e9 permet de visualiser le trafic maritime directement sur l&rsquo;\u00e9cran. La fonction \u00ab\u00a0AIS target call\u00a0\u00bb permet de s\u00e9lectionner facilement un appel individuel DSC.<\/li>\n<\/ul>\n<ul>\n<li>ASN int\u00e9gr\u00e9 classe D (r\u00e9cepteur d\u00e9di\u00e9)\u00a0 Fonction \u00ab\u00a0Appel S\u00e9lectif Num\u00e9rique\u00a0\u00bb permettant de lancer des appels individuels mais aussi d&rsquo;envoyer un message de d\u00e9tresse aux secours (bouton rouge sur la face de la VHF). Cette VHF est \u00e9quip\u00e9e de 2 r\u00e9cepteurs dont l&rsquo;un est d\u00e9di\u00e9 exclusivement au canal 70 afin de ne rater aucun appel ASN. Le GPS facilite l&rsquo;intervention des secours.<\/li>\n<li>Connectivit\u00e9 NMEA2000\u2122 : Avec les caract\u00e9ristiques \u00ab\u00a0plug-and-play\u00a0\u00bb de ce protocole de communication, la VHF peut facilement \u00eatre interfac\u00e9e \u00e0 un r\u00e9seau existant ou \u00e0 un autre \u00e9quipement \u00e0 la norme NMEA2000 (\u00e9galement compatible avec le protocole NMEA 0183 sauf pour AIS)<\/li>\n<li>Associ\u00e9e \u00e0 un porte voix optionnel, l&rsquo;ICM506EURO PLUS permet de b\u00e9n\u00e9ficier d&rsquo;une corne de brume automatique et d&rsquo;un amplificateur de pont d&rsquo;une puissance audio de 30W.<\/li>\n<\/ul>\n<ul>\n<li>Ecran r\u00e9tro\u00e9clair\u00e9 HD \u00e0 matrice active<\/li>\n<li>Etanch\u00e9it\u00e9 renforc\u00e9e : IPX8<\/li>\n<li>Puissance : 30W<\/li>\n<li>Enregistrement des deux derni\u00e8res minutes de conversation<\/li>\n<li>R\u00e9ducteur du bruit actif<\/li>\n<li>Fonction \u00ab\u00a0AquaQuake\u2122\u00a0\u00bb : \u00e9jection d\u2019eau par infrasons, pour \u201cs\u00e9cher\u201d le micro et le haut-parleur<\/li>\n<\/ul>\n<ul>\n<li>Calculateur anti-collision<\/li>\n<li>Possibilit\u00e9 de relier jusqu&rsquo;\u00e0 trois stations d\u00e9port\u00e9es<\/li>\n<li>Brouilleur de communications (en option avec carte scrambleur UT-112)<\/li>\n<li>Compatible MA-500TR (fonctionnalit\u00e9s avanc\u00e9es)<\/li>\n<li>Compatible avec le Marine Commander<\/li>\n<li>T\u00eate de commande d\u00e9port\u00e9e en option (RC-M600)<\/li>\n<\/ul>\n<p><strong>Bandes de fr\u00e9quence:\u00a0<span class=\"bodycopy\">VHF 156-163,425 MHz<br \/>\n<\/span><\/strong><\/p>\n<p><strong><span class=\"bodycopy\">Dimensions : 274 \u00d7 114 \u00d7 121.5 mm<br \/>\n<\/span><\/strong><\/p>\n<p><strong>Poids: 1,5 kg<\/strong><\/p>\n<p>&nbsp;<\/p>\n<p><strong>Le pack standard comprend :<br \/>\n<\/strong><\/p>\n<ul>\n<li>Un VHF fixe<\/li>\n<li>Un micro haut-parleur noir (r\u00e9f: HM-205RB)<\/li>\n<li>Une antenne GPS (UX-24)<\/li>\n<\/ul>\n<ul>\n<li>Une notice en fran\u00e7ais<\/li>\n<\/ul>\n<p>Fabrication japonaise.<\/p>\n<p>Ce produit est garantit 3 ans. Nos conditions de garantie sont souples (voir les conditions g\u00e9n\u00e9rales de vente).<\/p>\n<h5><\/h5>\n<h5><\/h5>\n","protected":false},"excerpt":{"rendered":"<p><strong>VHF fixe \u00e9tanche avec GPS, r\u00e9cepteur AIS et connectivit\u00e9 NMEA2000, ASN classe D, 25W, fonction \u00ab\u00a0aquaQuake\u00a0\u00bb<br \/>\n<\/strong><\/p>\n","protected":false},"featured_media":1823,"template":"","meta":[],"product_brand":[3077],"product_cat":[3146],"product_tag":[3555,3908,3926,3755,3673,3925,3280],"class_list":{"0":"post-1851","1":"product","2":"type-product","3":"status-publish","4":"has-post-thumbnail","6":"product_brand-icom","7":"product_cat-bases-mobiles-icom","8":"product_tag-25w","9":"product_tag-asn-classe-d","10":"product_tag-connectivite-nmea2000","11":"product_tag-gps","12":"product_tag-ic-m605euro","13":"product_tag-recepteur-ais","14":"product_tag-vhf","16":"first","17":"instock","18":"shipping-taxable","19":"purchasable","20":"product-type-simple"},"_links":{"self":[{"href":"https:\/\/lebrascommunication.fr\/ventes\/wp-json\/wp\/v2\/product\/1851","targetHints":{"allow":["GET"]}}],"collection":[{"href":"https:\/\/lebrascommunication.fr\/ventes\/wp-json\/wp\/v2\/product"}],"about":[{"href":"https:\/\/lebrascommunication.fr\/ventes\/wp-json\/wp\/v2\/types\/product"}],"wp:featuredmedia":[{"embeddable":true,"href":"https:\/\/lebrascommunication.fr\/ventes\/wp-json\/wp\/v2\/media\/1823"}],"wp:attachment":[{"href":"https:\/\/lebrascommunication.fr\/ventes\/wp-json\/wp\/v2\/media?parent=1851"}],"wp:term":[{"taxonomy":"product_brand","embeddable":true,"href":"https:\/\/lebrascommunication.fr\/ventes\/wp-json\/wp\/v2\/product_brand?post=1851"},{"taxonomy":"product_cat","embeddable":true,"href":"https:\/\/lebrascommunication.fr\/ventes\/wp-json\/wp\/v2\/product_cat?post=1851"},{"taxonomy":"product_tag","embeddable":true,"href":"https:\/\/lebrascommunication.fr\/ventes\/wp-json\/wp\/v2\/product_tag?post=1851"}],"curies":[{"name":"wp","href":"https:\/\/api.w.org\/{rel}","templated":true}]}}