{"id":1808,"date":"2017-10-28T17:52:44","date_gmt":"2017-10-28T15:52:44","guid":{"rendered":"https:\/\/lebrascommunication.fr\/ventes\/produit\/ic-m4000bb\/"},"modified":"2026-02-18T15:00:55","modified_gmt":"2026-02-18T14:00:55","slug":"ic-m4000bb","status":"publish","type":"product","link":"https:\/\/lebrascommunication.fr\/ventes\/produit\/ic-m4000bb\/","title":{"rendered":"IC-M4000BB"},"content":{"rendered":"<p><strong><strong><strong>Bo\u00eete noire VHF fixe \u00e9tanche multi-fonctions et sa station d\u00e9port\u00e9e.<\/strong><\/strong><\/strong><\/p>\n<p><strong>Elle trouvera sa place facilement dans un coffre de bateau open ou semi-rigide et sera pilot\u00e9e directement par<br \/>\nsa station d\u00e9port\u00e9e HM-195B\/SW que vous pourrez enlever lorsque vous quittez le bateau ou pendant la p\u00e9riode d&rsquo;hivernage.<\/strong><\/p>\n<p>Caract\u00e9ristiques:<\/p>\n<ul>\n<li>Disponible en blanc ou en noir<\/li>\n<\/ul>\n<ul>\n<li>R\u00e9ducteur de bruit ambiant : Un processeur num\u00e9rique r\u00e9duit le bruit de fond dans les 2 sens de communication jusqu&rsquo;\u00e0 90% (20dB) pour assurer une liaison id\u00e9ale en toutes circonstances (vent, bruit de moteur, etc. )<\/li>\n<li>Interface intuitive am\u00e9lior\u00e9e<\/li>\n<li>Associ\u00e9e \u00e0 un porte voix optionnel, possibilit\u00e9 de b\u00e9n\u00e9ficier d&rsquo;une corne de brume automatique et d&rsquo;un amplificateur de pont d&rsquo;une puissance audio de 10 W.<\/li>\n<li>Fonction \u00ab\u00a0RX\u00a0\u00bb : permet de basculer la r\u00e9ception VHF sur l\u2019ampli de pont (hailer)<\/li>\n<\/ul>\n<ul>\n<li>ASN int\u00e9gr\u00e9 classe D (r\u00e9cepteur d\u00e9di\u00e9)\u00a0 Fonction \u00ab\u00a0Appel S\u00e9lectif Num\u00e9rique\u00a0\u00bb permettant de lancer des appels individuels mais aussi d&rsquo;envoyer un message de d\u00e9tresse aux secours (bouton rouge sur la face de la VHF). Cette VHF est \u00e9quip\u00e9e de 2 r\u00e9cepteurs dont l&rsquo;un est d\u00e9di\u00e9 exclusivement au canal 70 afin de ne rater aucun appel ASN. Le GPS facilite l&rsquo;intervention des secours.<\/li>\n<li>Etanch\u00e9it\u00e9 : IPX7<\/li>\n<li>Puissance : 25W<\/li>\n<li>Fonction NMEA<\/li>\n<li>Fonction \u00ab\u00a0AquaQuake\u2122\u00a0\u00bb : \u00e9jection d\u2019eau par infrasons, pour \u201cs\u00e9cher\u201d le micro et le haut-parleur<\/li>\n<\/ul>\n<ul>\n<li>Fonctions \u00ab\u00a0position request\u00a0\u00bb et \u00ab\u00a0position report<\/li>\n<li>Utilisation fluviale (ATIS) et canaux priv\u00e9s (jusqu&rsquo;\u00e0 70) (*)<\/li>\n<li>Possibilit\u00e9 de connecter une deuxi\u00e8me station d\u00e9port\u00e9e<\/li>\n<li>Compatible avec le transpondeur AIS MA-500TR<\/li>\n<li>Compatible avec le Marine Commander<\/li>\n<\/ul>\n<p>(*) Ces fonctions doivent \u00eatre programm\u00e9es avant utilisation<\/p>\n<p><strong>Bandes de fr\u00e9quence:\u00a0<span class=\"bodycopy\">VHF 156-163,425 MHz<br \/>\n<\/span><\/strong><\/p>\n<p><strong><span class=\"bodycopy\">Dimensions : 216 x 79 x 125 mm<br \/>\n<\/span><\/strong><\/p>\n<p><strong><span class=\"bodycopy\">Poids : 830 g<\/span><\/strong><\/p>\n<p>&nbsp;<\/p>\n<p>&nbsp;<\/p>\n<p><strong>Le pack standard comprend :<br \/>\n<\/strong><\/p>\n<ul>\n<li>Un VHF fixe<\/li>\n<li>Une station d\u00e9port\u00e9e noire \/ blanche (r\u00e9f: HM-195B \/ HM-195SW)<\/li>\n<li>Un c\u00e2ble de connexion (r\u00e9f: OPC-1540)<\/li>\n<\/ul>\n<ul>\n<li>Un cordon d&rsquo;alimentation (r\u00e9f: OPC-891A)<\/li>\n<li>Une notice en fran\u00e7ais<\/li>\n<\/ul>\n<p>Fabrication japonaise.<\/p>\n<p>Ce produit est garantit 3 ans. Nos conditions de garantie sont souples (voir les conditions g\u00e9n\u00e9rales de vente).<\/p>\n<h5><\/h5>\n<h5><\/h5>\n","protected":false},"excerpt":{"rendered":"<p><strong>Bo\u00eete noire VHF fixe \u00e9tanche multi-fonctions et sa station d\u00e9port\u00e9e.<br \/>\n<\/strong><\/p>\n<p><strong>Id\u00e9ale pour les endroits confin\u00e9s.<\/strong><\/p>\n<p><strong>Disponible en blanc ou en noir.<\/strong><\/p>\n","protected":false},"featured_media":1735,"template":"","meta":[],"product_brand":[3077],"product_cat":[3147],"product_tag":[3595,3841,3840,3277,3335,3280],"class_list":{"0":"post-1808","1":"product","2":"type-product","3":"status-publish","4":"has-post-thumbnail","6":"product_brand-icom","7":"product_cat-accessoires-pour-bases-mobiles-icom","8":"product_tag-blanc","9":"product_tag-boite-noire","10":"product_tag-ic-m4000bb","11":"product_tag-icom","12":"product_tag-noire","13":"product_tag-vhf","15":"first","16":"instock","17":"shipping-taxable","18":"purchasable","19":"product-type-simple"},"_links":{"self":[{"href":"https:\/\/lebrascommunication.fr\/ventes\/wp-json\/wp\/v2\/product\/1808","targetHints":{"allow":["GET"]}}],"collection":[{"href":"https:\/\/lebrascommunication.fr\/ventes\/wp-json\/wp\/v2\/product"}],"about":[{"href":"https:\/\/lebrascommunication.fr\/ventes\/wp-json\/wp\/v2\/types\/product"}],"wp:featuredmedia":[{"embeddable":true,"href":"https:\/\/lebrascommunication.fr\/ventes\/wp-json\/wp\/v2\/media\/1735"}],"wp:attachment":[{"href":"https:\/\/lebrascommunication.fr\/ventes\/wp-json\/wp\/v2\/media?parent=1808"}],"wp:term":[{"taxonomy":"product_brand","embeddable":true,"href":"https:\/\/lebrascommunication.fr\/ventes\/wp-json\/wp\/v2\/product_brand?post=1808"},{"taxonomy":"product_cat","embeddable":true,"href":"https:\/\/lebrascommunication.fr\/ventes\/wp-json\/wp\/v2\/product_cat?post=1808"},{"taxonomy":"product_tag","embeddable":true,"href":"https:\/\/lebrascommunication.fr\/ventes\/wp-json\/wp\/v2\/product_tag?post=1808"}],"curies":[{"name":"wp","href":"https:\/\/api.w.org\/{rel}","templated":true}]}}