{"id":1807,"date":"2020-04-29T19:40:17","date_gmt":"2020-04-29T17:40:17","guid":{"rendered":"https:\/\/lebrascommunication.fr\/ventes\/produit\/tetine-silicone-de-remplacement-a-l-unite-dp\/"},"modified":"2026-04-17T11:30:48","modified_gmt":"2026-04-17T09:30:48","slug":"tetine-silicone-de-remplacement-a-l-unite-dp","status":"publish","type":"product","link":"https:\/\/lebrascommunication.fr\/ventes\/produit\/tetine-silicone-de-remplacement-a-l-unite-dp\/","title":{"rendered":"T\u00e9tine silicone de remplacement \u00e0 l&rsquo;unit\u00e9 DP"},"content":{"rendered":"<p>T\u00e9tine silicone de remplacement \u00e0 l&rsquo;unit\u00e9.<\/p>\n","protected":false},"excerpt":{"rendered":"<p>T\u00e9tine silicone de remplacement \u00e0 l&rsquo;unit\u00e9.<\/p>\n","protected":false},"featured_media":1805,"template":"","meta":[],"product_brand":[3074],"product_cat":[3163],"product_tag":[3252,3325],"class_list":{"0":"post-1807","1":"product","2":"type-product","3":"status-publish","4":"has-post-thumbnail","6":"product_brand-motorola","7":"product_cat-accessoires-talkies-motorola","8":"product_tag-dp","9":"product_tag-tetine","11":"first","12":"instock","13":"shipping-taxable","14":"purchasable","15":"product-type-simple"},"_links":{"self":[{"href":"https:\/\/lebrascommunication.fr\/ventes\/wp-json\/wp\/v2\/product\/1807","targetHints":{"allow":["GET"]}}],"collection":[{"href":"https:\/\/lebrascommunication.fr\/ventes\/wp-json\/wp\/v2\/product"}],"about":[{"href":"https:\/\/lebrascommunication.fr\/ventes\/wp-json\/wp\/v2\/types\/product"}],"wp:featuredmedia":[{"embeddable":true,"href":"https:\/\/lebrascommunication.fr\/ventes\/wp-json\/wp\/v2\/media\/1805"}],"wp:attachment":[{"href":"https:\/\/lebrascommunication.fr\/ventes\/wp-json\/wp\/v2\/media?parent=1807"}],"wp:term":[{"taxonomy":"product_brand","embeddable":true,"href":"https:\/\/lebrascommunication.fr\/ventes\/wp-json\/wp\/v2\/product_brand?post=1807"},{"taxonomy":"product_cat","embeddable":true,"href":"https:\/\/lebrascommunication.fr\/ventes\/wp-json\/wp\/v2\/product_cat?post=1807"},{"taxonomy":"product_tag","embeddable":true,"href":"https:\/\/lebrascommunication.fr\/ventes\/wp-json\/wp\/v2\/product_tag?post=1807"}],"curies":[{"name":"wp","href":"https:\/\/api.w.org\/{rel}","templated":true}]}}