{"id":1798,"date":"2020-04-28T15:01:00","date_gmt":"2020-04-28T13:01:00","guid":{"rendered":"https:\/\/lebrascommunication.fr\/ventes\/produit\/savox-hc-1-casque-nexus\/"},"modified":"2026-01-05T14:58:46","modified_gmt":"2026-01-05T13:58:46","slug":"savox-hc-1-casque-nexus","status":"publish","type":"product","link":"https:\/\/lebrascommunication.fr\/ventes\/produit\/savox-hc-1-casque-nexus\/","title":{"rendered":"Savox HC-1 Casque Nexus"},"content":{"rendered":"<p>Casque \u00e0 conduction osseuse avec connecteur Nexus pour les gammes de talkies DP4000 et Astro APX ainsi que les versions \u00ab\u00a0e\u00a0\u00bb.<\/p>\n<p><strong>Caract\u00e9ristiques :<\/strong><\/p>\n<ul>\n<li>Micro \u00e0 transmission osseuse<\/li>\n<li>Haut parleur\u00a0simple<\/li>\n<li>Connection \u00e0 fiche rapide \u00e0 4 p\u00f4les Nexus<\/li>\n<li>Necessite une connexion \u00e0 l&rsquo;unit\u00e9 de contr\u00f4le CC400 Com ou fonctionne avec\u00a0<a href=\"http:\/\/lbc-systems.com\/micro-deportes-dp4000-dp3000\/1491-micro-deporte-tactique-omnidirectionnel.html\">PMMN4113<\/a> ou\u00a0<a href=\"http:\/\/lbc-systems.com\/micro-deportes-dp4000-dp3000\/1127-micro-deporte-reducteur-de-bruits.html\">PMMN4102<\/a><\/li>\n<\/ul>\n<pre id=\"tw-target-text\" class=\"tw-data-text tw-text-large tw-ta\" dir=\"ltr\"><\/pre>\n<p><strong>Attention : Fonctionne uniquement en analogique<\/strong><\/p>\n","protected":false},"excerpt":{"rendered":"<p>Casque \u00e0 conduction osseuse avec connecteur Nexus pour les gammes de talkies DP4000 et Astro APX ainsi que les versions \u00ab\u00a0e\u00a0\u00bb.<\/p>\n<p>Attention : Fonctionne uniquement en analogique<\/p>\n","protected":false},"featured_media":1794,"template":"","meta":[],"product_brand":[3074],"product_cat":[3163],"product_tag":[3343,3512,3225,3511,3510],"class_list":{"0":"post-1798","1":"product","2":"type-product","3":"status-publish","4":"has-post-thumbnail","6":"product_brand-motorola","7":"product_cat-accessoires-talkies-motorola","8":"product_tag-astro-apx","9":"product_tag-casque-nexus","10":"product_tag-dp4000","11":"product_tag-hc-1","12":"product_tag-savox","14":"first","15":"instock","16":"shipping-taxable","17":"purchasable","18":"product-type-simple"},"_links":{"self":[{"href":"https:\/\/lebrascommunication.fr\/ventes\/wp-json\/wp\/v2\/product\/1798","targetHints":{"allow":["GET"]}}],"collection":[{"href":"https:\/\/lebrascommunication.fr\/ventes\/wp-json\/wp\/v2\/product"}],"about":[{"href":"https:\/\/lebrascommunication.fr\/ventes\/wp-json\/wp\/v2\/types\/product"}],"wp:featuredmedia":[{"embeddable":true,"href":"https:\/\/lebrascommunication.fr\/ventes\/wp-json\/wp\/v2\/media\/1794"}],"wp:attachment":[{"href":"https:\/\/lebrascommunication.fr\/ventes\/wp-json\/wp\/v2\/media?parent=1798"}],"wp:term":[{"taxonomy":"product_brand","embeddable":true,"href":"https:\/\/lebrascommunication.fr\/ventes\/wp-json\/wp\/v2\/product_brand?post=1798"},{"taxonomy":"product_cat","embeddable":true,"href":"https:\/\/lebrascommunication.fr\/ventes\/wp-json\/wp\/v2\/product_cat?post=1798"},{"taxonomy":"product_tag","embeddable":true,"href":"https:\/\/lebrascommunication.fr\/ventes\/wp-json\/wp\/v2\/product_tag?post=1798"}],"curies":[{"name":"wp","href":"https:\/\/api.w.org\/{rel}","templated":true}]}}