{"id":1779,"date":"2020-01-21T18:00:49","date_gmt":"2020-01-21T17:00:49","guid":{"rendered":"https:\/\/lebrascommunication.fr\/ventes\/produit\/pompe-pour-kit-de-test-vide\/"},"modified":"2026-01-22T14:56:36","modified_gmt":"2026-01-22T13:56:36","slug":"pompe-pour-kit-de-test-vide","status":"publish","type":"product","link":"https:\/\/lebrascommunication.fr\/ventes\/produit\/pompe-pour-kit-de-test-vide\/","title":{"rendered":"Pompe pour kit de test vide"},"content":{"rendered":"<p>Cet article\u00a0comprend une pompe \u00e0 vide avec manom\u00e8tre et un tuyau \u00e0 vide.<\/p>\n<p>Attention : Un connecteur (r\u00e9f: <a href=\"http:\/\/lbc-systems.com\/dp3000-dp4000\/1485-connecteur-pour-kit-de-pression.html\">5871134M01<\/a>) ainsi qu&rsquo;un joint (r\u00e9f:\u00a0<a href=\"http:\/\/lbc-systems.com\/dp3000-dp4000\/1484-joint-pour-kit-de-pression.html\">3271133M01<\/a>) sont n\u00e9cessaires, ils sont \u00e0 commander s\u00e9par\u00e9ment.<\/p>\n","protected":false},"excerpt":{"rendered":"<p>Cet article\u00a0comprend une pompe \u00e0 vide avec manom\u00e8tre et un tuyau \u00e0 vide.<\/p>\n","protected":false},"featured_media":1778,"template":"","meta":[],"product_brand":[3272],"product_cat":[3273],"product_tag":[3647,3646],"class_list":{"0":"post-1779","1":"product","2":"type-product","3":"status-publish","4":"has-post-thumbnail","6":"product_brand-autres","7":"product_cat-accessoires","8":"product_tag-kit-de-test","9":"product_tag-pompe","11":"first","12":"instock","13":"shipping-taxable","14":"purchasable","15":"product-type-simple"},"_links":{"self":[{"href":"https:\/\/lebrascommunication.fr\/ventes\/wp-json\/wp\/v2\/product\/1779","targetHints":{"allow":["GET"]}}],"collection":[{"href":"https:\/\/lebrascommunication.fr\/ventes\/wp-json\/wp\/v2\/product"}],"about":[{"href":"https:\/\/lebrascommunication.fr\/ventes\/wp-json\/wp\/v2\/types\/product"}],"wp:featuredmedia":[{"embeddable":true,"href":"https:\/\/lebrascommunication.fr\/ventes\/wp-json\/wp\/v2\/media\/1778"}],"wp:attachment":[{"href":"https:\/\/lebrascommunication.fr\/ventes\/wp-json\/wp\/v2\/media?parent=1779"}],"wp:term":[{"taxonomy":"product_brand","embeddable":true,"href":"https:\/\/lebrascommunication.fr\/ventes\/wp-json\/wp\/v2\/product_brand?post=1779"},{"taxonomy":"product_cat","embeddable":true,"href":"https:\/\/lebrascommunication.fr\/ventes\/wp-json\/wp\/v2\/product_cat?post=1779"},{"taxonomy":"product_tag","embeddable":true,"href":"https:\/\/lebrascommunication.fr\/ventes\/wp-json\/wp\/v2\/product_tag?post=1779"}],"curies":[{"name":"wp","href":"https:\/\/api.w.org\/{rel}","templated":true}]}}