{"id":1768,"date":"2020-01-21T12:41:47","date_gmt":"2020-01-21T11:41:47","guid":{"rendered":"https:\/\/lebrascommunication.fr\/ventes\/produit\/cache-de-protection-etanche\/"},"modified":"2026-03-19T16:35:53","modified_gmt":"2026-03-19T15:35:53","slug":"cache-de-protection-etanche","status":"publish","type":"product","link":"https:\/\/lebrascommunication.fr\/ventes\/produit\/cache-de-protection-etanche\/","title":{"rendered":"Cache de protection \u00e9tanche"},"content":{"rendered":"<p>Cache de protection \u00e9tanche \u00e0 placer sur le connecteur lorsqu&rsquo;aucun accessoire n&rsquo;est branch\u00e9.<\/p>\n<p>Permet de prot\u00e9ger de la corrosion en milieu humide, il est indispensable en milieu marin.<\/p>\n<ul>\n<li>DP2000<\/li>\n<\/ul>\n","protected":false},"excerpt":{"rendered":"<p>Cache de protection \u00e9tanche \u00e0 placer sur le connecteur lorsqu&rsquo;aucun accessoire n&rsquo;est branch\u00e9<\/p>\n","protected":false},"featured_media":3537,"template":"","meta":[],"product_brand":[3074],"product_cat":[3177,3163],"product_tag":[3203,3235],"class_list":{"0":"post-1768","1":"product","2":"type-product","3":"status-publish","4":"has-post-thumbnail","6":"product_brand-motorola","7":"product_cat-r5-dp2000e","8":"product_cat-accessoires-talkies-motorola","9":"product_tag-dp2000","10":"product_tag-piece-detachee","12":"first","13":"instock","14":"shipping-taxable","15":"purchasable","16":"product-type-simple"},"_links":{"self":[{"href":"https:\/\/lebrascommunication.fr\/ventes\/wp-json\/wp\/v2\/product\/1768","targetHints":{"allow":["GET"]}}],"collection":[{"href":"https:\/\/lebrascommunication.fr\/ventes\/wp-json\/wp\/v2\/product"}],"about":[{"href":"https:\/\/lebrascommunication.fr\/ventes\/wp-json\/wp\/v2\/types\/product"}],"wp:featuredmedia":[{"embeddable":true,"href":"https:\/\/lebrascommunication.fr\/ventes\/wp-json\/wp\/v2\/media\/3537"}],"wp:attachment":[{"href":"https:\/\/lebrascommunication.fr\/ventes\/wp-json\/wp\/v2\/media?parent=1768"}],"wp:term":[{"taxonomy":"product_brand","embeddable":true,"href":"https:\/\/lebrascommunication.fr\/ventes\/wp-json\/wp\/v2\/product_brand?post=1768"},{"taxonomy":"product_cat","embeddable":true,"href":"https:\/\/lebrascommunication.fr\/ventes\/wp-json\/wp\/v2\/product_cat?post=1768"},{"taxonomy":"product_tag","embeddable":true,"href":"https:\/\/lebrascommunication.fr\/ventes\/wp-json\/wp\/v2\/product_tag?post=1768"}],"curies":[{"name":"wp","href":"https:\/\/api.w.org\/{rel}","templated":true}]}}