{"id":1767,"date":"2019-08-08T16:06:22","date_gmt":"2019-08-08T14:06:22","guid":{"rendered":"https:\/\/lebrascommunication.fr\/ventes\/produit\/chargeur-vehicule-impres-2\/"},"modified":"2025-12-24T12:12:55","modified_gmt":"2025-12-24T11:12:55","slug":"chargeur-vehicule-impres-2","status":"publish","type":"product","link":"https:\/\/lebrascommunication.fr\/ventes\/produit\/chargeur-vehicule-impres-2\/","title":{"rendered":"Chargeur allume cigare"},"content":{"rendered":"<p>Chargeur allume cigare pour les gammes de talkies DP2000, DP3000, DP4000 et DP4000 ATEX\u00a0ainsi que les s\u00e9ries \u00ab\u00a0e\u00a0\u00bb.<\/p>\n<p><strong>Caract\u00e9ristiques :<\/strong><\/p>\n<p>Dimensions HxLxP : 70 x 70 x 70 mm<br \/>\nPoids (kg): 0,3 avec support<br \/>\nChimie: Li-ION \/ NiMH<br \/>\nTension de fonctionnement: 12 &#8211; 32 volts<br \/>\nType de chargeur: Rapid<\/p>\n<p>Support de montage fourni<\/p>\n<p><strong>Attention :<\/strong>\u00a0Ce chargeur n&rsquo;est pas compatible avec les DP Compact (DP3441 et DP3661) et les DP1000. Mais il est possible de rajouter un adaptateur (PMLN6669A)<b>\u00a0<\/b>sur certains emplacement de ce chargeur afin\u00a0d&rsquo;assurer l&rsquo;adaptabilit\u00e9 avec les mod\u00e8les DP3441 et DP3661.<\/p>\n<p><strong>Technologie IMPRES :<\/strong>\u00a0Cette technologie fonctionne uniquement avec les batteries IMPRES Motorola. Elle permet d&rsquo;avoir un suivi de l&rsquo;\u00e9volution de la batterie depuis sa premi\u00e8re charge avec le logiciel et son interface, ou avec les mod\u00e8les de chargeurs \u00e0 \u00e9crans. Les batteries sont\u00a0reconditionn\u00e9es en fonction des besoins et permettent\u00a0une autonomie plus grande d&rsquo;environ 1h ainsi qu&rsquo;une dur\u00e9e de vie allong\u00e9e. Le reconditionnement des batteries est \u00e9galement effectif sur les chargeurs IMPRES sans \u00e9crans.<\/p>\n<p><strong>A savoir :<\/strong>\u00a0Le reconditionnement (d\u00e9charge compl\u00e8te avant recharge) de la batterie est automatique mais peut \u00eatre \u00e9vit\u00e9 par une simple manipulation pour plus de rapidit\u00e9. Il suffit de retirer la batterie de son emplacement de charge et de la mettre \u00e0 nouveau (la diode passe de l&rsquo;orange au rouge).<\/p>\n","protected":false},"excerpt":{"rendered":"<p>Chargeur allume cigare\u00a0pour v\u00e9hicule pour les gammes de talkies DP2000, DP3000, DP4000 et DP4000 ATEX ainsi que les s\u00e9ries \u00ab\u00a0e\u00a0\u00bb<\/p>\n<p>Support de montage fourni<\/p>\n","protected":false},"featured_media":1765,"template":"","meta":[],"product_brand":[3074],"product_cat":[3177,3179,3163],"product_tag":[3382,3213,3203,3192,3383],"class_list":{"0":"post-1767","1":"product","2":"type-product","3":"status-publish","4":"has-post-thumbnail","6":"product_brand-motorola","7":"product_cat-r5-dp2000e","8":"product_cat-dp3000e","9":"product_cat-accessoires-talkies-motorola","10":"product_tag-allume-cigare","11":"product_tag-chargeur","12":"product_tag-dp2000","13":"product_tag-dp3000","14":"product_tag-dp4000-et-dp4000-atex","16":"first","17":"instock","18":"shipping-taxable","19":"purchasable","20":"product-type-simple"},"_links":{"self":[{"href":"https:\/\/lebrascommunication.fr\/ventes\/wp-json\/wp\/v2\/product\/1767","targetHints":{"allow":["GET"]}}],"collection":[{"href":"https:\/\/lebrascommunication.fr\/ventes\/wp-json\/wp\/v2\/product"}],"about":[{"href":"https:\/\/lebrascommunication.fr\/ventes\/wp-json\/wp\/v2\/types\/product"}],"wp:featuredmedia":[{"embeddable":true,"href":"https:\/\/lebrascommunication.fr\/ventes\/wp-json\/wp\/v2\/media\/1765"}],"wp:attachment":[{"href":"https:\/\/lebrascommunication.fr\/ventes\/wp-json\/wp\/v2\/media?parent=1767"}],"wp:term":[{"taxonomy":"product_brand","embeddable":true,"href":"https:\/\/lebrascommunication.fr\/ventes\/wp-json\/wp\/v2\/product_brand?post=1767"},{"taxonomy":"product_cat","embeddable":true,"href":"https:\/\/lebrascommunication.fr\/ventes\/wp-json\/wp\/v2\/product_cat?post=1767"},{"taxonomy":"product_tag","embeddable":true,"href":"https:\/\/lebrascommunication.fr\/ventes\/wp-json\/wp\/v2\/product_tag?post=1767"}],"curies":[{"name":"wp","href":"https:\/\/api.w.org\/{rel}","templated":true}]}}