{"id":1729,"date":"2019-08-07T12:00:26","date_gmt":"2019-08-07T10:00:26","guid":{"rendered":"https:\/\/lebrascommunication.fr\/ventes\/produit\/casque-reducteur-de-bruit\/"},"modified":"2026-01-23T08:52:00","modified_gmt":"2026-01-23T07:52:00","slug":"casque-reducteur-de-bruit","status":"publish","type":"product","link":"https:\/\/lebrascommunication.fr\/ventes\/produit\/casque-reducteur-de-bruit\/","title":{"rendered":"Casque r\u00e9ducteur de bruit"},"content":{"rendered":"<p>Casque ultra robuste avec\u00a0r\u00e9ducteur de bruit.<\/p>\n<p>PTT : oui<br \/>\nTransmission\u00a0: boom mic<br \/>\nBandeau : derri\u00e8re la t\u00eate (possibilit\u00e9 de placer sous un casque de s\u00e9curit\u00e9)<br \/>\nCapacit\u00e9 VOX : oui (le passage en mode VOX se fait via la radio programm\u00e9e \u00e0 cet effet, pas de commutateur sur la radio)<br \/>\nR\u00e9duction du bruit : 24dB<br \/>\nNorme de s\u00e9curit\u00e9 intrins\u00e8que : Non<br \/>\nIP54<\/p>\n","protected":false},"excerpt":{"rendered":"<p>Casque ultra robuste avec\u00a0r\u00e9ducteur de bruit\u00a0pour les s\u00e9ries DP3000, DP4000 ainsi que les s\u00e9ries \u00ab\u00a0e\u00a0\u00bb<\/p>\n","protected":false},"featured_media":1721,"template":"","meta":[],"product_brand":[3074],"product_cat":[3179,3163],"product_tag":[3226,3192,3502,3225,3437,3706],"class_list":{"0":"post-1729","1":"product","2":"type-product","3":"status-publish","4":"has-post-thumbnail","6":"product_brand-motorola","7":"product_cat-dp3000e","8":"product_cat-accessoires-talkies-motorola","9":"product_tag-casque","10":"product_tag-dp3000","11":"product_tag-dp3000e","12":"product_tag-dp4000","13":"product_tag-dp4000e","14":"product_tag-reducteur-de-bruits","16":"first","17":"instock","18":"shipping-taxable","19":"purchasable","20":"product-type-simple"},"_links":{"self":[{"href":"https:\/\/lebrascommunication.fr\/ventes\/wp-json\/wp\/v2\/product\/1729","targetHints":{"allow":["GET"]}}],"collection":[{"href":"https:\/\/lebrascommunication.fr\/ventes\/wp-json\/wp\/v2\/product"}],"about":[{"href":"https:\/\/lebrascommunication.fr\/ventes\/wp-json\/wp\/v2\/types\/product"}],"wp:featuredmedia":[{"embeddable":true,"href":"https:\/\/lebrascommunication.fr\/ventes\/wp-json\/wp\/v2\/media\/1721"}],"wp:attachment":[{"href":"https:\/\/lebrascommunication.fr\/ventes\/wp-json\/wp\/v2\/media?parent=1729"}],"wp:term":[{"taxonomy":"product_brand","embeddable":true,"href":"https:\/\/lebrascommunication.fr\/ventes\/wp-json\/wp\/v2\/product_brand?post=1729"},{"taxonomy":"product_cat","embeddable":true,"href":"https:\/\/lebrascommunication.fr\/ventes\/wp-json\/wp\/v2\/product_cat?post=1729"},{"taxonomy":"product_tag","embeddable":true,"href":"https:\/\/lebrascommunication.fr\/ventes\/wp-json\/wp\/v2\/product_tag?post=1729"}],"curies":[{"name":"wp","href":"https:\/\/api.w.org\/{rel}","templated":true}]}}