{"id":1706,"date":"2019-08-06T15:36:06","date_gmt":"2019-08-06T13:36:06","guid":{"rendered":"https:\/\/lebrascommunication.fr\/ventes\/produit\/micro-oreillette-tactique\/"},"modified":"2025-12-24T12:13:51","modified_gmt":"2025-12-24T11:13:51","slug":"micro-oreillette-tactique","status":"publish","type":"product","link":"https:\/\/lebrascommunication.fr\/ventes\/produit\/micro-oreillette-tactique\/","title":{"rendered":"Micro-oreillette tactique"},"content":{"rendered":"<p>Microphone auriculaire tactique\u00a0pour les s\u00e9ries DP3000, DP4000 et APX Astro, ainsi que les versions \u00ab\u00a0e\u00a0\u00bb.<\/p>\n<p>Micro integr\u00e9<\/p>\n<p>A connecter \u00e0 un module d&rsquo;interface\u00a0<a href=\"http:\/\/lbc-systems.com\/micro-deportes-dp4000-dp3000\/1466-module-d-interface-tactique-vox-ptt.html\">PMLN6765<\/a>\u00a0ou\u00a0<a href=\"http:\/\/lbc-systems.com\/micro-deportes-dp4000-dp3000\/1468-module-d-interface-tactique-ptt.html?search_query=PMLN6827&amp;results=1\">PMLN6827<\/a><\/p>\n<p>PTT \u00e0 distance facultatifs :\u00a0<a href=\"http:\/\/lbc-systems.com\/micro-deportes-dp4000-dp3000\/1471-ptt-tactique-complementaire.html\">PMLN6767<\/a>\u00a0ou\u00a0<a href=\"http:\/\/lbc-systems.com\/micro-deportes-dp4000-dp3000\/1472-bague-ptt-tactique.html\">PMLN6830<\/a><\/p>\n","protected":false},"excerpt":{"rendered":"<p>Microphone auriculaire tactique\u00a0pour les s\u00e9ries DP3000, DP4000 et APX Astro, ainsi que les versions \u00ab\u00a0e\u00a0\u00bb.<\/p>\n<p>Cet \u00e9couteur tactique l\u00e9ger est confortable \u00e0 porter, mais suffisamment durable pour r\u00e9pondre aux besoins rigoureux du personnel d&rsquo;intervention d&rsquo;urgence.<\/p>\n","protected":false},"featured_media":1697,"template":"","meta":[],"product_brand":[3074],"product_cat":[3179,3163],"product_tag":[3340,3192,3225,3334,3342,3341,3339],"class_list":{"0":"post-1706","1":"product","2":"type-product","3":"status-publish","4":"has-post-thumbnail","6":"product_brand-motorola","7":"product_cat-dp3000e","8":"product_cat-accessoires-talkies-motorola","9":"product_tag-apx-astro","10":"product_tag-dp3000","11":"product_tag-dp4000","12":"product_tag-micro-oreillette","13":"product_tag-pmln6765","14":"product_tag-pmln6827","15":"product_tag-tactique","17":"first","18":"instock","19":"shipping-taxable","20":"purchasable","21":"product-type-simple"},"_links":{"self":[{"href":"https:\/\/lebrascommunication.fr\/ventes\/wp-json\/wp\/v2\/product\/1706","targetHints":{"allow":["GET"]}}],"collection":[{"href":"https:\/\/lebrascommunication.fr\/ventes\/wp-json\/wp\/v2\/product"}],"about":[{"href":"https:\/\/lebrascommunication.fr\/ventes\/wp-json\/wp\/v2\/types\/product"}],"wp:featuredmedia":[{"embeddable":true,"href":"https:\/\/lebrascommunication.fr\/ventes\/wp-json\/wp\/v2\/media\/1697"}],"wp:attachment":[{"href":"https:\/\/lebrascommunication.fr\/ventes\/wp-json\/wp\/v2\/media?parent=1706"}],"wp:term":[{"taxonomy":"product_brand","embeddable":true,"href":"https:\/\/lebrascommunication.fr\/ventes\/wp-json\/wp\/v2\/product_brand?post=1706"},{"taxonomy":"product_cat","embeddable":true,"href":"https:\/\/lebrascommunication.fr\/ventes\/wp-json\/wp\/v2\/product_cat?post=1706"},{"taxonomy":"product_tag","embeddable":true,"href":"https:\/\/lebrascommunication.fr\/ventes\/wp-json\/wp\/v2\/product_tag?post=1706"}],"curies":[{"name":"wp","href":"https:\/\/api.w.org\/{rel}","templated":true}]}}