{"id":1696,"date":"2019-08-06T15:17:16","date_gmt":"2019-08-06T13:17:16","guid":{"rendered":"https:\/\/lebrascommunication.fr\/ventes\/produit\/module-d-interface-tactique-ptt\/"},"modified":"2026-01-08T14:44:08","modified_gmt":"2026-01-08T13:44:08","slug":"module-d-interface-tactique-ptt","status":"publish","type":"product","link":"https:\/\/lebrascommunication.fr\/ventes\/produit\/module-d-interface-tactique-ptt\/","title":{"rendered":"Module d&rsquo;interface tactique PTT"},"content":{"rendered":"<p><strong>Caract\u00e9ristiques :<\/strong><\/p>\n<ul>\n<li>Bouton PTT uniquement (Push-To-Talk)<\/li>\n<li>Se connecte \u00e0 une vari\u00e9t\u00e9 de casques \u00e0 conduction osseuse<\/li>\n<li>\u00c0 utiliser avec les casques tactiques\u00a0<a href=\"http:\/\/lbc-systems.com\/micro-oreillettes-dp3001-dp4001\/1467-micro-oreillette-tactique-pour-la-gorge.html\">PMLN6828<\/a>,\u00a0<a href=\"http:\/\/lbc-systems.com\/micro-oreillettes-dp3000-dp4000\/1469-micro-oreillette-tactique.html\">PMLN6829<\/a>,\u00a0<a href=\"http:\/\/lbc-systems.com\/micro-oreillettes-dp3001-dp4001\/1012-micro-casque-tactique.html\">PMLN6833<\/a>,\u00a0<a href=\"http:\/\/lbc-systems.com\/micro-casques-dp4000-dp3000\/1470-micro-casque-tactique-micro-integre.html\">PMLN6766<\/a><\/li>\n<li>Compatible avec les PTT en option:\u00a0<a href=\"http:\/\/lbc-systems.com\/micro-deportes-dp4000-dp3000\/1471-ptt-tactique-complementaire.html\">PMLN6767<\/a>,\u00a0<a href=\"http:\/\/lbc-systems.com\/micro-deportes-dp4000-dp3000\/1472-bague-ptt-tactique.html\">PMLN6830<\/a><\/li>\n<li>Attache de ceinture rotative \u00e0 360\u00b0<\/li>\n<li>Module large et robuste<\/li>\n<\/ul>\n","protected":false},"excerpt":{"rendered":"<p>Module d&rsquo;interface tactique PTT\u00a0uniquement,\u00a0pour les gammes de talkies de DP3000, DP4000 et Astro APX ainsi que les versions \u00ab\u00a0e\u00a0\u00bb.<\/p>\n","protected":false},"featured_media":1692,"template":"","meta":[],"product_brand":[3074],"product_cat":[3179,3163],"product_tag":[3343,3192,3225,3529,3472,3317],"class_list":{"0":"post-1696","1":"product","2":"type-product","3":"status-publish","4":"has-post-thumbnail","6":"product_brand-motorola","7":"product_cat-dp3000e","8":"product_cat-accessoires-talkies-motorola","9":"product_tag-astro-apx","10":"product_tag-dp3000","11":"product_tag-dp4000","12":"product_tag-interface-tactique","13":"product_tag-module","14":"product_tag-ptt","16":"first","17":"instock","18":"shipping-taxable","19":"purchasable","20":"product-type-simple"},"_links":{"self":[{"href":"https:\/\/lebrascommunication.fr\/ventes\/wp-json\/wp\/v2\/product\/1696","targetHints":{"allow":["GET"]}}],"collection":[{"href":"https:\/\/lebrascommunication.fr\/ventes\/wp-json\/wp\/v2\/product"}],"about":[{"href":"https:\/\/lebrascommunication.fr\/ventes\/wp-json\/wp\/v2\/types\/product"}],"wp:featuredmedia":[{"embeddable":true,"href":"https:\/\/lebrascommunication.fr\/ventes\/wp-json\/wp\/v2\/media\/1692"}],"wp:attachment":[{"href":"https:\/\/lebrascommunication.fr\/ventes\/wp-json\/wp\/v2\/media?parent=1696"}],"wp:term":[{"taxonomy":"product_brand","embeddable":true,"href":"https:\/\/lebrascommunication.fr\/ventes\/wp-json\/wp\/v2\/product_brand?post=1696"},{"taxonomy":"product_cat","embeddable":true,"href":"https:\/\/lebrascommunication.fr\/ventes\/wp-json\/wp\/v2\/product_cat?post=1696"},{"taxonomy":"product_tag","embeddable":true,"href":"https:\/\/lebrascommunication.fr\/ventes\/wp-json\/wp\/v2\/product_tag?post=1696"}],"curies":[{"name":"wp","href":"https:\/\/api.w.org\/{rel}","templated":true}]}}