{"id":1691,"date":"2019-08-02T16:25:01","date_gmt":"2019-08-02T14:25:01","guid":{"rendered":"https:\/\/lebrascommunication.fr\/ventes\/produit\/micro-oreillette-tactique-pour-la-gorge\/"},"modified":"2025-12-24T12:14:11","modified_gmt":"2025-12-24T11:14:11","slug":"micro-oreillette-tactique-pour-la-gorge","status":"publish","type":"product","link":"https:\/\/lebrascommunication.fr\/ventes\/produit\/micro-oreillette-tactique-pour-la-gorge\/","title":{"rendered":"Micro-oreillette tactique pour la gorge"},"content":{"rendered":"<p>Ce microphone offre la possibilit\u00e9 de transmettre \u00e0 travers des transducteurs et inclut une capacit\u00e9 de d\u00e9connexion rapide.<\/p>\n<p>S\u00e9ries DP3000, DP4000 et Astro APX, ainsi que les versions \u00ab\u00a0e\u00a0\u00bb<\/p>\n<p>A connecter \u00e0 un module d&rsquo;interface\u00a0<a href=\"http:\/\/lbc-systems.com\/micro-deportes-dp4000-dp3000\/1466-module-d-interface-tactique-vox-ptt.html\">PMLN6765<\/a>\u00a0ou\u00a0<a href=\"http:\/\/lbc-systems.com\/micro-deportes-dp4000-dp3000\/1468-module-d-interface-tactique-ptt.html?search_query=PMLN6827&amp;results=1\">PMLN6827<\/a><\/p>\n<p>PTT \u00e0 distance facultatifs : <a href=\"http:\/\/lbc-systems.com\/micro-deportes-dp4000-dp3000\/1471-ptt-tactique-complementaire.html\">PMLN6767<\/a>\u00a0ou\u00a0<a href=\"http:\/\/lbc-systems.com\/micro-deportes-dp4000-dp3000\/1472-bague-ptt-tactique.html\">PMLN6830<\/a><\/p>\n","protected":false},"excerpt":{"rendered":"<p>Ce microphone offre la possibilit\u00e9 de transmettre \u00e0 travers des transducteurs et inclut une capacit\u00e9 de d\u00e9connexion rapide.<\/p>\n<p>S\u00e9ries DP3000, DP4000 et Astro APX, ainsi que les versions \u00ab\u00a0e\u00a0\u00bb<\/p>\n","protected":false},"featured_media":1688,"template":"","meta":[],"product_brand":[3074],"product_cat":[3179,3163],"product_tag":[3343,3192,3225,3334,3342,3341],"class_list":{"0":"post-1691","1":"product","2":"type-product","3":"status-publish","4":"has-post-thumbnail","6":"product_brand-motorola","7":"product_cat-dp3000e","8":"product_cat-accessoires-talkies-motorola","9":"product_tag-astro-apx","10":"product_tag-dp3000","11":"product_tag-dp4000","12":"product_tag-micro-oreillette","13":"product_tag-pmln6765","14":"product_tag-pmln6827","16":"first","17":"instock","18":"shipping-taxable","19":"purchasable","20":"product-type-simple"},"_links":{"self":[{"href":"https:\/\/lebrascommunication.fr\/ventes\/wp-json\/wp\/v2\/product\/1691","targetHints":{"allow":["GET"]}}],"collection":[{"href":"https:\/\/lebrascommunication.fr\/ventes\/wp-json\/wp\/v2\/product"}],"about":[{"href":"https:\/\/lebrascommunication.fr\/ventes\/wp-json\/wp\/v2\/types\/product"}],"wp:featuredmedia":[{"embeddable":true,"href":"https:\/\/lebrascommunication.fr\/ventes\/wp-json\/wp\/v2\/media\/1688"}],"wp:attachment":[{"href":"https:\/\/lebrascommunication.fr\/ventes\/wp-json\/wp\/v2\/media?parent=1691"}],"wp:term":[{"taxonomy":"product_brand","embeddable":true,"href":"https:\/\/lebrascommunication.fr\/ventes\/wp-json\/wp\/v2\/product_brand?post=1691"},{"taxonomy":"product_cat","embeddable":true,"href":"https:\/\/lebrascommunication.fr\/ventes\/wp-json\/wp\/v2\/product_cat?post=1691"},{"taxonomy":"product_tag","embeddable":true,"href":"https:\/\/lebrascommunication.fr\/ventes\/wp-json\/wp\/v2\/product_tag?post=1691"}],"curies":[{"name":"wp","href":"https:\/\/api.w.org\/{rel}","templated":true}]}}