{"id":1664,"date":"2021-02-09T02:11:44","date_gmt":"2021-02-09T01:11:44","guid":{"rendered":"https:\/\/lebrascommunication.fr\/ventes\/produit\/plugin-video-pour-dispatcheur-wave-ptx-abonnement-1-an\/"},"modified":"2026-02-19T14:50:23","modified_gmt":"2026-02-19T13:50:23","slug":"plugin-video-pour-dispatcheur-wave-ptx-abonnement-1-an","status":"publish","type":"product","link":"https:\/\/lebrascommunication.fr\/ventes\/produit\/plugin-video-pour-dispatcheur-wave-ptx-abonnement-1-an\/","title":{"rendered":"Plugin vid\u00e9o pour Dispatcheur Wave PTX abonnement 1 an"},"content":{"rendered":"<p>Abonnement au module vid\u00e9o qui s&rsquo;ajoute\u00a0au dispatcheur\u00a0Wave PTX Standard (GMLN5547A) ou Safeguard (GMLN5549A) de Motorola.<\/p>\n<p>Ce service Wave PTX permet la r\u00e9ception des flux vid\u00e9o en temps r\u00e9el au dispatcheur pour une p\u00e9riode de 1 an.<\/p>\n<p>Ce module n\u00e9cessite\u00a0la licence dispatcheur Wave PTX Standard (GMLN5551A) ou Safeguard (GMLN7637A).<\/p>\n<p>Nous activons vos licences \u00e0 distance gratuitement.<\/p>\n<p>L&rsquo;ordinateur n&rsquo;est pas fournis.<\/p>\n<p>Une licence n\u00e9cessaire par appareil et par an.<\/p>\n","protected":false},"excerpt":{"rendered":"<p>Ajoute la vid\u00e9o\u00a0au dispatcheur Wave PTX pendant 1 an.<\/p>\n","protected":false},"featured_media":1657,"template":"","meta":[],"product_brand":[3272],"product_cat":[3184],"product_tag":[3267,3915,3914],"class_list":{"0":"post-1664","1":"product","2":"type-product","3":"status-publish","4":"has-post-thumbnail","6":"product_brand-autres","7":"product_cat-slr1000","8":"product_tag-abonnement","9":"product_tag-dispatcheur-wave-ptx","10":"product_tag-plugin-video","12":"first","13":"instock","14":"shipping-taxable","15":"purchasable","16":"product-type-simple"},"_links":{"self":[{"href":"https:\/\/lebrascommunication.fr\/ventes\/wp-json\/wp\/v2\/product\/1664","targetHints":{"allow":["GET"]}}],"collection":[{"href":"https:\/\/lebrascommunication.fr\/ventes\/wp-json\/wp\/v2\/product"}],"about":[{"href":"https:\/\/lebrascommunication.fr\/ventes\/wp-json\/wp\/v2\/types\/product"}],"wp:featuredmedia":[{"embeddable":true,"href":"https:\/\/lebrascommunication.fr\/ventes\/wp-json\/wp\/v2\/media\/1657"}],"wp:attachment":[{"href":"https:\/\/lebrascommunication.fr\/ventes\/wp-json\/wp\/v2\/media?parent=1664"}],"wp:term":[{"taxonomy":"product_brand","embeddable":true,"href":"https:\/\/lebrascommunication.fr\/ventes\/wp-json\/wp\/v2\/product_brand?post=1664"},{"taxonomy":"product_cat","embeddable":true,"href":"https:\/\/lebrascommunication.fr\/ventes\/wp-json\/wp\/v2\/product_cat?post=1664"},{"taxonomy":"product_tag","embeddable":true,"href":"https:\/\/lebrascommunication.fr\/ventes\/wp-json\/wp\/v2\/product_tag?post=1664"}],"curies":[{"name":"wp","href":"https:\/\/api.w.org\/{rel}","templated":true}]}}