{"id":1654,"date":"2019-05-20T13:18:13","date_gmt":"2019-05-20T11:18:13","guid":{"rendered":"https:\/\/lebrascommunication.fr\/ventes\/produit\/lecteur-de-donnees-batteries-impres\/"},"modified":"2026-01-23T08:27:56","modified_gmt":"2026-01-23T07:27:56","slug":"lecteur-de-donnees-batteries-impres","status":"publish","type":"product","link":"https:\/\/lebrascommunication.fr\/ventes\/produit\/lecteur-de-donnees-batteries-impres\/","title":{"rendered":"Lecteur de donn\u00e9es batteries IMPRES"},"content":{"rendered":"<p><span id=\"result_box\" lang=\"fr\" xml:lang=\"fr\"><span class=\"hps\">Logiciel de lecture de donn\u00e9es\u00a0des batteries IMPRES.<\/span><\/span><\/p>\n<p><span lang=\"fr\" xml:lang=\"fr\"><span class=\"hps\"><strong>Informations donn\u00e9es :<\/strong><\/span><\/span><\/p>\n<ul>\n<li><span lang=\"fr\" xml:lang=\"fr\"><span class=\"hps\"> Date de premi\u00e8re charge<\/span><\/span><\/li>\n<li><span lang=\"fr\" xml:lang=\"fr\"><span class=\"hps\">Etat des performances par rapport \u00e0 la premi\u00e8re utilisation<\/span><\/span><\/li>\n<li><span lang=\"fr\" xml:lang=\"fr\"><span class=\"hps\">M\u00e9morisation des donn\u00e9es collect\u00e9es<\/span><\/span><\/li>\n<li><span lang=\"fr\" xml:lang=\"fr\"><span class=\"hps\">Diagnostique de dur\u00e9e de vie restante<\/span><\/span><\/li>\n<li>Comptabilit\u00e9 : batteries IMPRES uniquement<\/li>\n<\/ul>\n<p><strong>Technologie IMPRES :<\/strong>\u00a0Cette technologie fonctionne uniquement avec les batteries IMPRES Motorola. Elle permet d&rsquo;avoir un suivi de l&rsquo;\u00e9volution de la batterie depuis sa premi\u00e8re charge avec le logiciel et son interface, ou avec les mod\u00e8les de chargeurs \u00e0 \u00e9crans. Les batteries sont\u00a0reconditionn\u00e9es en fonction des besoins et permettent\u00a0une autonomie plus grande d&rsquo;environ 1h ainsi qu&rsquo;une dur\u00e9e de vie allong\u00e9e. Le reconditionnement des batteries est \u00e9galement effectif sur les chargeurs IMPRES sans \u00e9crans.<\/p>\n<p><strong>A savoir :<\/strong>\u00a0Le reconditionnement (d\u00e9charge compl\u00e8te avant recharge) de la batterie est automatique mais peut \u00eatre \u00e9vit\u00e9 par une simple manipulation pour plus de rapidit\u00e9. Il suffit de retirer la batterie de son emplacement de charge et de la mettre \u00e0 nouveau (la diode passe de l&rsquo;orange au rouge).<\/p>\n","protected":false},"excerpt":{"rendered":"<p>Lecteur de donn\u00e9es de donn\u00e9es\u00a0des batteries IMPRES.<\/p>\n","protected":false},"featured_media":1637,"template":"","meta":[],"product_brand":[3074],"product_cat":[3163],"product_tag":[3175,3539,3705],"class_list":{"0":"post-1654","1":"product","2":"type-product","3":"status-publish","4":"has-post-thumbnail","6":"product_brand-motorola","7":"product_cat-accessoires-talkies-motorola","8":"product_tag-batterie","9":"product_tag-impres","10":"product_tag-lecteur","12":"first","13":"instock","14":"shipping-taxable","15":"purchasable","16":"product-type-simple"},"_links":{"self":[{"href":"https:\/\/lebrascommunication.fr\/ventes\/wp-json\/wp\/v2\/product\/1654","targetHints":{"allow":["GET"]}}],"collection":[{"href":"https:\/\/lebrascommunication.fr\/ventes\/wp-json\/wp\/v2\/product"}],"about":[{"href":"https:\/\/lebrascommunication.fr\/ventes\/wp-json\/wp\/v2\/types\/product"}],"wp:featuredmedia":[{"embeddable":true,"href":"https:\/\/lebrascommunication.fr\/ventes\/wp-json\/wp\/v2\/media\/1637"}],"wp:attachment":[{"href":"https:\/\/lebrascommunication.fr\/ventes\/wp-json\/wp\/v2\/media?parent=1654"}],"wp:term":[{"taxonomy":"product_brand","embeddable":true,"href":"https:\/\/lebrascommunication.fr\/ventes\/wp-json\/wp\/v2\/product_brand?post=1654"},{"taxonomy":"product_cat","embeddable":true,"href":"https:\/\/lebrascommunication.fr\/ventes\/wp-json\/wp\/v2\/product_cat?post=1654"},{"taxonomy":"product_tag","embeddable":true,"href":"https:\/\/lebrascommunication.fr\/ventes\/wp-json\/wp\/v2\/product_tag?post=1654"}],"curies":[{"name":"wp","href":"https:\/\/api.w.org\/{rel}","templated":true}]}}