{"id":1651,"date":"2021-02-09T01:27:14","date_gmt":"2021-02-09T00:27:14","guid":{"rendered":"https:\/\/lebrascommunication.fr\/ventes\/produit\/plugin-video-pour-app-wave-ptx-abonnement-1-an\/"},"modified":"2026-02-17T15:18:25","modified_gmt":"2026-02-17T14:18:25","slug":"plugin-video-pour-app-wave-ptx-abonnement-1-an","status":"publish","type":"product","link":"https:\/\/lebrascommunication.fr\/ventes\/produit\/plugin-video-pour-app-wave-ptx-abonnement-1-an\/","title":{"rendered":"Plugin vid\u00e9o pour App Wave PTX abonnement 1 an"},"content":{"rendered":"<p>Abonnement au module vid\u00e9o qui s&rsquo;ajoute \u00e0 celui de l&rsquo;application Wave PTX Standard (GMLN5547A) ou Safeguard (GMLN5549A) de Motorola pour\u00a0smartphone.<\/p>\n<p>Ce service Wave PTX permet l&rsquo;envoie de flux vid\u00e9o en temps r\u00e9el au dispatcheur pour une p\u00e9riode de 1 an.<\/p>\n<p>Pour r\u00e9cup\u00e9rer les positions GPS et communiquer depuis votre\u00a0ordinateur connect\u00e9 \u00e0 internet, et r\u00e9cup\u00e9rer les flux vid\u00e9o, il vous faut la licence dispatcheur Wave PTX Standard (GMLN5551A) ou Safeguard (GMLN7637A), ainsi que le module vid\u00e9o compl\u00e9mentaire (GMLN7635A).<\/p>\n<p>Nous activons vos licences \u00e0 distance gratuitement.<\/p>\n<p>Le smartphone et l&rsquo;abonnement 3G\/4G ne sont\u00a0pas fournis.<\/p>\n<p>Une licence n\u00e9cessaire par appareil et par an.<\/p>\n","protected":false},"excerpt":{"rendered":"<p>Ajoute la vid\u00e9o \u00e0 l&rsquo;application Wave PTX Standard pour smartphone pendant 1 an.<\/p>\n","protected":false},"featured_media":1645,"template":"","meta":[],"product_brand":[3074],"product_cat":[3184],"product_tag":[3267,3755,3265],"class_list":{"0":"post-1651","1":"product","2":"type-product","3":"status-publish","4":"has-post-thumbnail","6":"product_brand-motorola","7":"product_cat-slr1000","8":"product_tag-abonnement","9":"product_tag-gps","10":"product_tag-wave-ptx","12":"first","13":"instock","14":"shipping-taxable","15":"purchasable","16":"product-type-simple"},"_links":{"self":[{"href":"https:\/\/lebrascommunication.fr\/ventes\/wp-json\/wp\/v2\/product\/1651","targetHints":{"allow":["GET"]}}],"collection":[{"href":"https:\/\/lebrascommunication.fr\/ventes\/wp-json\/wp\/v2\/product"}],"about":[{"href":"https:\/\/lebrascommunication.fr\/ventes\/wp-json\/wp\/v2\/types\/product"}],"wp:featuredmedia":[{"embeddable":true,"href":"https:\/\/lebrascommunication.fr\/ventes\/wp-json\/wp\/v2\/media\/1645"}],"wp:attachment":[{"href":"https:\/\/lebrascommunication.fr\/ventes\/wp-json\/wp\/v2\/media?parent=1651"}],"wp:term":[{"taxonomy":"product_brand","embeddable":true,"href":"https:\/\/lebrascommunication.fr\/ventes\/wp-json\/wp\/v2\/product_brand?post=1651"},{"taxonomy":"product_cat","embeddable":true,"href":"https:\/\/lebrascommunication.fr\/ventes\/wp-json\/wp\/v2\/product_cat?post=1651"},{"taxonomy":"product_tag","embeddable":true,"href":"https:\/\/lebrascommunication.fr\/ventes\/wp-json\/wp\/v2\/product_tag?post=1651"}],"curies":[{"name":"wp","href":"https:\/\/api.w.org\/{rel}","templated":true}]}}