{"id":1643,"date":"2021-02-09T00:29:08","date_gmt":"2021-02-08T23:29:08","guid":{"rendered":"https:\/\/lebrascommunication.fr\/ventes\/produit\/dispatcheur-wave-ptx-standard-abonnement-1-an-3\/"},"modified":"2026-01-22T14:08:16","modified_gmt":"2026-01-22T13:08:16","slug":"dispatcheur-wave-ptx-standard-abonnement-1-an-3","status":"publish","type":"product","link":"https:\/\/lebrascommunication.fr\/ventes\/produit\/dispatcheur-wave-ptx-standard-abonnement-1-an-3\/","title":{"rendered":"Dispatcheur Wave PTX Safeguard abonnement 1 an"},"content":{"rendered":"<p>Abonnement\u00a0au dispatcheur Wave PTX Safeguard de Motorola.<\/p>\n<p>Ce service Wave PTX comprend l&rsquo;acc\u00e8s au serveurs Motorola pour des communications en Push To Talk, la gestion des alarmes, l&rsquo;\u00e9coute discr\u00e8te, l&rsquo;activation ou d\u00e9sactivation radio \u00e0 distance, et la r\u00e9cup\u00e9ration des positions GPS sur cartographie depuis un ordinateur connect\u00e9 \u00e0 internet, pour une p\u00e9riode de 1 an.<\/p>\n<p>Compatible avec les applications pour smartphone Wave PTX et les radios\u00a0<a href=\"http:\/\/lbc-systems.com\/talkies-lte-3g4g\/1564-tlk100.html\">TLK100<\/a>\u00a0et\u00a0<a href=\"http:\/\/lbc-systems.com\/lte-4g\/1624-tlk150.html\">TLK 150<\/a>\u00a0de Motorola.<\/p>\n<p>Nous activons vos licences \u00e0 distance gratuitement.<\/p>\n<p>L&rsquo;ordinateur n&rsquo;est pas fournis.<\/p>\n<p>Une licence n\u00e9cessaire par an.<\/p>\n","protected":false},"excerpt":{"rendered":"<p>Licence dispatcheur Wave PTX Safeguard abonnement 1 an<\/p>\n","protected":false},"featured_media":1640,"template":"","meta":[],"product_brand":[3074],"product_cat":[3163,3181],"product_tag":[3615,3546,3639,3173,3265],"class_list":{"0":"post-1643","1":"product","2":"type-product","3":"status-publish","4":"has-post-thumbnail","6":"product_brand-motorola","7":"product_cat-accessoires-talkies-motorola","8":"product_cat-sl-tlk","9":"product_tag-dispatcheur","10":"product_tag-safeguard","11":"product_tag-tlk-150","12":"product_tag-tlk100","13":"product_tag-wave-ptx","15":"first","16":"instock","17":"shipping-taxable","18":"purchasable","19":"product-type-simple"},"_links":{"self":[{"href":"https:\/\/lebrascommunication.fr\/ventes\/wp-json\/wp\/v2\/product\/1643","targetHints":{"allow":["GET"]}}],"collection":[{"href":"https:\/\/lebrascommunication.fr\/ventes\/wp-json\/wp\/v2\/product"}],"about":[{"href":"https:\/\/lebrascommunication.fr\/ventes\/wp-json\/wp\/v2\/types\/product"}],"wp:featuredmedia":[{"embeddable":true,"href":"https:\/\/lebrascommunication.fr\/ventes\/wp-json\/wp\/v2\/media\/1640"}],"wp:attachment":[{"href":"https:\/\/lebrascommunication.fr\/ventes\/wp-json\/wp\/v2\/media?parent=1643"}],"wp:term":[{"taxonomy":"product_brand","embeddable":true,"href":"https:\/\/lebrascommunication.fr\/ventes\/wp-json\/wp\/v2\/product_brand?post=1643"},{"taxonomy":"product_cat","embeddable":true,"href":"https:\/\/lebrascommunication.fr\/ventes\/wp-json\/wp\/v2\/product_cat?post=1643"},{"taxonomy":"product_tag","embeddable":true,"href":"https:\/\/lebrascommunication.fr\/ventes\/wp-json\/wp\/v2\/product_tag?post=1643"}],"curies":[{"name":"wp","href":"https:\/\/api.w.org\/{rel}","templated":true}]}}