{"id":1642,"date":"2017-10-23T17:28:15","date_gmt":"2017-10-23T15:28:15","guid":{"rendered":"https:\/\/lebrascommunication.fr\/ventes\/produit\/if-f62dm\/"},"modified":"2026-02-13T14:18:57","modified_gmt":"2026-02-13T13:18:57","slug":"if-f62dm","status":"publish","type":"product","link":"https:\/\/lebrascommunication.fr\/ventes\/produit\/if-f62dm\/","title":{"rendered":"IF-F62DM"},"content":{"rendered":"<p><strong>Portatif marine \u00ab\u00a0UHF on board\u00a0\u00bb avec PTi, bluetooth, vibreur et enregistrement de voix.<br \/>\n<\/strong><\/p>\n<p><strong><b>Communication mixte analogique et num\u00e9rique (NXDN) marine pour usage maritime embarqu\u00e9.<\/b><\/strong><\/p>\n<p><strong>Caract\u00e9ristiques:<\/strong><\/p>\n<ul>\n<li>Etanch\u00e9it\u00e9 : IP67 (R\u00e9sistance aux intemp\u00e9ries et \u00e0 la poussi\u00e8re)<\/li>\n<li>Protection du travailleur isol\u00e9 (PTI) int\u00e9gr\u00e9<\/li>\n<li>Communication mixte analogique et num\u00e9rique marine pour usage maritime embarqu\u00e9<\/li>\n<li>Fonction bluetooth<\/li>\n<li>Fonction enregistrement<\/li>\n<li>Puissance : 2W<\/li>\n<li>512 canaux<\/li>\n<\/ul>\n<p><span style=\"text-decoration: underline\">Attention : ce portatif est livr\u00e9 sans chargeur <\/span><\/p>\n<p><strong>Bandes de fr\u00e9quence:\u00a0<span class=\"bodycopy\">VHF 400-470 MHz<\/span><\/strong><\/p>\n<p>&nbsp;<\/p>\n<p><strong>Le pack standard comprend :<br \/>\n<\/strong><\/p>\n<ul>\n<li>Un portatif<\/li>\n<li>Une antenne courte flexible\u00a0 UHF 450-490 MHz (r\u00e9f: FA-SC73US)<\/li>\n<\/ul>\n<ul>\n<li>Un guide d&rsquo;utilisation<\/li>\n<\/ul>\n<p>Fabrication japonaise.<\/p>\n<p>Ce produit est garantit 3 ans. Nos conditions de garantie sont souples (voir les conditions g\u00e9n\u00e9rales de vente).<\/p>\n<h5><\/h5>\n<h5><\/h5>\n","protected":false},"excerpt":{"rendered":"<p><strong>Portatif marine \u00ab\u00a0UHF on board\u00a0\u00bb avec PTi, bluetooth, vibreur et enregistrement de voix.<br \/>\n<\/strong><\/p>\n<p><strong><b>Communication mixte analogique et num\u00e9rique (NXDN) marine pour usage maritime embarqu\u00e9.<\/b><br \/>\n<\/strong><\/p>\n","protected":false},"featured_media":1607,"template":"","meta":[],"product_brand":[3077],"product_cat":[3144],"product_tag":[3496,3279,3833,3587,3548,3497,1154,3407,3832],"class_list":{"0":"post-1642","1":"product","2":"type-product","3":"status-publish","4":"has-post-thumbnail","6":"product_brand-icom","7":"product_cat-talkies-pro-icom-talkies-pro-icom","8":"product_tag-analogique","9":"product_tag-bluetooth","10":"product_tag-enregistrement-de-voix","11":"product_tag-if-f62dm","12":"product_tag-marine","13":"product_tag-numerique","14":"product_tag-pti","15":"product_tag-uhf","16":"product_tag-vibreur","18":"first","19":"instock","20":"shipping-taxable","21":"purchasable","22":"product-type-simple"},"_links":{"self":[{"href":"https:\/\/lebrascommunication.fr\/ventes\/wp-json\/wp\/v2\/product\/1642","targetHints":{"allow":["GET"]}}],"collection":[{"href":"https:\/\/lebrascommunication.fr\/ventes\/wp-json\/wp\/v2\/product"}],"about":[{"href":"https:\/\/lebrascommunication.fr\/ventes\/wp-json\/wp\/v2\/types\/product"}],"wp:featuredmedia":[{"embeddable":true,"href":"https:\/\/lebrascommunication.fr\/ventes\/wp-json\/wp\/v2\/media\/1607"}],"wp:attachment":[{"href":"https:\/\/lebrascommunication.fr\/ventes\/wp-json\/wp\/v2\/media?parent=1642"}],"wp:term":[{"taxonomy":"product_brand","embeddable":true,"href":"https:\/\/lebrascommunication.fr\/ventes\/wp-json\/wp\/v2\/product_brand?post=1642"},{"taxonomy":"product_cat","embeddable":true,"href":"https:\/\/lebrascommunication.fr\/ventes\/wp-json\/wp\/v2\/product_cat?post=1642"},{"taxonomy":"product_tag","embeddable":true,"href":"https:\/\/lebrascommunication.fr\/ventes\/wp-json\/wp\/v2\/product_tag?post=1642"}],"curies":[{"name":"wp","href":"https:\/\/api.w.org\/{rel}","templated":true}]}}