{"id":164,"date":"2016-02-15T17:50:26","date_gmt":"2016-02-15T16:50:26","guid":{"rendered":"https:\/\/lebrascommunication.fr\/ventes\/produit\/micro-oreillette-discrete-4\/"},"modified":"2026-01-26T11:10:23","modified_gmt":"2026-01-26T10:10:23","slug":"micro-oreillette-discrete-4","status":"publish","type":"product","link":"https:\/\/lebrascommunication.fr\/ventes\/produit\/micro-oreillette-discrete-4\/","title":{"rendered":"Micro oreillette discr\u00e8te"},"content":{"rendered":"<p>Micro-oreillette discr\u00e8te\u00a0beige avec tube acoustique translucide pour series DP3000, DP4000.<\/p>\n<p>Oreillette amovible et disponible en pi\u00e8ce d\u00e9tach\u00e9e<\/p>\n<p><strong>Caract\u00e9ristiques :<\/strong><\/p>\n<ul>\n<li>Utilisation : re\u00e7oit et transmet<\/li>\n<li>Alternat (Push To Talk) : \u00e0 main s\u00e9par\u00e9<\/li>\n<li>D\u00e9clenchement par la voix (VOX) : oui<\/li>\n<li>Micro : oui (cravate)<\/li>\n<li>Couleur : beige<\/li>\n<li>Nombre de fils : 3<\/li>\n<li>Type d&rsquo;\u00e9couteur : tube acoustique avec t\u00e9tine silicone<\/li>\n<li>Standard de s\u00e9curit\u00e9 intrins\u00e8que : UL-TIA4950<\/li>\n<\/ul>\n","protected":false},"excerpt":{"rendered":"<p>Micro-oreillette discr\u00e8te\u00a0beige avec tube acoustique translucide pour series DP3000, DP4000<\/p>\n","protected":false},"featured_media":159,"template":"","meta":[],"product_brand":[3074],"product_cat":[3179,3163],"product_tag":[3192,3225,3334],"class_list":{"0":"post-164","1":"product","2":"type-product","3":"status-publish","4":"has-post-thumbnail","6":"product_brand-motorola","7":"product_cat-dp3000e","8":"product_cat-accessoires-talkies-motorola","9":"product_tag-dp3000","10":"product_tag-dp4000","11":"product_tag-micro-oreillette","13":"first","14":"instock","15":"shipping-taxable","16":"purchasable","17":"product-type-simple"},"_links":{"self":[{"href":"https:\/\/lebrascommunication.fr\/ventes\/wp-json\/wp\/v2\/product\/164","targetHints":{"allow":["GET"]}}],"collection":[{"href":"https:\/\/lebrascommunication.fr\/ventes\/wp-json\/wp\/v2\/product"}],"about":[{"href":"https:\/\/lebrascommunication.fr\/ventes\/wp-json\/wp\/v2\/types\/product"}],"wp:featuredmedia":[{"embeddable":true,"href":"https:\/\/lebrascommunication.fr\/ventes\/wp-json\/wp\/v2\/media\/159"}],"wp:attachment":[{"href":"https:\/\/lebrascommunication.fr\/ventes\/wp-json\/wp\/v2\/media?parent=164"}],"wp:term":[{"taxonomy":"product_brand","embeddable":true,"href":"https:\/\/lebrascommunication.fr\/ventes\/wp-json\/wp\/v2\/product_brand?post=164"},{"taxonomy":"product_cat","embeddable":true,"href":"https:\/\/lebrascommunication.fr\/ventes\/wp-json\/wp\/v2\/product_cat?post=164"},{"taxonomy":"product_tag","embeddable":true,"href":"https:\/\/lebrascommunication.fr\/ventes\/wp-json\/wp\/v2\/product_tag?post=164"}],"curies":[{"name":"wp","href":"https:\/\/api.w.org\/{rel}","templated":true}]}}