{"id":1632,"date":"2019-05-20T13:09:42","date_gmt":"2019-05-20T11:09:42","guid":{"rendered":"https:\/\/lebrascommunication.fr\/ventes\/produit\/cable-de-programmation-9\/"},"modified":"2026-04-16T15:44:11","modified_gmt":"2026-04-16T13:44:11","slug":"cable-de-programmation-9","status":"publish","type":"product","link":"https:\/\/lebrascommunication.fr\/ventes\/produit\/cable-de-programmation-9\/","title":{"rendered":"C\u00e2ble de programmation"},"content":{"rendered":"<p>C\u00e2ble de programmation requis pour la gestion de flotte<\/p>\n<p>Longueur : 130 cm<\/p>\n<ul>\n<li>Type de c\u00e2ble: c\u00e2ble USB A vers USB micro-B<\/li>\n<li>Longueur : 130 cm<\/li>\n<li>Requis pour se connecter \u00e0 un PC pour la gestion de flotte (MOTOTRBO) et iTM (TETRA)<\/li>\n<li>Compatibilit\u00e9: kits de chargeur multi-unit\u00e9s TETRA ATEX et MOTOTRBO \u00e0 6 voies (PMPN4289A, PMPN4290A et PMPN4284A);\u00a0TETRA MTP6650 Kits de chargeur multi-unit\u00e9s 12 voies (PMPN4217A, PMPN4218A et PMPN4216A)<\/li>\n<li>Remarque: pour ex\u00e9cuter la gestion de flotte MOTOTRBO sur les chargeurs PMPN4289A, PMPN4290A et PMPN4284A, le c\u00e2ble se branche directement sur le chargeur &#8211; aucun autre CIU (unit\u00e9 d&rsquo;interface chargeur) suppl\u00e9mentaire \u00e0 utiliser avec ces chargeurs<\/li>\n<\/ul>\n","protected":false},"excerpt":{"rendered":"<p>C\u00e2ble de programmation<\/p>\n<p>USB vers\u00a0micro USB<\/p>\n","protected":false},"featured_media":3848,"template":"","meta":[],"product_brand":[3204,3074],"product_cat":[3163],"product_tag":[3276,3514],"class_list":{"0":"post-1632","1":"product","2":"type-product","3":"status-publish","4":"has-post-thumbnail","6":"product_brand-cp-france","7":"product_brand-motorola","8":"product_cat-accessoires-talkies-motorola","9":"product_tag-cable","10":"product_tag-programmation","12":"first","13":"instock","14":"shipping-taxable","15":"purchasable","16":"product-type-simple"},"_links":{"self":[{"href":"https:\/\/lebrascommunication.fr\/ventes\/wp-json\/wp\/v2\/product\/1632","targetHints":{"allow":["GET"]}}],"collection":[{"href":"https:\/\/lebrascommunication.fr\/ventes\/wp-json\/wp\/v2\/product"}],"about":[{"href":"https:\/\/lebrascommunication.fr\/ventes\/wp-json\/wp\/v2\/types\/product"}],"wp:featuredmedia":[{"embeddable":true,"href":"https:\/\/lebrascommunication.fr\/ventes\/wp-json\/wp\/v2\/media\/3848"}],"wp:attachment":[{"href":"https:\/\/lebrascommunication.fr\/ventes\/wp-json\/wp\/v2\/media?parent=1632"}],"wp:term":[{"taxonomy":"product_brand","embeddable":true,"href":"https:\/\/lebrascommunication.fr\/ventes\/wp-json\/wp\/v2\/product_brand?post=1632"},{"taxonomy":"product_cat","embeddable":true,"href":"https:\/\/lebrascommunication.fr\/ventes\/wp-json\/wp\/v2\/product_cat?post=1632"},{"taxonomy":"product_tag","embeddable":true,"href":"https:\/\/lebrascommunication.fr\/ventes\/wp-json\/wp\/v2\/product_tag?post=1632"}],"curies":[{"name":"wp","href":"https:\/\/api.w.org\/{rel}","templated":true}]}}