{"id":1621,"date":"2021-02-08T17:01:56","date_gmt":"2021-02-08T16:01:56","guid":{"rendered":"https:\/\/lebrascommunication.fr\/ventes\/produit\/application-wave-ptx-safeguard-1-an\/"},"modified":"2026-01-09T14:19:11","modified_gmt":"2026-01-09T13:19:11","slug":"application-wave-ptx-safeguard-1-an","status":"publish","type":"product","link":"https:\/\/lebrascommunication.fr\/ventes\/produit\/application-wave-ptx-safeguard-1-an\/","title":{"rendered":"Application Wave PTX Safeguard abonnement 1 an"},"content":{"rendered":"<p>Abonnement \u00e0 l&rsquo;application Wave PTX Safeguard de Motorola pour\u00a0smartphone.<\/p>\n<p>Ce service Wave PTX comprend l&rsquo;application et l&rsquo;acc\u00e8s au serveurs Motorola pour des communications en Push To Talk pour une p\u00e9riode de 1 an.<\/p>\n<p>Communications de groupes ou appels s\u00e9lectifs, balayage des canaux, r\u00e9pertoire, message d&rsquo;alerte, positions GPS,\u00a0alertes volontaires, appels d&rsquo;urgence, \u00e9coute discr\u00e8te, activation et d\u00e9sactivation radio \u00e0 distance.<\/p>\n<p>Pour r\u00e9cup\u00e9rer les positions GPS et communiquer depuis votre\u00a0ordinateur connect\u00e9 \u00e0 internet, il vous faut la licence dispatcheur Safeguard Wave PTX (GMLN7637A).<\/p>\n<p>Nous activons vos licences \u00e0 distance gratuitement.<\/p>\n<p>Le smartphone et l&rsquo;abonnement 3G\/4G ne sont pas fournis.<\/p>\n<p>Une licence n\u00e9cessaire par appareil et par an.<\/p>\n","protected":false},"excerpt":{"rendered":"<p>Application Wave PTX Safeguard pour smartphone. Communiquez en Push To talk avec g\u00e9olocalisation pendant 1 an.<\/p>\n","protected":false},"featured_media":1619,"template":"","meta":[],"product_brand":[3074],"product_cat":[145],"product_tag":[3263,3301,3303,3546,3302,3265],"class_list":{"0":"post-1621","1":"product","2":"type-product","3":"status-publish","4":"has-post-thumbnail","6":"product_brand-motorola","7":"product_cat-gsm-pti","8":"product_tag-3g-4g","9":"product_tag-application","10":"product_tag-geolocalisation","11":"product_tag-safeguard","12":"product_tag-smartphone","13":"product_tag-wave-ptx","15":"first","16":"instock","17":"shipping-taxable","18":"purchasable","19":"product-type-simple"},"_links":{"self":[{"href":"https:\/\/lebrascommunication.fr\/ventes\/wp-json\/wp\/v2\/product\/1621","targetHints":{"allow":["GET"]}}],"collection":[{"href":"https:\/\/lebrascommunication.fr\/ventes\/wp-json\/wp\/v2\/product"}],"about":[{"href":"https:\/\/lebrascommunication.fr\/ventes\/wp-json\/wp\/v2\/types\/product"}],"wp:featuredmedia":[{"embeddable":true,"href":"https:\/\/lebrascommunication.fr\/ventes\/wp-json\/wp\/v2\/media\/1619"}],"wp:attachment":[{"href":"https:\/\/lebrascommunication.fr\/ventes\/wp-json\/wp\/v2\/media?parent=1621"}],"wp:term":[{"taxonomy":"product_brand","embeddable":true,"href":"https:\/\/lebrascommunication.fr\/ventes\/wp-json\/wp\/v2\/product_brand?post=1621"},{"taxonomy":"product_cat","embeddable":true,"href":"https:\/\/lebrascommunication.fr\/ventes\/wp-json\/wp\/v2\/product_cat?post=1621"},{"taxonomy":"product_tag","embeddable":true,"href":"https:\/\/lebrascommunication.fr\/ventes\/wp-json\/wp\/v2\/product_tag?post=1621"}],"curies":[{"name":"wp","href":"https:\/\/api.w.org\/{rel}","templated":true}]}}