{"id":1605,"date":"2017-10-23T17:10:06","date_gmt":"2017-10-23T15:10:06","guid":{"rendered":"https:\/\/lebrascommunication.fr\/ventes\/produit\/if-f2000dm\/"},"modified":"2026-02-13T11:09:06","modified_gmt":"2026-02-13T10:09:06","slug":"if-f2000dm","status":"publish","type":"product","link":"https:\/\/lebrascommunication.fr\/ventes\/produit\/if-f2000dm\/","title":{"rendered":"IF-F2000DM"},"content":{"rendered":"<p><strong>Portatif marine \u00ab\u00a0UHF on board\u00a0\u00bb 2W avec PTi, bluetooth, vibreur et enregistrement de voix.<br \/>\n<\/strong><\/p>\n<p><strong><b>Communication mixte analogique et num\u00e9rique (NXDN) marine pour usage maritime embarqu\u00e9.<\/b><\/strong><\/p>\n<p><strong>Caract\u00e9ristiques:<\/strong><\/p>\n<ul>\n<li>Etanch\u00e9it\u00e9 : IP67 (R\u00e9sistance aux intemp\u00e9ries et \u00e0 la poussi\u00e8re)<\/li>\n<li>Protection du travailleur isol\u00e9 (PTI), alarme manuelle et Lone Worker int\u00e9gr\u00e9s (\u00e0 programmer par nos soins)<\/li>\n<li>Communication mixte analogique et num\u00e9rique marine pour usage maritime embarqu\u00e9<\/li>\n<li>Fonction bluetooth<\/li>\n<li>Fonction enregistrement<\/li>\n<li>Puissance : 2W<\/li>\n<li>16 canaux<\/li>\n<li>6 canaux simplex analogiques et 3 canaux duplex \u00ab\u00a0UHF OnBoard\u00a0\u00bb<\/li>\n<li>6 canaux simplex num\u00e9riques et 1 canal duplex \u00ab\u00a0UHF OnBoard\u00a0\u00bb<\/li>\n<li>Possibilit\u00e9 de canaux PMR (*) \u00e0 la place de certains canaux \u00ab\u00a0UHF OnBoard\u00a0\u00bb<\/li>\n<li>Tr\u00e8s compact 52,2 x 111,8 x 30,3mm pour seulement 260g<\/li>\n<li>Grande autonomie (18h)<\/li>\n<li>Livr\u00e9e avec antenne courte et antenne longue<\/li>\n<\/ul>\n<p>(*) Necessite une licence<\/p>\n<p><strong>Bandes de fr\u00e9quence:\u00a0<span class=\"bodycopy\">VHF 400-470 MHz<br \/>\n<\/span><\/strong><\/p>\n<p><strong><span class=\"bodycopy\">Dimensions : 52,2 x 111,8 x 30,3 mm<\/span><\/strong><\/p>\n<p><strong><span class=\"bodycopy\">Poids : 260 g<br \/>\n<\/span><\/strong><\/p>\n<p><strong>Le pack standard comprend :<br \/>\n<\/strong><\/p>\n<ul>\n<li>Un portatif<\/li>\n<li>Une antenne courte flexible UHF 450-490 MHz (r\u00e9f: FA-SC73US)<\/li>\n<li>Une antenne longue flexible UHF 440-470 MHZ ( r\u00e9f: FA-SC57U)<\/li>\n<li>Une alimentation (r\u00e9f: BC-123SE)<\/li>\n<li>Un chargeur rapide individuel (r\u00e9f: BC-213)<\/li>\n<li>Une batterie Li-Ion 7,2V 2400mAh (r\u00e9f : BP-280)<\/li>\n<\/ul>\n<ul>\n<li>Un guide d&rsquo;utilisation<\/li>\n<\/ul>\n<p>Fabrication japonaise.<\/p>\n<p>Ce produit est garantit 3 ans. Nos conditions de garantie sont souples (voir les conditions g\u00e9n\u00e9rales de vente).<\/p>\n<h5><\/h5>\n<h5><\/h5>\n","protected":false},"excerpt":{"rendered":"<p><strong>Portatif marine \u00ab\u00a0UHF on board\u00a0\u00bb 2W, avec PTi, bluetooth, vibreur et enregistrement de voix.<br \/>\n<\/strong><\/p>\n<p><strong><b>Communication mixte analogique et num\u00e9rique (NXDN) marine pour usage maritime embarqu\u00e9.<\/b><br \/>\n<\/strong><\/p>\n","protected":false},"featured_media":1562,"template":"","meta":[],"product_brand":[3077],"product_cat":[3144],"product_tag":[3700,3548,3407],"class_list":{"0":"post-1605","1":"product","2":"type-product","3":"status-publish","4":"has-post-thumbnail","6":"product_brand-icom","7":"product_cat-talkies-pro-icom-talkies-pro-icom","8":"product_tag-if-f2000dm","9":"product_tag-marine","10":"product_tag-uhf","12":"first","13":"instock","14":"shipping-taxable","15":"purchasable","16":"product-type-simple"},"_links":{"self":[{"href":"https:\/\/lebrascommunication.fr\/ventes\/wp-json\/wp\/v2\/product\/1605","targetHints":{"allow":["GET"]}}],"collection":[{"href":"https:\/\/lebrascommunication.fr\/ventes\/wp-json\/wp\/v2\/product"}],"about":[{"href":"https:\/\/lebrascommunication.fr\/ventes\/wp-json\/wp\/v2\/types\/product"}],"wp:featuredmedia":[{"embeddable":true,"href":"https:\/\/lebrascommunication.fr\/ventes\/wp-json\/wp\/v2\/media\/1562"}],"wp:attachment":[{"href":"https:\/\/lebrascommunication.fr\/ventes\/wp-json\/wp\/v2\/media?parent=1605"}],"wp:term":[{"taxonomy":"product_brand","embeddable":true,"href":"https:\/\/lebrascommunication.fr\/ventes\/wp-json\/wp\/v2\/product_brand?post=1605"},{"taxonomy":"product_cat","embeddable":true,"href":"https:\/\/lebrascommunication.fr\/ventes\/wp-json\/wp\/v2\/product_cat?post=1605"},{"taxonomy":"product_tag","embeddable":true,"href":"https:\/\/lebrascommunication.fr\/ventes\/wp-json\/wp\/v2\/product_tag?post=1605"}],"curies":[{"name":"wp","href":"https:\/\/api.w.org\/{rel}","templated":true}]}}