{"id":1604,"date":"2021-02-08T15:53:42","date_gmt":"2021-02-08T14:53:42","guid":{"rendered":"https:\/\/lebrascommunication.fr\/ventes\/produit\/licence-dmr-4\/"},"modified":"2026-01-13T14:01:11","modified_gmt":"2026-01-13T13:01:11","slug":"licence-dmr-4","status":"publish","type":"product","link":"https:\/\/lebrascommunication.fr\/ventes\/produit\/licence-dmr-4\/","title":{"rendered":"Abonnement Safeguard 1 an Wave PTX"},"content":{"rendered":"<p>Abonnement Safeguard de 1 an au service Wave PTX de Motorola pour un TLK100 ou un TLK150.<\/p>\n<p>Ce service comprend la couverture sur le r\u00e9seau 4G en Europe par tous les grands op\u00e9rateurs t\u00e9l\u00e9com et l&rsquo;acc\u00e8s au serveurs Motorola.<\/p>\n<p>Communications de groupes ou appels s\u00e9lectifs, balayage des canaux, message d&rsquo;alerte, positions GPS,\u00a0alertes volontaires, appels d&rsquo;urgence, \u00e9coute discr\u00e8te, activation et d\u00e9sactivation radio \u00e0 distance.<\/p>\n<p>Pour r\u00e9cup\u00e9rer les positions GPS et communiquer depuis votre\u00a0ordinateur connect\u00e9 \u00e0 internet, il vous faut la licence dispatcheur Safeguard Wave PTX (GMLN7637A).<\/p>\n<p>Nous activons vos licences \u00e0 distance gratuitement.<\/p>\n<p>Une licence n\u00e9cessaire par appareil et par an.<\/p>\n","protected":false},"excerpt":{"rendered":"<p>Abonnement 1 an acc\u00e8s 4G Europe pour TLK100 et TLK150.<\/p>\n","protected":false},"featured_media":1603,"template":"","meta":[],"product_brand":[3074],"product_cat":[3181],"product_tag":[3559,3268,3267,3546,3173,3212,3265],"class_list":{"0":"post-1604","1":"product","2":"type-product","3":"status-publish","4":"has-post-thumbnail","6":"product_brand-motorola","7":"product_cat-sl-tlk","8":"product_tag-1-an","9":"product_tag-4g","10":"product_tag-abonnement","11":"product_tag-safeguard","12":"product_tag-tlk100","13":"product_tag-tlk150","14":"product_tag-wave-ptx","16":"first","17":"instock","18":"shipping-taxable","19":"purchasable","20":"product-type-simple"},"_links":{"self":[{"href":"https:\/\/lebrascommunication.fr\/ventes\/wp-json\/wp\/v2\/product\/1604","targetHints":{"allow":["GET"]}}],"collection":[{"href":"https:\/\/lebrascommunication.fr\/ventes\/wp-json\/wp\/v2\/product"}],"about":[{"href":"https:\/\/lebrascommunication.fr\/ventes\/wp-json\/wp\/v2\/types\/product"}],"wp:featuredmedia":[{"embeddable":true,"href":"https:\/\/lebrascommunication.fr\/ventes\/wp-json\/wp\/v2\/media\/1603"}],"wp:attachment":[{"href":"https:\/\/lebrascommunication.fr\/ventes\/wp-json\/wp\/v2\/media?parent=1604"}],"wp:term":[{"taxonomy":"product_brand","embeddable":true,"href":"https:\/\/lebrascommunication.fr\/ventes\/wp-json\/wp\/v2\/product_brand?post=1604"},{"taxonomy":"product_cat","embeddable":true,"href":"https:\/\/lebrascommunication.fr\/ventes\/wp-json\/wp\/v2\/product_cat?post=1604"},{"taxonomy":"product_tag","embeddable":true,"href":"https:\/\/lebrascommunication.fr\/ventes\/wp-json\/wp\/v2\/product_tag?post=1604"}],"curies":[{"name":"wp","href":"https:\/\/api.w.org\/{rel}","templated":true}]}}