{"id":1601,"date":"2021-02-07T21:08:46","date_gmt":"2021-02-07T20:08:46","guid":{"rendered":"https:\/\/lebrascommunication.fr\/ventes\/produit\/batterie-li-ion-2500mah-tlk100\/"},"modified":"2026-04-16T15:43:19","modified_gmt":"2026-04-16T13:43:19","slug":"batterie-li-ion-2500mah-tlk100","status":"publish","type":"product","link":"https:\/\/lebrascommunication.fr\/ventes\/produit\/batterie-li-ion-2500mah-tlk100\/","title":{"rendered":"Batterie Li-Ion 2500mAh TLK100"},"content":{"rendered":"<p>Batterie Li-Ion 2500mAh pour\u00a0TLK100.<\/p>\n<p><strong>Caract\u00e9ristiques :<\/strong><\/p>\n<ul>\n<li>Type : Li-Ion<\/li>\n<li>Capacit\u00e9 : 2500 mAh<\/li>\n<li>Autonomie\u00a0: 18h environ<\/li>\n<li>Batterie intelligente : non<\/li>\n<li>M\u00e9moire de charge : non<\/li>\n<li>Temp\u00e9ratures d&rsquo;utilisation : -20\u00b0c \u00e0 +60\u00b0c<\/li>\n<li>Standard de s\u00e9curit\u00e9 intrins\u00e8que : non<\/li>\n<li>Indice de protection : IP54<\/li>\n<\/ul>\n<p>&nbsp;<\/p>\n","protected":false},"excerpt":{"rendered":"<p>Batterie Li-Ion 2500mAh pour\u00a0TLK100.<\/p>\n","protected":false},"featured_media":1599,"template":"","meta":[],"product_brand":[3074],"product_cat":[3163,3181],"product_tag":[3175,3173],"class_list":{"0":"post-1601","1":"product","2":"type-product","3":"status-publish","4":"has-post-thumbnail","6":"product_brand-motorola","7":"product_cat-accessoires-talkies-motorola","8":"product_cat-sl-tlk","9":"product_tag-batterie","10":"product_tag-tlk100","12":"first","13":"instock","14":"shipping-taxable","15":"purchasable","16":"product-type-simple"},"_links":{"self":[{"href":"https:\/\/lebrascommunication.fr\/ventes\/wp-json\/wp\/v2\/product\/1601","targetHints":{"allow":["GET"]}}],"collection":[{"href":"https:\/\/lebrascommunication.fr\/ventes\/wp-json\/wp\/v2\/product"}],"about":[{"href":"https:\/\/lebrascommunication.fr\/ventes\/wp-json\/wp\/v2\/types\/product"}],"wp:featuredmedia":[{"embeddable":true,"href":"https:\/\/lebrascommunication.fr\/ventes\/wp-json\/wp\/v2\/media\/1599"}],"wp:attachment":[{"href":"https:\/\/lebrascommunication.fr\/ventes\/wp-json\/wp\/v2\/media?parent=1601"}],"wp:term":[{"taxonomy":"product_brand","embeddable":true,"href":"https:\/\/lebrascommunication.fr\/ventes\/wp-json\/wp\/v2\/product_brand?post=1601"},{"taxonomy":"product_cat","embeddable":true,"href":"https:\/\/lebrascommunication.fr\/ventes\/wp-json\/wp\/v2\/product_cat?post=1601"},{"taxonomy":"product_tag","embeddable":true,"href":"https:\/\/lebrascommunication.fr\/ventes\/wp-json\/wp\/v2\/product_tag?post=1601"}],"curies":[{"name":"wp","href":"https:\/\/api.w.org\/{rel}","templated":true}]}}