{"id":1591,"date":"2021-02-07T20:18:50","date_gmt":"2021-02-07T19:18:50","guid":{"rendered":"https:\/\/lebrascommunication.fr\/ventes\/produit\/licence-dmr-3\/"},"modified":"2025-11-18T11:50:27","modified_gmt":"2025-11-18T10:50:27","slug":"licence-dmr-3","status":"publish","type":"product","link":"https:\/\/lebrascommunication.fr\/ventes\/produit\/licence-dmr-3\/","title":{"rendered":"Abonnement Standard 1 an Wave PTX"},"content":{"rendered":"<p>Abonnement Standard de 1 an au service Wave PTX de Motorola pour un TLK100 ou un TLK150.<\/p>\n<p>Ce service comprend la couverture sur le r\u00e9seau 4G en Europe par tous les grands op\u00e9rateurs t\u00e9l\u00e9com et l&rsquo;acc\u00e8s au serveurs Motorola.<\/p>\n<p>Communications de groupes ou appels s\u00e9lectifs, balayage des canaux, message d&rsquo;alerte, positions GPS.<\/p>\n<p>Pour r\u00e9cup\u00e9rer les positions GPS et communiquer depuis votre\u00a0ordinateur connect\u00e9 \u00e0 internet, il vous faut la licence dispatcheur Standard Wave PTX (GMLN5551A).<\/p>\n<p>Nous activons vos licences \u00e0 distance gratuitement.<\/p>\n<p>Une licence n\u00e9cessaire par appareil et par an.<\/p>\n","protected":false},"excerpt":{"rendered":"<p>Abonnement 1 an acc\u00e8s 4G Europe pour TLK100 et TLK150.<\/p>\n","protected":false},"featured_media":1587,"template":"","meta":[],"product_brand":[3074],"product_cat":[3181],"product_tag":[3268,3267,3259,3173,3212,3265],"class_list":{"0":"post-1591","1":"product","2":"type-product","3":"status-publish","4":"has-post-thumbnail","6":"product_brand-motorola","7":"product_cat-sl-tlk","8":"product_tag-4g","9":"product_tag-abonnement","10":"product_tag-motorola","11":"product_tag-tlk100","12":"product_tag-tlk150","13":"product_tag-wave-ptx","15":"first","16":"instock","17":"shipping-taxable","18":"purchasable","19":"product-type-simple"},"_links":{"self":[{"href":"https:\/\/lebrascommunication.fr\/ventes\/wp-json\/wp\/v2\/product\/1591","targetHints":{"allow":["GET"]}}],"collection":[{"href":"https:\/\/lebrascommunication.fr\/ventes\/wp-json\/wp\/v2\/product"}],"about":[{"href":"https:\/\/lebrascommunication.fr\/ventes\/wp-json\/wp\/v2\/types\/product"}],"wp:featuredmedia":[{"embeddable":true,"href":"https:\/\/lebrascommunication.fr\/ventes\/wp-json\/wp\/v2\/media\/1587"}],"wp:attachment":[{"href":"https:\/\/lebrascommunication.fr\/ventes\/wp-json\/wp\/v2\/media?parent=1591"}],"wp:term":[{"taxonomy":"product_brand","embeddable":true,"href":"https:\/\/lebrascommunication.fr\/ventes\/wp-json\/wp\/v2\/product_brand?post=1591"},{"taxonomy":"product_cat","embeddable":true,"href":"https:\/\/lebrascommunication.fr\/ventes\/wp-json\/wp\/v2\/product_cat?post=1591"},{"taxonomy":"product_tag","embeddable":true,"href":"https:\/\/lebrascommunication.fr\/ventes\/wp-json\/wp\/v2\/product_tag?post=1591"}],"curies":[{"name":"wp","href":"https:\/\/api.w.org\/{rel}","templated":true}]}}