{"id":1558,"date":"2017-10-23T16:54:29","date_gmt":"2017-10-23T14:54:29","guid":{"rendered":"https:\/\/lebrascommunication.fr\/ventes\/produit\/ic-f4202dex-m-atex\/"},"modified":"2026-02-13T11:10:50","modified_gmt":"2026-02-13T10:10:50","slug":"ic-f4202dex-m-atex","status":"publish","type":"product","link":"https:\/\/lebrascommunication.fr\/ventes\/produit\/ic-f4202dex-m-atex\/","title":{"rendered":"IC-F4202DEX M  ATEX"},"content":{"rendered":"<p><strong>Portatif marine \u00ab\u00a0UHF on board\u00a0\u00bb norme ATEX IIC T4, avec PTi con\u00e7u pour la marine.<\/strong><\/p>\n<p><strong>Caract\u00e9ristiques:<\/strong><\/p>\n<ul>\n<li>Norme ATEX IIC T4<\/li>\n<li>Etanch\u00e9it\u00e9 : IP67 (R\u00e9sistance aux intemp\u00e9ries et \u00e0 la poussi\u00e8re)<\/li>\n<li>Protection du travailleur isol\u00e9 (PTI) int\u00e9gr\u00e9, alarme manuelle et Lone Worker int\u00e9gr\u00e9s (\u00e0 programmer par l&rsquo;installateur)<\/li>\n<li>Communication mixte analogique et num\u00e9rique marine pour usage maritime embarqu\u00e9<\/li>\n<li>6 canaux simplex analogiques et 3 canaux duplex \u00ab\u00a0UHF On Board\u00a0\u00bb<\/li>\n<li>6 canaux simplex num\u00e9riques et 1 canal duplex \u00ab\u00a0UHF On Board\u00a0\u00bb<\/li>\n<li>Possibilit\u00e9 de canaux PMR (*) \u00e0 la place de certains canaux \u00ab\u00a0UHF On Board\u00a0\u00bb<\/li>\n<li>Tr\u00e8s compact 63 x 144 x 50mm pour seulement 258g<\/li>\n<li>Grande autonomie jusqu&rsquo;\u00e0 21H avec la batterie BP-227EX<\/li>\n<\/ul>\n<p><em>(*)<\/em> Cette fonction n\u00e9cessite une licence<\/p>\n<p><strong>Bandes de fr\u00e9quence:\u00a0<span class=\"bodycopy\">VHF 400-470 MHz<br \/>\n<\/span><\/strong><\/p>\n<p><strong><span class=\"bodycopy\">Dimensions : 63 x 144 x 50 mm<\/span><\/strong><\/p>\n<p><strong>Poids: 285g<\/strong><\/p>\n<p>&nbsp;<\/p>\n<p><strong>Le pack standard comprend :<br \/>\n<\/strong><\/p>\n<ul>\n<li>Un portatif<\/li>\n<li>Une antenne longue flexible UHF 400-470 MHz (r\u00e9f: FA-SC57U)<\/li>\n<\/ul>\n<ul>\n<li>Une batterie Li-Ion ATEX 1900 mAh (r\u00e9f: BP-277EX)<\/li>\n<\/ul>\n<ul>\n<li>Un chargeur rapide avec circuit (r\u00e9f: BC-212EX)<\/li>\n<\/ul>\n<ul>\n<li>Un clip ceinture (r\u00e9f: MB-64EX)<\/li>\n<li>Un guide d&rsquo;utilisation<\/li>\n<\/ul>\n<p>Fabrication japonaise.<\/p>\n<p>Ce produit est garantit 3 ans. Nos conditions de garantie sont souples (voir les conditions g\u00e9n\u00e9rales de vente).<\/p>\n<h5><\/h5>\n<h5><\/h5>\n","protected":false},"excerpt":{"rendered":"<p><strong>Portatif marine \u00ab\u00a0UHF on board\u00a0\u00bb norme ATEX IIC T4.<\/strong><\/p>\n<p><strong><b>Communication mixte analogique et num\u00e9rique (NXDN) marine pour usage maritime embarqu\u00e9.<\/b><br \/>\n<\/strong><\/p>\n","protected":false},"featured_media":1526,"template":"","meta":[],"product_brand":[3077],"product_cat":[3144],"product_tag":[3825,3548,3407],"class_list":{"0":"post-1558","1":"product","2":"type-product","3":"status-publish","4":"has-post-thumbnail","6":"product_brand-icom","7":"product_cat-talkies-pro-icom-talkies-pro-icom","8":"product_tag-ic-f4202dex-m","9":"product_tag-marine","10":"product_tag-uhf","12":"first","13":"instock","14":"shipping-taxable","15":"purchasable","16":"product-type-simple"},"_links":{"self":[{"href":"https:\/\/lebrascommunication.fr\/ventes\/wp-json\/wp\/v2\/product\/1558","targetHints":{"allow":["GET"]}}],"collection":[{"href":"https:\/\/lebrascommunication.fr\/ventes\/wp-json\/wp\/v2\/product"}],"about":[{"href":"https:\/\/lebrascommunication.fr\/ventes\/wp-json\/wp\/v2\/types\/product"}],"wp:featuredmedia":[{"embeddable":true,"href":"https:\/\/lebrascommunication.fr\/ventes\/wp-json\/wp\/v2\/media\/1526"}],"wp:attachment":[{"href":"https:\/\/lebrascommunication.fr\/ventes\/wp-json\/wp\/v2\/media?parent=1558"}],"wp:term":[{"taxonomy":"product_brand","embeddable":true,"href":"https:\/\/lebrascommunication.fr\/ventes\/wp-json\/wp\/v2\/product_brand?post=1558"},{"taxonomy":"product_cat","embeddable":true,"href":"https:\/\/lebrascommunication.fr\/ventes\/wp-json\/wp\/v2\/product_cat?post=1558"},{"taxonomy":"product_tag","embeddable":true,"href":"https:\/\/lebrascommunication.fr\/ventes\/wp-json\/wp\/v2\/product_tag?post=1558"}],"curies":[{"name":"wp","href":"https:\/\/api.w.org\/{rel}","templated":true}]}}