{"id":1556,"date":"2020-11-24T14:31:22","date_gmt":"2020-11-24T13:31:22","guid":{"rendered":"https:\/\/lebrascommunication.fr\/ventes\/produit\/micro-deporte-bluetooth-longue-portee\/"},"modified":"2026-01-26T15:36:14","modified_gmt":"2026-01-26T14:36:14","slug":"micro-deporte-bluetooth-longue-portee","status":"publish","type":"product","link":"https:\/\/lebrascommunication.fr\/ventes\/produit\/micro-deporte-bluetooth-longue-portee\/","title":{"rendered":"Micro-d\u00e9port\u00e9 Bluetooth longue port\u00e9e"},"content":{"rendered":"<p>Micro-d\u00e9port\u00e9 Bluetooth longue port\u00e9e<\/p>\n<p>Caract\u00e9ristiques :<\/p>\n<ul>\n<li><span style=\"vertical-align: inherit;\"><span style=\"vertical-align: inherit;\">Jusqu&rsquo;\u00e0 100 m\u00e8tres de port\u00e9e du v\u00e9hicule<\/span><\/span><\/li>\n<li><span style=\"vertical-align: inherit;\"><span style=\"vertical-align: inherit;\">Autonomie de la batterie (typique, 5\/5\/90): 28 heures (13 heures avec configuration 5\/35\/60)<\/span><\/span><\/li>\n<li><span style=\"vertical-align: inherit;\"><span style=\"vertical-align: inherit;\">Batterie amovible Slide Off avec clip pivotant<br \/>\n<\/span><\/span><\/li>\n<li><span style=\"vertical-align: inherit;\"><span style=\"vertical-align: inherit;\">\u00abAppairage tactile\u00bb<\/span><\/span><\/li>\n<li><span style=\"vertical-align: inherit;\"><span style=\"vertical-align: inherit;\">Bouton d&rsquo;urgence, Vol Ctrl, Jack 3,5 mm et lampe de travail<\/span><\/span><\/li>\n<\/ul>\n<p><span style=\"vertical-align: inherit;\"><span style=\"vertical-align: inherit;\">Compatible avec l&rsquo;oreillette tube <a href=\"http:\/\/lbc-systems.com\/micro-deportes-dp1400-cp-p100\/1120-oreillette-pour-micro-deporte.html\"><span class=\"editable\">PMLN7560<\/span><\/a><\/span><\/span><\/p>\n","protected":false},"excerpt":{"rendered":"<p>Micro-d\u00e9port\u00e9 Bluetooth longue port\u00e9e<\/p>\n","protected":false},"featured_media":1550,"template":"","meta":[],"product_brand":[3074],"product_cat":[3163],"product_tag":[3279,3241],"class_list":{"0":"post-1556","1":"product","2":"type-product","3":"status-publish","4":"has-post-thumbnail","6":"product_brand-motorola","7":"product_cat-accessoires-talkies-motorola","8":"product_tag-bluetooth","9":"product_tag-micro-deporte","11":"first","12":"instock","13":"shipping-taxable","14":"purchasable","15":"product-type-simple"},"_links":{"self":[{"href":"https:\/\/lebrascommunication.fr\/ventes\/wp-json\/wp\/v2\/product\/1556","targetHints":{"allow":["GET"]}}],"collection":[{"href":"https:\/\/lebrascommunication.fr\/ventes\/wp-json\/wp\/v2\/product"}],"about":[{"href":"https:\/\/lebrascommunication.fr\/ventes\/wp-json\/wp\/v2\/types\/product"}],"wp:featuredmedia":[{"embeddable":true,"href":"https:\/\/lebrascommunication.fr\/ventes\/wp-json\/wp\/v2\/media\/1550"}],"wp:attachment":[{"href":"https:\/\/lebrascommunication.fr\/ventes\/wp-json\/wp\/v2\/media?parent=1556"}],"wp:term":[{"taxonomy":"product_brand","embeddable":true,"href":"https:\/\/lebrascommunication.fr\/ventes\/wp-json\/wp\/v2\/product_brand?post=1556"},{"taxonomy":"product_cat","embeddable":true,"href":"https:\/\/lebrascommunication.fr\/ventes\/wp-json\/wp\/v2\/product_cat?post=1556"},{"taxonomy":"product_tag","embeddable":true,"href":"https:\/\/lebrascommunication.fr\/ventes\/wp-json\/wp\/v2\/product_tag?post=1556"}],"curies":[{"name":"wp","href":"https:\/\/api.w.org\/{rel}","templated":true}]}}