{"id":1545,"date":"2019-05-13T11:28:11","date_gmt":"2019-05-13T09:28:11","guid":{"rendered":"https:\/\/lebrascommunication.fr\/ventes\/produit\/antenne-350-400-mhz\/"},"modified":"2025-12-24T12:13:37","modified_gmt":"2025-12-24T11:13:37","slug":"antenne-350-400-mhz","status":"publish","type":"product","link":"https:\/\/lebrascommunication.fr\/ventes\/produit\/antenne-350-400-mhz\/","title":{"rendered":"Antenne UHF 350-400 MHz"},"content":{"rendered":"<p>Antenne UHF 350-400 MHz\u00a0pour les gammes de talkies DP2000, DP4000 ou DP3XX1 (DP compacts).<\/p>\n<p><strong>Caract\u00e9ristiques :<\/strong><\/p>\n<ul>\n<li>Type :\u00a0Fouet<\/li>\n<li>Fr\u00e9quence :\u00a0350-400 MHz<\/li>\n<li>GPS : Oui<\/li>\n<li>Code couleur :\u00a0Rose<\/li>\n<li>Standard de s\u00e9curit\u00e9 intrins\u00e8que : UL-TIA4950<\/li>\n<\/ul>\n<p><strong>Dimension : <\/strong>16,4 cm<\/p>\n<p><strong>Poids : <\/strong>13 g<\/p>\n<p><strong>Attention :<\/strong>\u00a0Compatible uniquement avec les postes de m\u00eame fr\u00e9quence<\/p>\n","protected":false},"excerpt":{"rendered":"<p>Antenne UHF 350-400 MHz\u00a0pour les gammes de talkies DP2000, DP4000 ou DP3XX1 (DP compacts).<\/p>\n<p><strong>Attention :<\/strong>\u00a0Compatible uniquement avec les postes de m\u00eame fr\u00e9quence<\/p>\n","protected":false},"featured_media":1542,"template":"","meta":[],"product_brand":[3074],"product_cat":[3177,3179,3163],"product_tag":[3327,3326,3203,3328,3225],"class_list":{"0":"post-1545","1":"product","2":"type-product","3":"status-publish","4":"has-post-thumbnail","6":"product_brand-motorola","7":"product_cat-r5-dp2000e","8":"product_cat-dp3000e","9":"product_cat-accessoires-talkies-motorola","10":"product_tag-350-400-mhz","11":"product_tag-antenne-uhf","12":"product_tag-dp2000","13":"product_tag-dp3xx1","14":"product_tag-dp4000","16":"first","17":"instock","18":"shipping-taxable","19":"purchasable","20":"product-type-simple"},"_links":{"self":[{"href":"https:\/\/lebrascommunication.fr\/ventes\/wp-json\/wp\/v2\/product\/1545","targetHints":{"allow":["GET"]}}],"collection":[{"href":"https:\/\/lebrascommunication.fr\/ventes\/wp-json\/wp\/v2\/product"}],"about":[{"href":"https:\/\/lebrascommunication.fr\/ventes\/wp-json\/wp\/v2\/types\/product"}],"wp:featuredmedia":[{"embeddable":true,"href":"https:\/\/lebrascommunication.fr\/ventes\/wp-json\/wp\/v2\/media\/1542"}],"wp:attachment":[{"href":"https:\/\/lebrascommunication.fr\/ventes\/wp-json\/wp\/v2\/media?parent=1545"}],"wp:term":[{"taxonomy":"product_brand","embeddable":true,"href":"https:\/\/lebrascommunication.fr\/ventes\/wp-json\/wp\/v2\/product_brand?post=1545"},{"taxonomy":"product_cat","embeddable":true,"href":"https:\/\/lebrascommunication.fr\/ventes\/wp-json\/wp\/v2\/product_cat?post=1545"},{"taxonomy":"product_tag","embeddable":true,"href":"https:\/\/lebrascommunication.fr\/ventes\/wp-json\/wp\/v2\/product_tag?post=1545"}],"curies":[{"name":"wp","href":"https:\/\/api.w.org\/{rel}","templated":true}]}}