{"id":1533,"date":"2019-05-13T11:21:23","date_gmt":"2019-05-13T09:21:23","guid":{"rendered":"https:\/\/lebrascommunication.fr\/ventes\/produit\/antenne-courte-300-337mhz\/"},"modified":"2025-12-23T11:17:36","modified_gmt":"2025-12-23T10:17:36","slug":"antenne-courte-300-337mhz","status":"publish","type":"product","link":"https:\/\/lebrascommunication.fr\/ventes\/produit\/antenne-courte-300-337mhz\/","title":{"rendered":"Antenne courte UHF 300-337MHz"},"content":{"rendered":"<p>Antenne UHF 300-337MHz\u00a0pour les gammes de talkies DP2000, DP4000 ou DP3XX1 (DP compacts).<\/p>\n<p><strong>Caract\u00e9ristiques :<\/strong><\/p>\n<ul>\n<li>Type : Compact (diam\u00e8tre \u00e9largi mais longueur r\u00e9duite)<\/li>\n<li>Fr\u00e9quence :\u00a0300-337MHz<\/li>\n<li>GPS : Oui<\/li>\n<li>Code couleur :\u00a0Orange<\/li>\n<li>Standard de s\u00e9curit\u00e9 intrins\u00e8que : UL-TIA4950<\/li>\n<\/ul>\n<p><strong>Dimension : <\/strong>9cm<\/p>\n<p><strong>Poids : <\/strong>10g<\/p>\n<p><strong>Attention :<\/strong>\u00a0Compatible uniquement avec les postes de m\u00eame fr\u00e9quence<\/p>\n","protected":false},"excerpt":{"rendered":"<p>Antenne UHF 300-337MHz\u00a0pour les gammes de talkies DP2000, DP4000 ou DP3XX1 (DP compacts).<\/p>\n<p><strong>Attention :<\/strong>\u00a0Compatible uniquement avec les postes de m\u00eame fr\u00e9quence<\/p>\n","protected":false},"featured_media":1532,"template":"","meta":[],"product_brand":[3074],"product_cat":[3177,3179,3163],"product_tag":[3403,3202,3402,3203,3328,3225],"class_list":{"0":"post-1533","1":"product","2":"type-product","3":"status-publish","4":"has-post-thumbnail","6":"product_brand-motorola","7":"product_cat-r5-dp2000e","8":"product_cat-dp3000e","9":"product_cat-accessoires-talkies-motorola","10":"product_tag-300-337mhz","11":"product_tag-antenne","12":"product_tag-courte","13":"product_tag-dp2000","14":"product_tag-dp3xx1","15":"product_tag-dp4000","17":"first","18":"instock","19":"shipping-taxable","20":"purchasable","21":"product-type-simple"},"_links":{"self":[{"href":"https:\/\/lebrascommunication.fr\/ventes\/wp-json\/wp\/v2\/product\/1533","targetHints":{"allow":["GET"]}}],"collection":[{"href":"https:\/\/lebrascommunication.fr\/ventes\/wp-json\/wp\/v2\/product"}],"about":[{"href":"https:\/\/lebrascommunication.fr\/ventes\/wp-json\/wp\/v2\/types\/product"}],"wp:featuredmedia":[{"embeddable":true,"href":"https:\/\/lebrascommunication.fr\/ventes\/wp-json\/wp\/v2\/media\/1532"}],"wp:attachment":[{"href":"https:\/\/lebrascommunication.fr\/ventes\/wp-json\/wp\/v2\/media?parent=1533"}],"wp:term":[{"taxonomy":"product_brand","embeddable":true,"href":"https:\/\/lebrascommunication.fr\/ventes\/wp-json\/wp\/v2\/product_brand?post=1533"},{"taxonomy":"product_cat","embeddable":true,"href":"https:\/\/lebrascommunication.fr\/ventes\/wp-json\/wp\/v2\/product_cat?post=1533"},{"taxonomy":"product_tag","embeddable":true,"href":"https:\/\/lebrascommunication.fr\/ventes\/wp-json\/wp\/v2\/product_tag?post=1533"}],"curies":[{"name":"wp","href":"https:\/\/api.w.org\/{rel}","templated":true}]}}