{"id":1522,"date":"2019-05-13T11:14:08","date_gmt":"2019-05-13T09:14:08","guid":{"rendered":"https:\/\/lebrascommunication.fr\/ventes\/produit\/antenne-courte-320-360mhz\/"},"modified":"2025-12-23T13:53:32","modified_gmt":"2025-12-23T12:53:32","slug":"antenne-courte-320-360mhz","status":"publish","type":"product","link":"https:\/\/lebrascommunication.fr\/ventes\/produit\/antenne-courte-320-360mhz\/","title":{"rendered":"Antenne courte UHF 320-360MHz"},"content":{"rendered":"<p>Antenne UHF 320-360MHz\u00a0pour les gammes de talkies DP2000, DP4000 ou DP3XX1 (DP compacts).<\/p>\n<p><strong>Caract\u00e9ristiques :<\/strong><\/p>\n<ul>\n<li>Type : Compact (diam\u00e8tre \u00e9largi mais longueur r\u00e9duite)<\/li>\n<li>Fr\u00e9quence :\u00a0320-360MHz<\/li>\n<li>GPS : Oui<\/li>\n<li>Code couleur :\u00a0Jaune<\/li>\n<li>Standard de s\u00e9curit\u00e9 intrins\u00e8que : UL-TIA4950<\/li>\n<\/ul>\n<p><strong>Dimension : <\/strong>9cm<\/p>\n<p><strong>Poids : <\/strong>10g<\/p>\n<p><strong>Attention :<\/strong>\u00a0Compatible uniquement avec les postes de m\u00eame fr\u00e9quence<\/p>\n","protected":false},"excerpt":{"rendered":"<p>Antenne UHF 320-360MHz\u00a0pour les gammes de talkies DP2000, DP4000 ou DP3XX1 (DP compacts).<\/p>\n<p><strong>Attention :<\/strong>\u00a0Compatible uniquement avec les postes de m\u00eame fr\u00e9quence<\/p>\n","protected":false},"featured_media":1520,"template":"","meta":[],"product_brand":[3074],"product_cat":[3177,3179,3163],"product_tag":[3430,3202,3402,3203,3328,3225,3407],"class_list":{"0":"post-1522","1":"product","2":"type-product","3":"status-publish","4":"has-post-thumbnail","6":"product_brand-motorola","7":"product_cat-r5-dp2000e","8":"product_cat-dp3000e","9":"product_cat-accessoires-talkies-motorola","10":"product_tag-320-360mhz","11":"product_tag-antenne","12":"product_tag-courte","13":"product_tag-dp2000","14":"product_tag-dp3xx1","15":"product_tag-dp4000","16":"product_tag-uhf","18":"first","19":"instock","20":"shipping-taxable","21":"purchasable","22":"product-type-simple"},"_links":{"self":[{"href":"https:\/\/lebrascommunication.fr\/ventes\/wp-json\/wp\/v2\/product\/1522","targetHints":{"allow":["GET"]}}],"collection":[{"href":"https:\/\/lebrascommunication.fr\/ventes\/wp-json\/wp\/v2\/product"}],"about":[{"href":"https:\/\/lebrascommunication.fr\/ventes\/wp-json\/wp\/v2\/types\/product"}],"wp:featuredmedia":[{"embeddable":true,"href":"https:\/\/lebrascommunication.fr\/ventes\/wp-json\/wp\/v2\/media\/1520"}],"wp:attachment":[{"href":"https:\/\/lebrascommunication.fr\/ventes\/wp-json\/wp\/v2\/media?parent=1522"}],"wp:term":[{"taxonomy":"product_brand","embeddable":true,"href":"https:\/\/lebrascommunication.fr\/ventes\/wp-json\/wp\/v2\/product_brand?post=1522"},{"taxonomy":"product_cat","embeddable":true,"href":"https:\/\/lebrascommunication.fr\/ventes\/wp-json\/wp\/v2\/product_cat?post=1522"},{"taxonomy":"product_tag","embeddable":true,"href":"https:\/\/lebrascommunication.fr\/ventes\/wp-json\/wp\/v2\/product_tag?post=1522"}],"curies":[{"name":"wp","href":"https:\/\/api.w.org\/{rel}","templated":true}]}}