{"id":1518,"date":"2020-11-24T11:47:35","date_gmt":"2020-11-24T10:47:35","guid":{"rendered":"https:\/\/lebrascommunication.fr\/ventes\/produit\/cable-dextension-de-micro-pour-serie-dm\/"},"modified":"2026-01-05T14:31:39","modified_gmt":"2026-01-05T13:31:39","slug":"cable-dextension-de-micro-pour-serie-dm","status":"publish","type":"product","link":"https:\/\/lebrascommunication.fr\/ventes\/produit\/cable-dextension-de-micro-pour-serie-dm\/","title":{"rendered":"C\u00e2ble d\u2019extension de micro pour s\u00e9rie DM &#8211; 6 m\u00e8tres"},"content":{"rendered":"<p>C\u00e2ble d&rsquo;extension pour prolonger la port\u00e9e du micro-d\u00e9port\u00e9<\/p>\n<p><strong>Caract\u00e9ristiques:<\/strong><\/p>\n<ul>\n<li>Longueur: 6m<\/li>\n<li>Compatibilit\u00e9: microphone NON IMPRES<\/li>\n<\/ul>\n","protected":false},"excerpt":{"rendered":"<p>C\u00e2ble d&rsquo;extension de 3m pour micro-d\u00e9port\u00e9 NON IMPRES<\/p>\n","protected":false},"featured_media":1516,"template":"","meta":[],"product_brand":[3074],"product_cat":[3163],"product_tag":[3505,3503,3504,3281],"class_list":{"0":"post-1518","1":"product","2":"type-product","3":"status-publish","4":"has-post-thumbnail","6":"product_brand-motorola","7":"product_cat-accessoires-talkies-motorola","8":"product_tag-6-metres","9":"product_tag-cable-dextension","10":"product_tag-dm","11":"product_tag-micro","13":"first","14":"instock","15":"shipping-taxable","16":"purchasable","17":"product-type-simple"},"_links":{"self":[{"href":"https:\/\/lebrascommunication.fr\/ventes\/wp-json\/wp\/v2\/product\/1518","targetHints":{"allow":["GET"]}}],"collection":[{"href":"https:\/\/lebrascommunication.fr\/ventes\/wp-json\/wp\/v2\/product"}],"about":[{"href":"https:\/\/lebrascommunication.fr\/ventes\/wp-json\/wp\/v2\/types\/product"}],"wp:featuredmedia":[{"embeddable":true,"href":"https:\/\/lebrascommunication.fr\/ventes\/wp-json\/wp\/v2\/media\/1516"}],"wp:attachment":[{"href":"https:\/\/lebrascommunication.fr\/ventes\/wp-json\/wp\/v2\/media?parent=1518"}],"wp:term":[{"taxonomy":"product_brand","embeddable":true,"href":"https:\/\/lebrascommunication.fr\/ventes\/wp-json\/wp\/v2\/product_brand?post=1518"},{"taxonomy":"product_cat","embeddable":true,"href":"https:\/\/lebrascommunication.fr\/ventes\/wp-json\/wp\/v2\/product_cat?post=1518"},{"taxonomy":"product_tag","embeddable":true,"href":"https:\/\/lebrascommunication.fr\/ventes\/wp-json\/wp\/v2\/product_tag?post=1518"}],"curies":[{"name":"wp","href":"https:\/\/api.w.org\/{rel}","templated":true}]}}