{"id":1506,"date":"2020-11-24T11:38:27","date_gmt":"2020-11-24T10:38:27","guid":{"rendered":"https:\/\/lebrascommunication.fr\/ventes\/produit\/micro-deporte-4\/"},"modified":"2025-12-24T12:11:48","modified_gmt":"2025-12-24T11:11:48","slug":"micro-deporte-4","status":"publish","type":"product","link":"https:\/\/lebrascommunication.fr\/ventes\/produit\/micro-deporte-4\/","title":{"rendered":"Micro-d\u00e9port\u00e9 Bluetooth"},"content":{"rendered":"<p>Micro-d\u00e9port\u00e9 Bluetooth \u00e9tanche compatible avec les SL2600, SL4000, DP3441, DP3661, DP4001, DM4000, TLK100, ainsi que les nouvelles versions \u00ab\u00a0e\u00a0\u00bb<\/p>\n<p><strong>Caract\u00e9ristiques:<\/strong><\/p>\n<ul>\n<li>Bluetooth 5.0 (et inf\u00e9rieur)<\/li>\n<li>Port\u00e9e : jusqu&rsquo;\u00e0 100 m\u00e8tres en champ libre<\/li>\n<li>Temps de charge : 2h environ<\/li>\n<li>Prise Jack (compatible avec l&rsquo;oreillette <a href=\"http:\/\/lbc-systems.com\/micro-deportes-dp1400-cp-p100\/1120-oreillette-pour-micro-deporte.html\">PMLN7560<\/a>)<\/li>\n<li>Bouton d&rsquo;urgence<\/li>\n<li>Bouton de volume<\/li>\n<li>Bouton canaux<\/li>\n<li>Bouton d\u00e9crocher \/ raccrocher pour appels priv\u00e9s<\/li>\n<li>2 boutons programmables<\/li>\n<li>Standard de s\u00e9curit\u00e9 intrins\u00e8que : non<\/li>\n<li>Indice de protection : \u00e9tanche IP67<\/li>\n<li>Application Motorola Accessory Manager pour les mises \u00e0 jour (sur Google Play Store)<\/li>\n<\/ul>\n<p><strong><span class=\"bodycopy\">Autonomie:\u00a040h environ<\/span><\/strong><\/p>\n<p><strong>Dimensions:\u00a0 58 x 81 x 24,5\u00a0mm<\/strong><\/p>\n<p><strong>Poids: 128 g<\/strong><\/p>\n<p>&nbsp;<\/p>\n<p><strong>Le pack standard comprend :<br \/>\n<\/strong><\/p>\n<ul>\n<li>Un\u00a0micro-d\u00e9port\u00e9 Bluetooth<\/li>\n<li>Une batterie rempla\u00e7able li-Ion 1130mAh (r\u00e9f : HKNN4014B)<\/li>\n<li>Une\u00a0c\u00e2ble de charge (1m) USB-A vers USB-C (r\u00e9f : CB000756A01)<\/li>\n<li><span class=\"modelno\">Un clip ceinture pivotant (r\u00e9f : 4205823V01)<\/span><\/li>\n<\/ul>\n","protected":false},"excerpt":{"rendered":"<p>Micro-d\u00e9port\u00e9 Bluetooth \u00e9tanche<\/p>\n","protected":false},"featured_media":1504,"template":"","meta":[],"product_brand":[3074],"product_cat":[3179,3163,3181,3183],"product_tag":[3279,3338,3174,3249,3250,3345,3241,3224,3220,3173],"class_list":{"0":"post-1506","1":"product","2":"type-product","3":"status-publish","4":"has-post-thumbnail","6":"product_brand-motorola","7":"product_cat-dp3000e","8":"product_cat-accessoires-talkies-motorola","9":"product_cat-sl-tlk","10":"product_cat-dm4000","11":"product_tag-bluetooth","12":"product_tag-dm4000","13":"product_tag-dp3441","14":"product_tag-dp3441e","15":"product_tag-dp3661e","16":"product_tag-dp4001","17":"product_tag-micro-deporte","18":"product_tag-sl2600","19":"product_tag-sl4000","20":"product_tag-tlk100","22":"first","23":"instock","24":"shipping-taxable","25":"purchasable","26":"product-type-simple"},"_links":{"self":[{"href":"https:\/\/lebrascommunication.fr\/ventes\/wp-json\/wp\/v2\/product\/1506","targetHints":{"allow":["GET"]}}],"collection":[{"href":"https:\/\/lebrascommunication.fr\/ventes\/wp-json\/wp\/v2\/product"}],"about":[{"href":"https:\/\/lebrascommunication.fr\/ventes\/wp-json\/wp\/v2\/types\/product"}],"wp:featuredmedia":[{"embeddable":true,"href":"https:\/\/lebrascommunication.fr\/ventes\/wp-json\/wp\/v2\/media\/1504"}],"wp:attachment":[{"href":"https:\/\/lebrascommunication.fr\/ventes\/wp-json\/wp\/v2\/media?parent=1506"}],"wp:term":[{"taxonomy":"product_brand","embeddable":true,"href":"https:\/\/lebrascommunication.fr\/ventes\/wp-json\/wp\/v2\/product_brand?post=1506"},{"taxonomy":"product_cat","embeddable":true,"href":"https:\/\/lebrascommunication.fr\/ventes\/wp-json\/wp\/v2\/product_cat?post=1506"},{"taxonomy":"product_tag","embeddable":true,"href":"https:\/\/lebrascommunication.fr\/ventes\/wp-json\/wp\/v2\/product_tag?post=1506"}],"curies":[{"name":"wp","href":"https:\/\/api.w.org\/{rel}","templated":true}]}}