{"id":1499,"date":"2020-11-24T10:31:54","date_gmt":"2020-11-24T09:31:54","guid":{"rendered":"https:\/\/lebrascommunication.fr\/ventes\/produit\/kit-bluetooth-longue-portee\/"},"modified":"2025-12-24T12:04:23","modified_gmt":"2025-12-24T11:04:23","slug":"kit-bluetooth-longue-portee","status":"publish","type":"product","link":"https:\/\/lebrascommunication.fr\/ventes\/produit\/kit-bluetooth-longue-portee\/","title":{"rendered":"Kit Bluetooth longue port\u00e9e"},"content":{"rendered":"<p>Kit comprenant un micro-d\u00e9port\u00e9 \u00e0 connecter sur DM4000 ainsi qu&rsquo;un second micro-d\u00e9port\u00e9 haut parleur \u00e0 connecter en Bluetooth au premier<\/p>\n<p>Ce kit comprend un chargeur allume cigare <span style=\"vertical-align: inherit;\"><span style=\"vertical-align: inherit;\"><a href=\"http:\/\/lbc-systems.com\/micro-deportes-dp2000e-dp3441-dp3661e\/1419-chargeur-voiture-micro-deporte.html\">PMLN6716<\/a>, un micro-d\u00e9port\u00e9 filaire <span style=\"vertical-align: inherit;\"><span style=\"vertical-align: inherit;\"><a href=\"http:\/\/lbc-systems.com\/micro-deportes-dm4000\/1639-micro-deporte-filaire-avec-connection-bluetooth.html?search_query=PMMN4097&amp;results=1\">PMMN4097<\/a> ainsi qu&rsquo;un micro-d\u00e9port\u00e9 Bluetooth <a href=\"http:\/\/lbc-systems.com\/micro-deportes-dm4000\/1640-micro-deporte-bluetooth-longue-portee.html?search_query=RLN6544&amp;results=1\"><span style=\"vertical-align: inherit;\"><span style=\"vertical-align: inherit;\">RLN6544<\/span><\/span><\/a><\/span><\/span><\/span><\/span><\/p>\n<p>Caract\u00e9ristiques :<\/p>\n<ul>\n<li><span style=\"vertical-align: inherit;\"><span style=\"vertical-align: inherit;\">Jusqu&rsquo;\u00e0 100 m\u00e8tres de port\u00e9e du v\u00e9hicule<\/span><\/span><\/li>\n<li><span style=\"vertical-align: inherit;\"><span style=\"vertical-align: inherit;\">Autonomie de la batterie (typique, 5\/5\/90): 28 heures (13 heures avec configuration 5\/35\/60)<\/span><\/span><\/li>\n<li><span style=\"vertical-align: inherit;\"><span style=\"vertical-align: inherit;\">Batterie amovible Slide Off avec clip pivotant<\/span><\/span><\/li>\n<li><span style=\"vertical-align: inherit;\"><span style=\"vertical-align: inherit;\">\u00abAppairage tactile\u00bb<\/span><\/span><\/li>\n<li><span style=\"vertical-align: inherit;\"><span style=\"vertical-align: inherit;\">Chargeur allume cigare pour le micro d\u00e9port\u00e9 Bluetooth<br \/>\n<\/span><\/span><\/li>\n<li><span style=\"vertical-align: inherit;\"><span style=\"vertical-align: inherit;\">Micro d\u00e9port\u00e9 Bluetooth avec bouton d&rsquo;urgence, Vol Ctrl, Jack 3,5 mm et lampe de travail<\/span><\/span><\/li>\n<\/ul>\n","protected":false},"excerpt":{"rendered":"<p>Kit micro-d\u00e9port\u00e9 Bluetooth avec chargeur allume cigare<\/p>\n","protected":false},"featured_media":1497,"template":"","meta":[],"product_brand":[3074],"product_cat":[3183,3088],"product_tag":[3338,3241],"class_list":{"0":"post-1499","1":"product","2":"type-product","3":"status-publish","4":"has-post-thumbnail","6":"product_brand-motorola","7":"product_cat-dm4000","8":"product_cat-accessoires-pour-bases-ou-mobiles-motorola","9":"product_tag-dm4000","10":"product_tag-micro-deporte","12":"first","13":"instock","14":"shipping-taxable","15":"purchasable","16":"product-type-simple"},"_links":{"self":[{"href":"https:\/\/lebrascommunication.fr\/ventes\/wp-json\/wp\/v2\/product\/1499","targetHints":{"allow":["GET"]}}],"collection":[{"href":"https:\/\/lebrascommunication.fr\/ventes\/wp-json\/wp\/v2\/product"}],"about":[{"href":"https:\/\/lebrascommunication.fr\/ventes\/wp-json\/wp\/v2\/types\/product"}],"wp:featuredmedia":[{"embeddable":true,"href":"https:\/\/lebrascommunication.fr\/ventes\/wp-json\/wp\/v2\/media\/1497"}],"wp:attachment":[{"href":"https:\/\/lebrascommunication.fr\/ventes\/wp-json\/wp\/v2\/media?parent=1499"}],"wp:term":[{"taxonomy":"product_brand","embeddable":true,"href":"https:\/\/lebrascommunication.fr\/ventes\/wp-json\/wp\/v2\/product_brand?post=1499"},{"taxonomy":"product_cat","embeddable":true,"href":"https:\/\/lebrascommunication.fr\/ventes\/wp-json\/wp\/v2\/product_cat?post=1499"},{"taxonomy":"product_tag","embeddable":true,"href":"https:\/\/lebrascommunication.fr\/ventes\/wp-json\/wp\/v2\/product_tag?post=1499"}],"curies":[{"name":"wp","href":"https:\/\/api.w.org\/{rel}","templated":true}]}}