{"id":1469,"date":"2020-11-17T11:40:41","date_gmt":"2020-11-17T10:40:41","guid":{"rendered":"https:\/\/lebrascommunication.fr\/ventes\/produit\/clip-de-remplacement-pour-micro-deporte-pmmn4096\/"},"modified":"2025-12-24T12:01:59","modified_gmt":"2025-12-24T11:01:59","slug":"clip-de-remplacement-pour-micro-deporte-pmmn4096","status":"publish","type":"product","link":"https:\/\/lebrascommunication.fr\/ventes\/produit\/clip-de-remplacement-pour-micro-deporte-pmmn4096\/","title":{"rendered":"Clip de remplacement pour micro-d\u00e9port\u00e9 PMMN4096"},"content":{"rendered":"<p>Clip de remplacement pour micro-d\u00e9port\u00e9 Bluetooth <a href=\"http:\/\/lbc-systems.com\/micro-deportes-dp2000e-dp3441-dp3661e\/1430-micro-deporte-sans-fil-de-remplacement.html?search_query=PMMN4096&amp;results=3\">PMMN4096<\/a>, r\u00e9f\u00e9rence du micro-d\u00e9port\u00e9 en kit complet <a href=\"http:\/\/lbc-systems.com\/micro-deportes-dp2000e-dp3441-dp3661e\/1411-kit-micro-deporte-sans-fil.html\"><span class=\"editable\">GMLN5503<\/span><\/a><\/p>\n","protected":false},"excerpt":{"rendered":"<p>Clip de remplacement pour micro-d\u00e9port\u00e9 Bluetooth <a href=\"http:\/\/lbc-systems.com\/micro-deportes-dp2000e-dp3441-dp3661e\/1430-micro-deporte-sans-fil-de-remplacement.html?search_query=PMMN4096&amp;results=3\">PMMN4096<\/a>, r\u00e9f\u00e9rence du micro-d\u00e9port\u00e9 en kit complet <a href=\"http:\/\/lbc-systems.com\/micro-deportes-dp2000e-dp3441-dp3661e\/1411-kit-micro-deporte-sans-fil.html\"><span class=\"editable\">GMLN5503<\/span><\/a><\/p>\n","protected":false},"featured_media":3558,"template":"","meta":[],"product_brand":[3074],"product_cat":[3177,3179,3163],"product_tag":[3251,3252,3203,3192,3225,3241],"class_list":{"0":"post-1469","1":"product","2":"type-product","3":"status-publish","4":"has-post-thumbnail","6":"product_brand-motorola","7":"product_cat-r5-dp2000e","8":"product_cat-dp3000e","9":"product_cat-accessoires-talkies-motorola","10":"product_tag-clip","11":"product_tag-dp","12":"product_tag-dp2000","13":"product_tag-dp3000","14":"product_tag-dp4000","15":"product_tag-micro-deporte","17":"first","18":"instock","19":"shipping-taxable","20":"purchasable","21":"product-type-simple"},"_links":{"self":[{"href":"https:\/\/lebrascommunication.fr\/ventes\/wp-json\/wp\/v2\/product\/1469","targetHints":{"allow":["GET"]}}],"collection":[{"href":"https:\/\/lebrascommunication.fr\/ventes\/wp-json\/wp\/v2\/product"}],"about":[{"href":"https:\/\/lebrascommunication.fr\/ventes\/wp-json\/wp\/v2\/types\/product"}],"wp:featuredmedia":[{"embeddable":true,"href":"https:\/\/lebrascommunication.fr\/ventes\/wp-json\/wp\/v2\/media\/3558"}],"wp:attachment":[{"href":"https:\/\/lebrascommunication.fr\/ventes\/wp-json\/wp\/v2\/media?parent=1469"}],"wp:term":[{"taxonomy":"product_brand","embeddable":true,"href":"https:\/\/lebrascommunication.fr\/ventes\/wp-json\/wp\/v2\/product_brand?post=1469"},{"taxonomy":"product_cat","embeddable":true,"href":"https:\/\/lebrascommunication.fr\/ventes\/wp-json\/wp\/v2\/product_cat?post=1469"},{"taxonomy":"product_tag","embeddable":true,"href":"https:\/\/lebrascommunication.fr\/ventes\/wp-json\/wp\/v2\/product_tag?post=1469"}],"curies":[{"name":"wp","href":"https:\/\/api.w.org\/{rel}","templated":true}]}}