{"id":1456,"date":"2020-11-16T14:43:47","date_gmt":"2020-11-16T13:43:47","guid":{"rendered":"https:\/\/lebrascommunication.fr\/ventes\/produit\/cable-de-programmation-7\/"},"modified":"2026-01-13T15:12:02","modified_gmt":"2026-01-13T14:12:02","slug":"cable-de-programmation-7","status":"publish","type":"product","link":"https:\/\/lebrascommunication.fr\/ventes\/produit\/cable-de-programmation-7\/","title":{"rendered":"C\u00e2ble de programmation"},"content":{"rendered":"<p>C\u00e2ble de programmation face arri\u00e8re DM1000 et DM2000.<\/p>\n","protected":false},"excerpt":{"rendered":"<p>C\u00e2ble de programmation face arri\u00e8re DM1000 et DM2000<\/p>\n","protected":false},"featured_media":1455,"template":"","meta":[],"product_brand":[3074],"product_cat":[3182,3088],"product_tag":[3232,3577,3284,3285],"class_list":{"0":"post-1456","1":"product","2":"type-product","3":"status-publish","4":"has-post-thumbnail","6":"product_brand-motorola","7":"product_cat-dm1000-dm2000","8":"product_cat-accessoires-pour-bases-ou-mobiles-motorola","9":"product_tag-base","10":"product_tag-cable-de-programmation","11":"product_tag-dm1000","12":"product_tag-dm2000","14":"first","15":"instock","16":"shipping-taxable","17":"purchasable","18":"product-type-simple"},"_links":{"self":[{"href":"https:\/\/lebrascommunication.fr\/ventes\/wp-json\/wp\/v2\/product\/1456","targetHints":{"allow":["GET"]}}],"collection":[{"href":"https:\/\/lebrascommunication.fr\/ventes\/wp-json\/wp\/v2\/product"}],"about":[{"href":"https:\/\/lebrascommunication.fr\/ventes\/wp-json\/wp\/v2\/types\/product"}],"wp:featuredmedia":[{"embeddable":true,"href":"https:\/\/lebrascommunication.fr\/ventes\/wp-json\/wp\/v2\/media\/1455"}],"wp:attachment":[{"href":"https:\/\/lebrascommunication.fr\/ventes\/wp-json\/wp\/v2\/media?parent=1456"}],"wp:term":[{"taxonomy":"product_brand","embeddable":true,"href":"https:\/\/lebrascommunication.fr\/ventes\/wp-json\/wp\/v2\/product_brand?post=1456"},{"taxonomy":"product_cat","embeddable":true,"href":"https:\/\/lebrascommunication.fr\/ventes\/wp-json\/wp\/v2\/product_cat?post=1456"},{"taxonomy":"product_tag","embeddable":true,"href":"https:\/\/lebrascommunication.fr\/ventes\/wp-json\/wp\/v2\/product_tag?post=1456"}],"curies":[{"name":"wp","href":"https:\/\/api.w.org\/{rel}","templated":true}]}}