{"id":1447,"date":"2020-09-02T16:47:41","date_gmt":"2020-09-02T14:47:41","guid":{"rendered":"https:\/\/lebrascommunication.fr\/ventes\/produit\/licence-nai-data-capacity-plus-mulitisite\/"},"modified":"2026-04-08T16:20:49","modified_gmt":"2026-04-08T14:20:49","slug":"licence-nai-data-capacity-plus-mulitisite","status":"publish","type":"product","link":"https:\/\/lebrascommunication.fr\/ventes\/produit\/licence-nai-data-capacity-plus-mulitisite\/","title":{"rendered":"Licence NAI data Capacity Plus Mulitisite"},"content":{"rendered":"<p>Licence Network Application Interface data pour Trbonet sur syst\u00e8me Capacity Plus Multisite (LCP).<\/p>\n<p>Cette licence Trbonet permet de r\u00e9cup\u00e9rer les donn\u00e9es (localisation, alarmes, \u00e9tat des radios&#8230;) ou bien la localisation au format CSBK (jusqu&rsquo;\u00e0 900 localisation par minute) au sein d&rsquo;un syst\u00e8me Motorola\u00a0Capacity Plus Multisite (LCP) sur r\u00e9seau priv\u00e9 ou internet.<\/p>\n<p>Cette licence active la connectivit\u00e9 NAI\u00a0des relais DMR Motorola avec le logiciel Trbonet Enterprise.<\/p>\n<p>N\u00e9cessite les licences NAI data Motorola pour chaque relais du r\u00e9seau (<a href=\"http:\/\/lbc-systems.com\/programmation-licences-slr5500\/1552-licence-relais-nai-data.html\">HKVN4212A<\/a>) et l&rsquo;utilisation du logiciel Motorola MNIS.<\/p>\n<p>En Capacity Plus Multisite sur Trbonet Enterprise vous ne pouvez pas avoir l&rsquo;interface de communication via r\u00e9seau, mais uniquement via mobiles. Pour avoir l&rsquo;interface de communication en r\u00e9seau, il faut passer sur le logiciel Trbonet Plus.<\/p>\n","protected":false},"excerpt":{"rendered":"<p>Licence Network Application Interface data\u00a0Capacity Plus Multisite pour Trbonet<\/p>\n","protected":false},"featured_media":1446,"template":"","meta":[],"product_brand":[3074],"product_cat":[3135],"product_tag":[3410,3257,3798,3561],"class_list":{"0":"post-1447","1":"product","2":"type-product","3":"status-publish","4":"has-post-thumbnail","6":"product_brand-motorola","7":"product_cat-relais-motorola-relais-motorola","8":"product_tag-capacity-plus","9":"product_tag-licence","10":"product_tag-mulitisite","11":"product_tag-nai-data","13":"first","14":"instock","15":"shipping-taxable","16":"purchasable","17":"product-type-simple"},"_links":{"self":[{"href":"https:\/\/lebrascommunication.fr\/ventes\/wp-json\/wp\/v2\/product\/1447","targetHints":{"allow":["GET"]}}],"collection":[{"href":"https:\/\/lebrascommunication.fr\/ventes\/wp-json\/wp\/v2\/product"}],"about":[{"href":"https:\/\/lebrascommunication.fr\/ventes\/wp-json\/wp\/v2\/types\/product"}],"wp:featuredmedia":[{"embeddable":true,"href":"https:\/\/lebrascommunication.fr\/ventes\/wp-json\/wp\/v2\/media\/1446"}],"wp:attachment":[{"href":"https:\/\/lebrascommunication.fr\/ventes\/wp-json\/wp\/v2\/media?parent=1447"}],"wp:term":[{"taxonomy":"product_brand","embeddable":true,"href":"https:\/\/lebrascommunication.fr\/ventes\/wp-json\/wp\/v2\/product_brand?post=1447"},{"taxonomy":"product_cat","embeddable":true,"href":"https:\/\/lebrascommunication.fr\/ventes\/wp-json\/wp\/v2\/product_cat?post=1447"},{"taxonomy":"product_tag","embeddable":true,"href":"https:\/\/lebrascommunication.fr\/ventes\/wp-json\/wp\/v2\/product_tag?post=1447"}],"curies":[{"name":"wp","href":"https:\/\/api.w.org\/{rel}","templated":true}]}}