{"id":1436,"date":"2020-09-02T15:51:40","date_gmt":"2020-09-02T13:51:40","guid":{"rendered":"https:\/\/lebrascommunication.fr\/ventes\/produit\/nai-data-ip-site-connect\/"},"modified":"2026-02-20T14:18:00","modified_gmt":"2026-02-20T13:18:00","slug":"nai-data-ip-site-connect","status":"publish","type":"product","link":"https:\/\/lebrascommunication.fr\/ventes\/produit\/nai-data-ip-site-connect\/","title":{"rendered":"Licence NAI data IP Site Connect"},"content":{"rendered":"<p>Licence Network Application Interface data pour Trbonet sur syst\u00e8me IP Site Connect.<\/p>\n<p>Cette licence Trbonet permet de r\u00e9cup\u00e9rer les donn\u00e9es (localisation, alarmes, \u00e9tat des radios&#8230;) sur des slots locaux, ou bien la localisation au format CSBK (jusqu&rsquo;\u00e0 900 localisation par minute) au sein d&rsquo;un syst\u00e8me Motorola IP Site Connect.<\/p>\n<p>Cette licence active la connectivit\u00e9 NAI\u00a0des relais DMR Motorola avec le logiciel Trbonet Enterprise.<\/p>\n<p>N\u00e9cessite les licences NAI data pour chaque relais du r\u00e9seau (<a href=\"http:\/\/lbc-systems.com\/programmation-licences-slr5500\/1552-licence-relais-nai-data.html\">HKVN4212A<\/a>) et l&rsquo;utilisation du logiciel Motorola MNIS.<\/p>\n","protected":false},"excerpt":{"rendered":"<p>Licence Network Application Interface data\u00a0IPSC pour Trbonet<\/p>\n","protected":false},"featured_media":1435,"template":"","meta":[],"product_brand":[3074],"product_cat":[3096],"product_tag":[3257,3259,3968,3219,3636],"class_list":{"0":"post-1436","1":"product","2":"type-product","3":"status-publish","4":"has-post-thumbnail","6":"product_brand-motorola","7":"product_cat-accessoires-relais-motorola","8":"product_tag-licence","9":"product_tag-motorola","10":"product_tag-nai","11":"product_tag-relais","12":"product_tag-site-connect","14":"first","15":"instock","16":"shipping-taxable","17":"purchasable","18":"product-type-simple"},"_links":{"self":[{"href":"https:\/\/lebrascommunication.fr\/ventes\/wp-json\/wp\/v2\/product\/1436","targetHints":{"allow":["GET"]}}],"collection":[{"href":"https:\/\/lebrascommunication.fr\/ventes\/wp-json\/wp\/v2\/product"}],"about":[{"href":"https:\/\/lebrascommunication.fr\/ventes\/wp-json\/wp\/v2\/types\/product"}],"wp:featuredmedia":[{"embeddable":true,"href":"https:\/\/lebrascommunication.fr\/ventes\/wp-json\/wp\/v2\/media\/1435"}],"wp:attachment":[{"href":"https:\/\/lebrascommunication.fr\/ventes\/wp-json\/wp\/v2\/media?parent=1436"}],"wp:term":[{"taxonomy":"product_brand","embeddable":true,"href":"https:\/\/lebrascommunication.fr\/ventes\/wp-json\/wp\/v2\/product_brand?post=1436"},{"taxonomy":"product_cat","embeddable":true,"href":"https:\/\/lebrascommunication.fr\/ventes\/wp-json\/wp\/v2\/product_cat?post=1436"},{"taxonomy":"product_tag","embeddable":true,"href":"https:\/\/lebrascommunication.fr\/ventes\/wp-json\/wp\/v2\/product_tag?post=1436"}],"curies":[{"name":"wp","href":"https:\/\/api.w.org\/{rel}","templated":true}]}}