{"id":1415,"date":"2020-08-28T16:13:59","date_gmt":"2020-08-28T14:13:59","guid":{"rendered":"https:\/\/lebrascommunication.fr\/ventes\/produit\/extension-de-connecteur-arriere\/"},"modified":"2026-02-19T16:09:43","modified_gmt":"2026-02-19T15:09:43","slug":"extension-de-connecteur-arriere","status":"publish","type":"product","link":"https:\/\/lebrascommunication.fr\/ventes\/produit\/extension-de-connecteur-arriere\/","title":{"rendered":"Extension de connecteur arri\u00e8re (x20)"},"content":{"rendered":"<p>Extension de connecteur arri\u00e8re qui permet de faciliter la connection aux connecteurs arri\u00e8re compatible avec toutes les bases des s\u00e9ries DM1000 et DM2000\u00a0ainsi que les anciennes s\u00e9ries CM et GM<\/p>\n<p>Lot de 20 pi\u00e8ces<\/p>\n","protected":false},"excerpt":{"rendered":"<p>Extension de connecteur arri\u00e8re qui permet de faciliter la connection aux connecteurs arri\u00e8re compatible avec toutes les bases des s\u00e9ries DM1000 et DM2000 ainsi que les anciennes s\u00e9ries CM et GM<\/p>\n<p>Lot de 20 pi\u00e8ces<\/p>\n","protected":false},"featured_media":1414,"template":"","meta":[],"product_brand":[3074],"product_cat":[3088],"product_tag":[3232,3282,3284,3285,3283,3933],"class_list":{"0":"post-1415","1":"product","2":"type-product","3":"status-publish","4":"has-post-thumbnail","6":"product_brand-motorola","7":"product_cat-accessoires-pour-bases-ou-mobiles-motorola","8":"product_tag-base","9":"product_tag-cm","10":"product_tag-dm1000","11":"product_tag-dm2000","12":"product_tag-gm","13":"product_tag-x20","15":"first","16":"instock","17":"shipping-taxable","18":"purchasable","19":"product-type-simple"},"_links":{"self":[{"href":"https:\/\/lebrascommunication.fr\/ventes\/wp-json\/wp\/v2\/product\/1415","targetHints":{"allow":["GET"]}}],"collection":[{"href":"https:\/\/lebrascommunication.fr\/ventes\/wp-json\/wp\/v2\/product"}],"about":[{"href":"https:\/\/lebrascommunication.fr\/ventes\/wp-json\/wp\/v2\/types\/product"}],"wp:featuredmedia":[{"embeddable":true,"href":"https:\/\/lebrascommunication.fr\/ventes\/wp-json\/wp\/v2\/media\/1414"}],"wp:attachment":[{"href":"https:\/\/lebrascommunication.fr\/ventes\/wp-json\/wp\/v2\/media?parent=1415"}],"wp:term":[{"taxonomy":"product_brand","embeddable":true,"href":"https:\/\/lebrascommunication.fr\/ventes\/wp-json\/wp\/v2\/product_brand?post=1415"},{"taxonomy":"product_cat","embeddable":true,"href":"https:\/\/lebrascommunication.fr\/ventes\/wp-json\/wp\/v2\/product_cat?post=1415"},{"taxonomy":"product_tag","embeddable":true,"href":"https:\/\/lebrascommunication.fr\/ventes\/wp-json\/wp\/v2\/product_tag?post=1415"}],"curies":[{"name":"wp","href":"https:\/\/api.w.org\/{rel}","templated":true}]}}