{"id":1410,"date":"2020-08-28T15:54:26","date_gmt":"2020-08-28T13:54:26","guid":{"rendered":"https:\/\/lebrascommunication.fr\/ventes\/produit\/cable-de-commutateur-d-allumage\/"},"modified":"2026-02-19T12:13:23","modified_gmt":"2026-02-19T11:13:23","slug":"cable-de-commutateur-d-allumage","status":"publish","type":"product","link":"https:\/\/lebrascommunication.fr\/ventes\/produit\/cable-de-commutateur-d-allumage\/","title":{"rendered":"C\u00e2ble de commutateur d&rsquo;allumage"},"content":{"rendered":"<p>Ce c\u00e2ble permet de connecter la batterie de la voiture \u00e0 la radio afin que celle ci s&rsquo;allume lorsque le conducteur met le contact de la voiture.<\/p>\n<p>Necessite le kit\u00a0HLN9242<\/p>\n","protected":false},"excerpt":{"rendered":"<p>Ce c\u00e2ble permet de connecter la batterie de la voiture \u00e0 la radio afin que celle ci s&rsquo;allume lorsque le conducteur met le contact de la voiture.<\/p>\n<p>Compatible avec toutes les bases des s\u00e9ries DM, CM et GM<\/p>\n","protected":false},"featured_media":1407,"template":"","meta":[],"product_brand":[3074],"product_cat":[3088],"product_tag":[3232,3276,3282,3876,3504,3283],"class_list":{"0":"post-1410","1":"product","2":"type-product","3":"status-publish","4":"has-post-thumbnail","6":"product_brand-motorola","7":"product_cat-accessoires-pour-bases-ou-mobiles-motorola","8":"product_tag-base","9":"product_tag-cable","10":"product_tag-cm","11":"product_tag-commutateur-dallumage","12":"product_tag-dm","13":"product_tag-gm","15":"first","16":"instock","17":"shipping-taxable","18":"purchasable","19":"product-type-simple"},"_links":{"self":[{"href":"https:\/\/lebrascommunication.fr\/ventes\/wp-json\/wp\/v2\/product\/1410","targetHints":{"allow":["GET"]}}],"collection":[{"href":"https:\/\/lebrascommunication.fr\/ventes\/wp-json\/wp\/v2\/product"}],"about":[{"href":"https:\/\/lebrascommunication.fr\/ventes\/wp-json\/wp\/v2\/types\/product"}],"wp:featuredmedia":[{"embeddable":true,"href":"https:\/\/lebrascommunication.fr\/ventes\/wp-json\/wp\/v2\/media\/1407"}],"wp:attachment":[{"href":"https:\/\/lebrascommunication.fr\/ventes\/wp-json\/wp\/v2\/media?parent=1410"}],"wp:term":[{"taxonomy":"product_brand","embeddable":true,"href":"https:\/\/lebrascommunication.fr\/ventes\/wp-json\/wp\/v2\/product_brand?post=1410"},{"taxonomy":"product_cat","embeddable":true,"href":"https:\/\/lebrascommunication.fr\/ventes\/wp-json\/wp\/v2\/product_cat?post=1410"},{"taxonomy":"product_tag","embeddable":true,"href":"https:\/\/lebrascommunication.fr\/ventes\/wp-json\/wp\/v2\/product_tag?post=1410"}],"curies":[{"name":"wp","href":"https:\/\/api.w.org\/{rel}","templated":true}]}}