{"id":1399,"date":"2020-08-28T15:48:03","date_gmt":"2020-08-28T13:48:03","guid":{"rendered":"https:\/\/lebrascommunication.fr\/ventes\/produit\/cable-d-alimentation-12v-15a-6-metres\/"},"modified":"2026-01-27T09:47:37","modified_gmt":"2026-01-27T08:47:37","slug":"cable-d-alimentation-12v-15a-6-metres","status":"publish","type":"product","link":"https:\/\/lebrascommunication.fr\/ventes\/produit\/cable-d-alimentation-12v-15a-6-metres\/","title":{"rendered":"C\u00e2ble d&rsquo;alimentation 12V \/ 20A 6 m\u00e8tres"},"content":{"rendered":"<p>C\u00e2bles utilis\u00e9s pour connecter la batterie \u00e0 la radio.<\/p>\n<p><strong>Caract\u00e9ristiques:<\/strong><\/p>\n<ul>\n<li>Tension : 12 VDC<\/li>\n<li>Longueur : 6 m\u00e8tres<\/li>\n<li>Intensit\u00e9 maximale : 20 amp<\/li>\n<\/ul>\n","protected":false},"excerpt":{"rendered":"<p>C\u00e2ble d&rsquo;alimentation batterie 12 V (1 \u00e0 20 W) compatible avec toutes les bases des s\u00e9ries DM, CM et GM<\/p>\n","protected":false},"featured_media":1397,"template":"","meta":[],"product_brand":[3074],"product_cat":[3182,3183,3088],"product_tag":[3278,3758,3284,3285],"class_list":{"0":"post-1399","1":"product","2":"type-product","3":"status-publish","4":"has-post-thumbnail","6":"product_brand-motorola","7":"product_cat-dm1000-dm2000","8":"product_cat-dm4000","9":"product_cat-accessoires-pour-bases-ou-mobiles-motorola","10":"product_tag-base-mobile","11":"product_tag-cable-dalimentation","12":"product_tag-dm1000","13":"product_tag-dm2000","15":"first","16":"instock","17":"shipping-taxable","18":"purchasable","19":"product-type-simple"},"_links":{"self":[{"href":"https:\/\/lebrascommunication.fr\/ventes\/wp-json\/wp\/v2\/product\/1399","targetHints":{"allow":["GET"]}}],"collection":[{"href":"https:\/\/lebrascommunication.fr\/ventes\/wp-json\/wp\/v2\/product"}],"about":[{"href":"https:\/\/lebrascommunication.fr\/ventes\/wp-json\/wp\/v2\/types\/product"}],"wp:featuredmedia":[{"embeddable":true,"href":"https:\/\/lebrascommunication.fr\/ventes\/wp-json\/wp\/v2\/media\/1397"}],"wp:attachment":[{"href":"https:\/\/lebrascommunication.fr\/ventes\/wp-json\/wp\/v2\/media?parent=1399"}],"wp:term":[{"taxonomy":"product_brand","embeddable":true,"href":"https:\/\/lebrascommunication.fr\/ventes\/wp-json\/wp\/v2\/product_brand?post=1399"},{"taxonomy":"product_cat","embeddable":true,"href":"https:\/\/lebrascommunication.fr\/ventes\/wp-json\/wp\/v2\/product_cat?post=1399"},{"taxonomy":"product_tag","embeddable":true,"href":"https:\/\/lebrascommunication.fr\/ventes\/wp-json\/wp\/v2\/product_tag?post=1399"}],"curies":[{"name":"wp","href":"https:\/\/api.w.org\/{rel}","templated":true}]}}