{"id":1393,"date":"2020-08-28T14:12:54","date_gmt":"2020-08-28T12:12:54","guid":{"rendered":"https:\/\/lebrascommunication.fr\/ventes\/produit\/connexion-entre-systemes-trbonet\/"},"modified":"2026-02-20T11:34:27","modified_gmt":"2026-02-20T10:34:27","slug":"connexion-entre-systemes-trbonet","status":"publish","type":"product","link":"https:\/\/lebrascommunication.fr\/ventes\/produit\/connexion-entre-systemes-trbonet\/","title":{"rendered":"Connexion entre syst\u00e8mes Trbonet"},"content":{"rendered":"<p>Connexion entre diff\u00e9rents syst\u00e8mes Trbonet Enterprise.<\/p>\n<p>Cette licence\u00a0permet de connecter vos diff\u00e9rents syst\u00e8mes de supervision Trbonet afin d&rsquo;avoir une interface commune pour plus de r\u00e9activit\u00e9.<\/p>\n","protected":false},"excerpt":{"rendered":"<p>Connexion entre diff\u00e9rents syst\u00e8mes Trbonet Enterprise<\/p>\n","protected":false},"featured_media":1392,"template":"","meta":[],"product_brand":[3074],"product_cat":[3184],"product_tag":[3257,3617],"class_list":{"0":"post-1393","1":"product","2":"type-product","3":"status-publish","4":"has-post-thumbnail","6":"product_brand-motorola","7":"product_cat-slr1000","8":"product_tag-licence","9":"product_tag-trbonet-enterprise","11":"first","12":"instock","13":"shipping-taxable","14":"purchasable","15":"product-type-simple"},"_links":{"self":[{"href":"https:\/\/lebrascommunication.fr\/ventes\/wp-json\/wp\/v2\/product\/1393","targetHints":{"allow":["GET"]}}],"collection":[{"href":"https:\/\/lebrascommunication.fr\/ventes\/wp-json\/wp\/v2\/product"}],"about":[{"href":"https:\/\/lebrascommunication.fr\/ventes\/wp-json\/wp\/v2\/types\/product"}],"wp:featuredmedia":[{"embeddable":true,"href":"https:\/\/lebrascommunication.fr\/ventes\/wp-json\/wp\/v2\/media\/1392"}],"wp:attachment":[{"href":"https:\/\/lebrascommunication.fr\/ventes\/wp-json\/wp\/v2\/media?parent=1393"}],"wp:term":[{"taxonomy":"product_brand","embeddable":true,"href":"https:\/\/lebrascommunication.fr\/ventes\/wp-json\/wp\/v2\/product_brand?post=1393"},{"taxonomy":"product_cat","embeddable":true,"href":"https:\/\/lebrascommunication.fr\/ventes\/wp-json\/wp\/v2\/product_cat?post=1393"},{"taxonomy":"product_tag","embeddable":true,"href":"https:\/\/lebrascommunication.fr\/ventes\/wp-json\/wp\/v2\/product_tag?post=1393"}],"curies":[{"name":"wp","href":"https:\/\/api.w.org\/{rel}","templated":true}]}}