{"id":1381,"date":"2020-08-28T13:44:26","date_gmt":"2020-08-28T11:44:26","guid":{"rendered":"https:\/\/lebrascommunication.fr\/ventes\/produit\/connexion-base-radio-supplementaire\/"},"modified":"2026-02-20T10:36:08","modified_gmt":"2026-02-20T09:36:08","slug":"connexion-base-radio-supplementaire","status":"publish","type":"product","link":"https:\/\/lebrascommunication.fr\/ventes\/produit\/connexion-base-radio-supplementaire\/","title":{"rendered":"Connexion base radio suppl\u00e9mentaire"},"content":{"rendered":"<p>Connexion \u00e0 une base radio suppl\u00e9mentaire ou \u00e0 une passerelle swift IP.<\/p>\n<p>Cette licence ajoute une connexion\u00a0\u00e0 une\u00a0nouvelle base radio motorola, ou \u00e0 une passerelle swift IP\u00a0sur logiciel Trbonet Enterprise. Vous pouvez connecter un\u00a0nouveau canal\u00a0afin de r\u00e9cup\u00e9rer les donn\u00e9es de vos radios (localisation, alarmes, \u00e9tat&#8230;), ainsi que la possibilit\u00e9 de communiquer avec ce canal.<\/p>\n<p>La passerelle swift IP vous permet de connecter un relais ou une base radio d&rsquo;une autre marque afin d&rsquo;avoir l&rsquo;acc\u00e8s au canal depuis votre ordinateur.<\/p>\n","protected":false},"excerpt":{"rendered":"<p>Connexion \u00e0 une base radio suppl\u00e9mentaire ou passerelle swift IP<\/p>\n","protected":false},"featured_media":1380,"template":"","meta":[],"product_brand":[3074],"product_cat":[3184],"product_tag":[3257,3259,3560,3950],"class_list":{"0":"post-1381","1":"product","2":"type-product","3":"status-publish","4":"has-post-thumbnail","6":"product_brand-motorola","7":"product_cat-slr1000","8":"product_tag-licence","9":"product_tag-motorola","10":"product_tag-radio","11":"product_tag-swift-ip","13":"first","14":"instock","15":"shipping-taxable","16":"purchasable","17":"product-type-simple"},"_links":{"self":[{"href":"https:\/\/lebrascommunication.fr\/ventes\/wp-json\/wp\/v2\/product\/1381","targetHints":{"allow":["GET"]}}],"collection":[{"href":"https:\/\/lebrascommunication.fr\/ventes\/wp-json\/wp\/v2\/product"}],"about":[{"href":"https:\/\/lebrascommunication.fr\/ventes\/wp-json\/wp\/v2\/types\/product"}],"wp:featuredmedia":[{"embeddable":true,"href":"https:\/\/lebrascommunication.fr\/ventes\/wp-json\/wp\/v2\/media\/1380"}],"wp:attachment":[{"href":"https:\/\/lebrascommunication.fr\/ventes\/wp-json\/wp\/v2\/media?parent=1381"}],"wp:term":[{"taxonomy":"product_brand","embeddable":true,"href":"https:\/\/lebrascommunication.fr\/ventes\/wp-json\/wp\/v2\/product_brand?post=1381"},{"taxonomy":"product_cat","embeddable":true,"href":"https:\/\/lebrascommunication.fr\/ventes\/wp-json\/wp\/v2\/product_cat?post=1381"},{"taxonomy":"product_tag","embeddable":true,"href":"https:\/\/lebrascommunication.fr\/ventes\/wp-json\/wp\/v2\/product_tag?post=1381"}],"curies":[{"name":"wp","href":"https:\/\/api.w.org\/{rel}","templated":true}]}}