{"id":1368,"date":"2020-08-28T11:57:38","date_gmt":"2020-08-28T09:57:38","guid":{"rendered":"https:\/\/lebrascommunication.fr\/ventes\/produit\/licence-dispatcheur-supplementaire-3-ou-8-unites\/"},"modified":"2026-02-19T14:53:24","modified_gmt":"2026-02-19T13:53:24","slug":"licence-dispatcheur-supplementaire-3-ou-8-unites","status":"publish","type":"product","link":"https:\/\/lebrascommunication.fr\/ventes\/produit\/licence-dispatcheur-supplementaire-3-ou-8-unites\/","title":{"rendered":"Licence dispatcheur suppl\u00e9mentaire, 3 ou 8 unit\u00e9s"},"content":{"rendered":"<p>Licence\u00a0dispatcheur suppl\u00e9mentaire pour\u00a03 \u00e0 8 unit\u00e9s command\u00e9es.<\/p>\n<p>Cette licence ajoute une connexion\u00a0\u00e0 un nouveau dispatcheur au logiciel Trbonet Enterprise. Vous pouvez connecter un nouvel ordinateur au serveur afin de r\u00e9cup\u00e9rer les donn\u00e9es de vos radios (localisation, alarmes, \u00e9tat&#8230;), ainsi que la possibilit\u00e9 de communiquer avec tous vos canaux.<\/p>\n","protected":false},"excerpt":{"rendered":"<p>Licence\u00a0dispatcheur\u00a0suppl\u00e9mentaire\u00a0pour\u00a03 \u00e0 8 unit\u00e9s<\/p>\n","protected":false},"featured_media":1367,"template":"","meta":[],"product_brand":[3074],"product_cat":[3163],"product_tag":[3615,3257,3259],"class_list":{"0":"post-1368","1":"product","2":"type-product","3":"status-publish","4":"has-post-thumbnail","6":"product_brand-motorola","7":"product_cat-accessoires-talkies-motorola","8":"product_tag-dispatcheur","9":"product_tag-licence","10":"product_tag-motorola","12":"first","13":"instock","14":"shipping-taxable","15":"purchasable","16":"product-type-simple"},"_links":{"self":[{"href":"https:\/\/lebrascommunication.fr\/ventes\/wp-json\/wp\/v2\/product\/1368","targetHints":{"allow":["GET"]}}],"collection":[{"href":"https:\/\/lebrascommunication.fr\/ventes\/wp-json\/wp\/v2\/product"}],"about":[{"href":"https:\/\/lebrascommunication.fr\/ventes\/wp-json\/wp\/v2\/types\/product"}],"wp:featuredmedia":[{"embeddable":true,"href":"https:\/\/lebrascommunication.fr\/ventes\/wp-json\/wp\/v2\/media\/1367"}],"wp:attachment":[{"href":"https:\/\/lebrascommunication.fr\/ventes\/wp-json\/wp\/v2\/media?parent=1368"}],"wp:term":[{"taxonomy":"product_brand","embeddable":true,"href":"https:\/\/lebrascommunication.fr\/ventes\/wp-json\/wp\/v2\/product_brand?post=1368"},{"taxonomy":"product_cat","embeddable":true,"href":"https:\/\/lebrascommunication.fr\/ventes\/wp-json\/wp\/v2\/product_cat?post=1368"},{"taxonomy":"product_tag","embeddable":true,"href":"https:\/\/lebrascommunication.fr\/ventes\/wp-json\/wp\/v2\/product_tag?post=1368"}],"curies":[{"name":"wp","href":"https:\/\/api.w.org\/{rel}","templated":true}]}}