{"id":1357,"date":"2020-08-28T10:43:45","date_gmt":"2020-08-28T08:43:45","guid":{"rendered":"https:\/\/lebrascommunication.fr\/ventes\/produit\/licence-radio-supplementaire-plus-500-unites\/"},"modified":"2026-04-17T11:24:19","modified_gmt":"2026-04-17T09:24:19","slug":"licence-radio-supplementaire-plus-500-unites","status":"publish","type":"product","link":"https:\/\/lebrascommunication.fr\/ventes\/produit\/licence-radio-supplementaire-plus-500-unites\/","title":{"rendered":"Licence radio suppl\u00e9mentaire, plus 500 unit\u00e9s"},"content":{"rendered":"<p>Licence radio suppl\u00e9mentaire pour\u00a0plus 500 unit\u00e9s command\u00e9es.<\/p>\n<p>Cette licence ajoute une connexion radio au logiciel Trbonet Enterprise.<\/p>\n","protected":false},"excerpt":{"rendered":"<p>Licence radio suppl\u00e9mentaire\u00a0pour plus de 500 unit\u00e9s<\/p>\n","protected":false},"featured_media":1355,"template":"","meta":[],"product_brand":[3074],"product_cat":[3163],"product_tag":[3643,3257,3560],"class_list":{"0":"post-1357","1":"product","2":"type-product","3":"status-publish","4":"has-post-thumbnail","6":"product_brand-motorola","7":"product_cat-accessoires-talkies-motorola","8":"product_tag-500-unites","9":"product_tag-licence","10":"product_tag-radio","12":"first","13":"instock","14":"shipping-taxable","15":"purchasable","16":"product-type-simple"},"_links":{"self":[{"href":"https:\/\/lebrascommunication.fr\/ventes\/wp-json\/wp\/v2\/product\/1357","targetHints":{"allow":["GET"]}}],"collection":[{"href":"https:\/\/lebrascommunication.fr\/ventes\/wp-json\/wp\/v2\/product"}],"about":[{"href":"https:\/\/lebrascommunication.fr\/ventes\/wp-json\/wp\/v2\/types\/product"}],"wp:featuredmedia":[{"embeddable":true,"href":"https:\/\/lebrascommunication.fr\/ventes\/wp-json\/wp\/v2\/media\/1355"}],"wp:attachment":[{"href":"https:\/\/lebrascommunication.fr\/ventes\/wp-json\/wp\/v2\/media?parent=1357"}],"wp:term":[{"taxonomy":"product_brand","embeddable":true,"href":"https:\/\/lebrascommunication.fr\/ventes\/wp-json\/wp\/v2\/product_brand?post=1357"},{"taxonomy":"product_cat","embeddable":true,"href":"https:\/\/lebrascommunication.fr\/ventes\/wp-json\/wp\/v2\/product_cat?post=1357"},{"taxonomy":"product_tag","embeddable":true,"href":"https:\/\/lebrascommunication.fr\/ventes\/wp-json\/wp\/v2\/product_tag?post=1357"}],"curies":[{"name":"wp","href":"https:\/\/api.w.org\/{rel}","templated":true}]}}