{"id":1345,"date":"2020-08-28T09:59:29","date_gmt":"2020-08-28T07:59:29","guid":{"rendered":"https:\/\/lebrascommunication.fr\/ventes\/produit\/licence-radio-supplementaire-1-a-200-unites\/"},"modified":"2026-04-17T11:08:56","modified_gmt":"2026-04-17T09:08:56","slug":"licence-radio-supplementaire-1-a-200-unites","status":"publish","type":"product","link":"https:\/\/lebrascommunication.fr\/ventes\/produit\/licence-radio-supplementaire-1-a-200-unites\/","title":{"rendered":"Licence radio suppl\u00e9mentaire 1 \u00e0 200 unit\u00e9s"},"content":{"rendered":"<p>Licence radio suppl\u00e9mentaire pour 1 \u00e0 200 unit\u00e9s command\u00e9es.<\/p>\n<p>Cette licence ajoute une connexion radio au logiciel Trbonet Enterprise.<\/p>\n","protected":false},"excerpt":{"rendered":"<p>Licence radio suppl\u00e9mentaire\u00a01 \u00e0 200 unit\u00e9s<\/p>\n","protected":false},"featured_media":1344,"template":"","meta":[],"product_brand":[3074],"product_cat":[3163],"product_tag":[3257,3560],"class_list":{"0":"post-1345","1":"product","2":"type-product","3":"status-publish","4":"has-post-thumbnail","6":"product_brand-motorola","7":"product_cat-accessoires-talkies-motorola","8":"product_tag-licence","9":"product_tag-radio","11":"first","12":"instock","13":"shipping-taxable","14":"purchasable","15":"product-type-simple"},"_links":{"self":[{"href":"https:\/\/lebrascommunication.fr\/ventes\/wp-json\/wp\/v2\/product\/1345","targetHints":{"allow":["GET"]}}],"collection":[{"href":"https:\/\/lebrascommunication.fr\/ventes\/wp-json\/wp\/v2\/product"}],"about":[{"href":"https:\/\/lebrascommunication.fr\/ventes\/wp-json\/wp\/v2\/types\/product"}],"wp:featuredmedia":[{"embeddable":true,"href":"https:\/\/lebrascommunication.fr\/ventes\/wp-json\/wp\/v2\/media\/1344"}],"wp:attachment":[{"href":"https:\/\/lebrascommunication.fr\/ventes\/wp-json\/wp\/v2\/media?parent=1345"}],"wp:term":[{"taxonomy":"product_brand","embeddable":true,"href":"https:\/\/lebrascommunication.fr\/ventes\/wp-json\/wp\/v2\/product_brand?post=1345"},{"taxonomy":"product_cat","embeddable":true,"href":"https:\/\/lebrascommunication.fr\/ventes\/wp-json\/wp\/v2\/product_cat?post=1345"},{"taxonomy":"product_tag","embeddable":true,"href":"https:\/\/lebrascommunication.fr\/ventes\/wp-json\/wp\/v2\/product_tag?post=1345"}],"curies":[{"name":"wp","href":"https:\/\/api.w.org\/{rel}","templated":true}]}}