{"id":1339,"date":"2019-04-29T13:29:46","date_gmt":"2019-04-29T11:29:46","guid":{"rendered":"https:\/\/lebrascommunication.fr\/ventes\/produit\/micro-deporte-sans-fil-de-remplacement\/"},"modified":"2025-12-23T10:37:09","modified_gmt":"2025-12-23T09:37:09","slug":"micro-deporte-sans-fil-de-remplacement","status":"publish","type":"product","link":"https:\/\/lebrascommunication.fr\/ventes\/produit\/micro-deporte-sans-fil-de-remplacement\/","title":{"rendered":"Micro d\u00e9port\u00e9 sans fil de remplacement"},"content":{"rendered":"<p>Micro d\u00e9port\u00e9\u00a0sans fil de\u00a0remplacement, compatible avec les mod\u00e8les Bluetooth (DP4001, DP3441, DP3661, SL4000, ainsi que les versions \u00ab\u00a0e\u00a0\u00bb)<\/p>\n<p>Port\u00e9e : 10m<\/p>\n<p>Dimensions: 88 x 26 x 63 mm<\/p>\n<p>Poids\u00a0: 158g<\/p>\n<p>Temp\u00e9ratures support\u00e9es\u00a0: -10 to +60 \u00b0C<\/p>\n<p>IP55<\/p>\n<p>Autonomie\u00a0(5\/5\/90): 28 hours<\/p>\n<p>Autonomie\u00a0(5\/35\/60): 13 hours<\/p>\n<p>Micro oreillettes compatibles\u00a0: <a href=\"http:\/\/lbc-systems.com\/micro-deportes-dp1400-cp-p100\/376-oreillette-mousse-pour-serie-dp.html\">MDRLN4885<\/a>\u00a0(\u00e9couteurs avec fonction de r\u00e9ception uniquement), \u00a0<a href=\"http:\/\/lbc-systems.com\/micro-deportes-dp1400-cp-p100\/1120-oreillette-pour-micro-deporte.html\">PMLN7560<\/a>\u00a0(\u00e9couteur Voice Tube compatible avec r\u00e9ception uniquement)<\/p>\n<p><strong>ATTENTION : Ceci est mod\u00e8le de remplacement, la batterie et le clip ne sont pas compris<\/strong><\/p>\n<p><b>Si vous ne\u00a0poss\u00e9dez pas de kit d&rsquo;origine, merci de vous orienter vers ce kit complet\u00a0avec batterie (<a href=\"http:\/\/lbc-systems.com\/micro-deportes-dp2000-dp3441-dp3661\/1411-kit-micro-deporte-sans-fil.html\">GMLN5503<\/a><b>) ou vers ce kit fonctionnant avec des piles (<a href=\"http:\/\/lbc-systems.com\/micro-deportes-dp2000-dp3441-dp3661\/1412-micro-deporte-sans-fil.html\">MDRLN6561<\/a><b>)<\/b><\/b><\/b><\/p>\n","protected":false},"excerpt":{"rendered":"<p>Micro d\u00e9port\u00e9\u00a0sans fil compatible avec les mod\u00e8les Bluetooth (DP4001, DP3441, DP3661, SL4000, ainsi que les versions \u00ab\u00a0e\u00a0\u00bb)<\/p>\n<p><strong>ATTENTION : Ceci est mod\u00e8le de remplacement, la batterie et le clip ne sont pas compris<\/strong><\/p>\n","protected":false},"featured_media":1338,"template":"","meta":[],"product_brand":[3074],"product_cat":[3177,3179,3163,3181],"product_tag":[3174,3193,3345,3241,3370,3220],"class_list":{"0":"post-1339","1":"product","2":"type-product","3":"status-publish","4":"has-post-thumbnail","6":"product_brand-motorola","7":"product_cat-r5-dp2000e","8":"product_cat-dp3000e","9":"product_cat-accessoires-talkies-motorola","10":"product_cat-sl-tlk","11":"product_tag-dp3441","12":"product_tag-dp3661","13":"product_tag-dp4001","14":"product_tag-micro-deporte","15":"product_tag-sans-fil","16":"product_tag-sl4000","18":"first","19":"instock","20":"shipping-taxable","21":"purchasable","22":"product-type-simple"},"_links":{"self":[{"href":"https:\/\/lebrascommunication.fr\/ventes\/wp-json\/wp\/v2\/product\/1339","targetHints":{"allow":["GET"]}}],"collection":[{"href":"https:\/\/lebrascommunication.fr\/ventes\/wp-json\/wp\/v2\/product"}],"about":[{"href":"https:\/\/lebrascommunication.fr\/ventes\/wp-json\/wp\/v2\/types\/product"}],"wp:featuredmedia":[{"embeddable":true,"href":"https:\/\/lebrascommunication.fr\/ventes\/wp-json\/wp\/v2\/media\/1338"}],"wp:attachment":[{"href":"https:\/\/lebrascommunication.fr\/ventes\/wp-json\/wp\/v2\/media?parent=1339"}],"wp:term":[{"taxonomy":"product_brand","embeddable":true,"href":"https:\/\/lebrascommunication.fr\/ventes\/wp-json\/wp\/v2\/product_brand?post=1339"},{"taxonomy":"product_cat","embeddable":true,"href":"https:\/\/lebrascommunication.fr\/ventes\/wp-json\/wp\/v2\/product_cat?post=1339"},{"taxonomy":"product_tag","embeddable":true,"href":"https:\/\/lebrascommunication.fr\/ventes\/wp-json\/wp\/v2\/product_tag?post=1339"}],"curies":[{"name":"wp","href":"https:\/\/api.w.org\/{rel}","templated":true}]}}