{"id":1324,"date":"2019-04-29T11:56:23","date_gmt":"2019-04-29T09:56:23","guid":{"rendered":"https:\/\/lebrascommunication.fr\/ventes\/produit\/micro-oreillette-bluetooth\/"},"modified":"2025-12-24T10:46:12","modified_gmt":"2025-12-24T09:46:12","slug":"micro-oreillette-bluetooth","status":"publish","type":"product","link":"https:\/\/lebrascommunication.fr\/ventes\/produit\/micro-oreillette-bluetooth\/","title":{"rendered":"Micro-oreillette Bluetooth"},"content":{"rendered":"<p>Micro-oreillette Bluetooth avec PTT<\/p>\n<ul>\n<li>Kit complet avec c\u00e2ble de chargement micro-USB<\/li>\n<li>BT4.2LE et message vocal avec indication par LED<\/li>\n<li>PTT rapide<\/li>\n<li>Poids: 23g<\/li>\n<li>Dimensions: 107 mm (L) x 72 mm (H) x 26 mm (P)<\/li>\n<li>Source d&rsquo;alimentation: batterie interne<\/li>\n<li>Temps de conversation (typique, 5\/5\/90): 8h<\/li>\n<li>Temps de veille: 70 heures (mode LTE);\u00a035 heures (mode LMR)<\/li>\n<li>Temps de charge: 2 heures<\/li>\n<li>Type de microphone: Omnidirectionnel<\/li>\n<li>VOX: non<\/li>\n<li>R\u00e9duction du bruit: oui<\/li>\n<li>Commandes: bouton multifonction, augmentation \/ diminution du volume et PTT<\/li>\n<li>Norme de s\u00e9curit\u00e9 intrins\u00e8que: Non<\/li>\n<\/ul>\n<p>Il est possible de remplacer l&rsquo;oreillette interne, il existe 2 tailles : <a href=\"http:\/\/lbc-systems.com\/micro-oreillettes-dp3441-dp3661\/1427-petites-oreillettes-de-rechange.html\">petite\u00a0(<\/a><a href=\"http:\/\/lbc-systems.com\/micro-oreillettes-dp3441-dp3661\/1427-petites-oreillettes-de-rechange.html\">PMLN7940)<\/a>\u00a0ou\u00a0<a href=\"http:\/\/lbc-systems.com\/micro-oreillettes-dp3441-dp3661\/1429-grandes-oreillettes-de-rechange.html\">grande\u00a0(PMLN7941)<\/a><\/p>\n<p>Compatibilit\u00e9s : , ainsi que les versions \u00ab\u00a0e\u00a0\u00bb<\/p>\n","protected":false},"excerpt":{"rendered":"<p>Micro-oreillette Bluetooth avec PTT<\/p>\n<p>Compatibilit\u00e9s :\u00a0DP4001, DP3441, DP3661, SL2600, SL4000, ainsi que les versions \u00ab\u00a0e\u00a0\u00bb<\/p>\n<p>Il est possible de remplacer l&rsquo;oreillette interne, il existe 2 tailles :\u00a0<a href=\"http:\/\/lbc-systems.com\/micro-oreillettes-dp3441-dp3661\/1427-petites-oreillettes-de-rechange.html\">petite\u00a0(<\/a><a href=\"http:\/\/lbc-systems.com\/micro-oreillettes-dp3441-dp3661\/1427-petites-oreillettes-de-rechange.html\">PMLN7940)<\/a>\u00a0ou\u00a0<a href=\"http:\/\/lbc-systems.com\/micro-oreillettes-dp3441-dp3661\/1429-grandes-oreillettes-de-rechange.html\">grande\u00a0(PMLN7941)<\/a><\/p>\n","protected":false},"featured_media":1315,"template":"","meta":[],"product_brand":[3074],"product_cat":[3163],"product_tag":[3279,3174,3249,3193,3250,3345,3358,3334,3224,3220],"class_list":{"0":"post-1324","1":"product","2":"type-product","3":"status-publish","4":"has-post-thumbnail","6":"product_brand-motorola","7":"product_cat-accessoires-talkies-motorola","8":"product_tag-bluetooth","9":"product_tag-dp3441","10":"product_tag-dp3441e","11":"product_tag-dp3661","12":"product_tag-dp3661e","13":"product_tag-dp4001","14":"product_tag-kit","15":"product_tag-micro-oreillette","16":"product_tag-sl2600","17":"product_tag-sl4000","19":"first","20":"instock","21":"shipping-taxable","22":"purchasable","23":"product-type-simple"},"_links":{"self":[{"href":"https:\/\/lebrascommunication.fr\/ventes\/wp-json\/wp\/v2\/product\/1324","targetHints":{"allow":["GET"]}}],"collection":[{"href":"https:\/\/lebrascommunication.fr\/ventes\/wp-json\/wp\/v2\/product"}],"about":[{"href":"https:\/\/lebrascommunication.fr\/ventes\/wp-json\/wp\/v2\/types\/product"}],"wp:featuredmedia":[{"embeddable":true,"href":"https:\/\/lebrascommunication.fr\/ventes\/wp-json\/wp\/v2\/media\/1315"}],"wp:attachment":[{"href":"https:\/\/lebrascommunication.fr\/ventes\/wp-json\/wp\/v2\/media?parent=1324"}],"wp:term":[{"taxonomy":"product_brand","embeddable":true,"href":"https:\/\/lebrascommunication.fr\/ventes\/wp-json\/wp\/v2\/product_brand?post=1324"},{"taxonomy":"product_cat","embeddable":true,"href":"https:\/\/lebrascommunication.fr\/ventes\/wp-json\/wp\/v2\/product_cat?post=1324"},{"taxonomy":"product_tag","embeddable":true,"href":"https:\/\/lebrascommunication.fr\/ventes\/wp-json\/wp\/v2\/product_tag?post=1324"}],"curies":[{"name":"wp","href":"https:\/\/api.w.org\/{rel}","templated":true}]}}