{"id":132,"date":"2016-02-15T17:27:40","date_gmt":"2016-02-15T16:27:40","guid":{"rendered":"https:\/\/lebrascommunication.fr\/ventes\/produit\/micro-casque-ultra-leger\/"},"modified":"2026-01-23T09:36:29","modified_gmt":"2026-01-23T08:36:29","slug":"micro-casque-ultra-leger","status":"publish","type":"product","link":"https:\/\/lebrascommunication.fr\/ventes\/produit\/micro-casque-ultra-leger\/","title":{"rendered":"Micro casque ultra l\u00e9ger"},"content":{"rendered":"<p>Micro casque ultra l\u00e9ger pour series DP3000, DP4000.<\/p>\n<p><strong>Caract\u00e9ristiques :<\/strong><\/p>\n<ul>\n<li>Utilisation : Re\u00e7oit et transmet<\/li>\n<li>Alternat (Push To Talk) :\u00a0en ligne<\/li>\n<li>D\u00e9clenchement par la voix (VOX) : oui<\/li>\n<li>Micro : oui<\/li>\n<li>Nombre de fils : 1<\/li>\n<li>Couleur : Noir<\/li>\n<li>Type d&rsquo;\u00e9couteur :\u00a01 oreille contour r\u00e9glable<\/li>\n<li>Standard de s\u00e9curit\u00e9 intrins\u00e8que : non<\/li>\n<\/ul>\n","protected":false},"excerpt":{"rendered":"<p>Micro casque ultra l\u00e9ger pour series DP3000, DP4000<\/p>\n","protected":false},"featured_media":3741,"template":"","meta":[],"product_brand":[3074],"product_cat":[3179,3163],"product_tag":[3192,3225,3721,3254],"class_list":{"0":"post-132","1":"product","2":"type-product","3":"status-publish","4":"has-post-thumbnail","6":"product_brand-motorola","7":"product_cat-dp3000e","8":"product_cat-accessoires-talkies-motorola","9":"product_tag-dp3000","10":"product_tag-dp4000","11":"product_tag-micro-casque-ultra-leger","12":"product_tag-micro-casque","14":"first","15":"instock","16":"shipping-taxable","17":"purchasable","18":"product-type-simple"},"_links":{"self":[{"href":"https:\/\/lebrascommunication.fr\/ventes\/wp-json\/wp\/v2\/product\/132","targetHints":{"allow":["GET"]}}],"collection":[{"href":"https:\/\/lebrascommunication.fr\/ventes\/wp-json\/wp\/v2\/product"}],"about":[{"href":"https:\/\/lebrascommunication.fr\/ventes\/wp-json\/wp\/v2\/types\/product"}],"wp:featuredmedia":[{"embeddable":true,"href":"https:\/\/lebrascommunication.fr\/ventes\/wp-json\/wp\/v2\/media\/3741"}],"wp:attachment":[{"href":"https:\/\/lebrascommunication.fr\/ventes\/wp-json\/wp\/v2\/media?parent=132"}],"wp:term":[{"taxonomy":"product_brand","embeddable":true,"href":"https:\/\/lebrascommunication.fr\/ventes\/wp-json\/wp\/v2\/product_brand?post=132"},{"taxonomy":"product_cat","embeddable":true,"href":"https:\/\/lebrascommunication.fr\/ventes\/wp-json\/wp\/v2\/product_cat?post=132"},{"taxonomy":"product_tag","embeddable":true,"href":"https:\/\/lebrascommunication.fr\/ventes\/wp-json\/wp\/v2\/product_tag?post=132"}],"curies":[{"name":"wp","href":"https:\/\/api.w.org\/{rel}","templated":true}]}}